{"id":14207,"date":"2020-12-08T14:27:37","date_gmt":"2020-12-08T18:27:37","guid":{"rendered":"https:\/\/www.lirapopular.cl\/lirapopularxix\/?page_id=14207"},"modified":"2020-12-08T14:27:37","modified_gmt":"2020-12-08T18:27:37","slug":"un-homenaje-al-nino-adivino","status":"publish","type":"page","link":"https:\/\/www.lirapopular.cl\/lirapopularxix\/un-homenaje-al-nino-adivino\/","title":{"rendered":"UN HOMENAJE <br>al ni\u00f1o adivino de Cabildo Davicito Gonzalez, por los prodijios que est\u00e1 haciendo con los enfermos"},"content":{"rendered":"\n<div class=\"wp-block-image\"><figure class=\"alignright size-medium\"><a href=\"https:\/\/www.lirapopular.cl\/lirapopularxix\/wp-content\/uploads\/2020\/12\/LO0012354.jpg\"><img decoding=\"async\" src=\"https:\/\/www.lirapopular.cl\/lirapopularxix\/wp-content\/uploads\/2020\/12\/LO0012354-300x199.jpg\" alt=\"\" class=\"wp-image-14208\"\/><\/a><figcaption>Archivo de Literatura Oral<br>Colecci\u00f3n Alamiro de \u00c1vila<\/figcaption><\/figure><\/div>\n\n\n\n<p>Autor: Daniel Meneses. Poeta nacional chileno. Cerro Array\u00e1n N\u00ba 126<br>Impresor: Imp. G. Weidmann, Valp.<br>Tama\u00f1o: 54 x 39 cm<br>Clasificaci\u00f3n: BN C\u00f3digo:\u00a0LO0012354<\/p>\n\n\n\n<ul class=\"wp-block-list\"><li><a href=\"https:\/\/www.lirapopular.cl\/lirapopularxix\/2020\/12\/08\/el-portentodedavicito-gonzalez\/\">El portento de Davicito Gonz\u00e1lez<\/a><\/li><li><a href=\"https:\/\/www.lirapopular.cl\/lirapopularxix\/2020\/12\/08\/las-opiniones-de-un-hombre\/\">Las opiniones de un hombre de ciencia sobre las curaciones que hace Davicito Gonz\u00e1lez<\/a><\/li><li><a href=\"https:\/\/www.lirapopular.cl\/lirapopularxix\/2020\/12\/08\/decimasa-lo-divino\/\">D\u00e9cimas a lo divino<\/a><\/li><li><a href=\"https:\/\/www.lirapopular.cl\/lirapopularxix\/2020\/12\/08\/contrapuntode-el-diablo-con-el-padre-eterno\/\">Contrapunto de el Diablo con el Padre Eterno por haberlo arrojado del cielo<\/a><\/li><li><a href=\"https:\/\/www.lirapopular.cl\/lirapopularxix\/2020\/12\/08\/horroroso-asesinatoun-anciano-muerto-a-hachazosy-otro-a-bala\/\">Horroroso asesinato. Un anciano muerto a hachazos y otro a bala<\/a><\/li><\/ul>\n\n\n\n<p>Nota: Este ejemplar tiene escrito a mano con l\u00e1piz azul \u201c11\u201d, con un plum\u00f3n &#8220;27&#8221; y por el reverso &#8220;150&#8221;.<br>Documento optimizado digitalmente.<\/p>\n","protected":false},"excerpt":{"rendered":"<p>Autor: Daniel Meneses. Poeta nacional chileno. Cerro Array\u00e1n N\u00ba 126Impresor: Imp. G. Weidmann, Valp.Tama\u00f1o: 54 x 39 cmClasificaci\u00f3n: BN C\u00f3digo:\u00a0LO0012354 El portento de Davicito Gonz\u00e1lez Las opiniones de un hombre de ciencia sobre las curaciones que hace Davicito Gonz\u00e1lez D\u00e9cimas a lo divino Contrapunto de el Diablo con el Padre Eterno por haberlo arrojado del [&hellip;]<\/p>\n","protected":false},"author":1,"featured_media":0,"parent":0,"menu_order":0,"comment_status":"closed","ping_status":"closed","template":"","meta":{"footnotes":""},"class_list":["post-14207","page","type-page","status-publish","hentry"],"jetpack_sharing_enabled":true,"_links":{"self":[{"href":"https:\/\/www.lirapopular.cl\/lirapopularxix\/wp-json\/wp\/v2\/pages\/14207","targetHints":{"allow":["GET"]}}],"collection":[{"href":"https:\/\/www.lirapopular.cl\/lirapopularxix\/wp-json\/wp\/v2\/pages"}],"about":[{"href":"https:\/\/www.lirapopular.cl\/lirapopularxix\/wp-json\/wp\/v2\/types\/page"}],"author":[{"embeddable":true,"href":"https:\/\/www.lirapopular.cl\/lirapopularxix\/wp-json\/wp\/v2\/users\/1"}],"replies":[{"embeddable":true,"href":"https:\/\/www.lirapopular.cl\/lirapopularxix\/wp-json\/wp\/v2\/comments?post=14207"}],"version-history":[{"count":0,"href":"https:\/\/www.lirapopular.cl\/lirapopularxix\/wp-json\/wp\/v2\/pages\/14207\/revisions"}],"wp:attachment":[{"href":"https:\/\/www.lirapopular.cl\/lirapopularxix\/wp-json\/wp\/v2\/media?parent=14207"}],"curies":[{"name":"wp","href":"https:\/\/api.w.org\/{rel}","templated":true}]}}