{"id":14190,"date":"2020-12-08T11:32:04","date_gmt":"2020-12-08T15:32:04","guid":{"rendered":"https:\/\/www.lirapopular.cl\/lirapopularxix\/?page_id=14190"},"modified":"2020-12-08T11:32:04","modified_gmt":"2020-12-08T15:32:04","slug":"un-chileno-condenado-a-muerte","status":"publish","type":"page","link":"https:\/\/www.lirapopular.cl\/lirapopularxix\/un-chileno-condenado-a-muerte\/","title":{"rendered":"UN CHILENO CONDENADO A MUERTE<br>en Buenos Aires por haber dado muerte a la esposa a golpes con un martillo"},"content":{"rendered":"\n<div class=\"wp-block-image\"><figure class=\"alignright size-medium\"><a href=\"https:\/\/www.lirapopular.cl\/lirapopularxix\/wp-content\/uploads\/2020\/12\/LO0012369.jpg\"><img loading=\"lazy\" decoding=\"async\" width=\"300\" height=\"201\" src=\"https:\/\/www.lirapopular.cl\/lirapopularxix\/wp-content\/uploads\/2020\/12\/LO0012369-300x201.jpg\" alt=\"\" class=\"wp-image-14191\" srcset=\"https:\/\/www.lirapopular.cl\/lirapopularxix\/wp-content\/uploads\/2020\/12\/LO0012369-300x201.jpg 300w, https:\/\/www.lirapopular.cl\/lirapopularxix\/wp-content\/uploads\/2020\/12\/LO0012369-768x515.jpg 768w, https:\/\/www.lirapopular.cl\/lirapopularxix\/wp-content\/uploads\/2020\/12\/LO0012369.jpg 1000w\" sizes=\"auto, (max-width: 300px) 100vw, 300px\" \/><\/a><figcaption>Archivo de Literatura Oral<br>Colecci\u00f3n Alamiro de \u00c1vila<\/figcaption><\/figure><\/div>\n\n\n\n<p>Autor: Daniel Meneses. Poeta nacional chileno. Quebrada de M\u00e1rquez N\u00ba 57<br>Impresor: Sin informaci\u00f3n<br>Tama\u00f1o: 55 x 38\u00a0 cm<br>Clasificaci\u00f3n: BN C\u00f3digo:\u00a0LO0012369<\/p>\n\n\n\n<ul class=\"wp-block-list\"><li><a href=\"https:\/\/www.lirapopular.cl\/lirapopularxix\/2020\/12\/08\/versos-de-literatura-41\/\">Versos de literatura<\/a><\/li><li><a href=\"https:\/\/www.lirapopular.cl\/lirapopularxix\/2020\/12\/08\/versos-de-amor-16\/\">Versos de amor<\/a><\/li><li><a href=\"https:\/\/www.lirapopular.cl\/lirapopularxix\/2020\/12\/08\/estrivillo-de-lo-que-lepaso-a-vila-2\/\">Estribillo de lo que le pas\u00f3 a Vila<\/a><\/li><li><a href=\"https:\/\/www.lirapopular.cl\/lirapopularxix\/2020\/12\/08\/un-chileno-condenado-a-muerte\/\">Un chileno condenado a muerte en Buenos Aires por haber dado muerte a la esposa a golpes con un martillo<\/a><\/li><li><a href=\"https:\/\/www.lirapopular.cl\/lirapopularxix\/2020\/12\/08\/dialogo-entre-don-jerman-riesco\/\">Di\u00e1logo entre don Germ\u00e1n Riesco y el rotito del norte tocante a los due\u00f1os de salitreras de Tarapac\u00e1<\/a><\/li><\/ul>\n\n\n\n<p>Nota: Este ejemplar tiene escrito a mano con plum\u00f3n \u201c42\u201d, por el reverso &#8220;217&#8221;.<br>Documento optimizado digitalmente.<\/p>\n","protected":false},"excerpt":{"rendered":"<p>Autor: Daniel Meneses. Poeta nacional chileno. Quebrada de M\u00e1rquez N\u00ba 57Impresor: Sin informaci\u00f3nTama\u00f1o: 55 x 38\u00a0 cmClasificaci\u00f3n: BN C\u00f3digo:\u00a0LO0012369 Versos de literatura Versos de amor Estribillo de lo que le pas\u00f3 a Vila Un chileno condenado a muerte en Buenos Aires por haber dado muerte a la esposa a golpes con un martillo Di\u00e1logo entre [&hellip;]<\/p>\n","protected":false},"author":1,"featured_media":0,"parent":0,"menu_order":0,"comment_status":"closed","ping_status":"closed","template":"","meta":{"footnotes":""},"class_list":["post-14190","page","type-page","status-publish","hentry"],"jetpack_sharing_enabled":true,"_links":{"self":[{"href":"https:\/\/www.lirapopular.cl\/lirapopularxix\/wp-json\/wp\/v2\/pages\/14190","targetHints":{"allow":["GET"]}}],"collection":[{"href":"https:\/\/www.lirapopular.cl\/lirapopularxix\/wp-json\/wp\/v2\/pages"}],"about":[{"href":"https:\/\/www.lirapopular.cl\/lirapopularxix\/wp-json\/wp\/v2\/types\/page"}],"author":[{"embeddable":true,"href":"https:\/\/www.lirapopular.cl\/lirapopularxix\/wp-json\/wp\/v2\/users\/1"}],"replies":[{"embeddable":true,"href":"https:\/\/www.lirapopular.cl\/lirapopularxix\/wp-json\/wp\/v2\/comments?post=14190"}],"version-history":[{"count":0,"href":"https:\/\/www.lirapopular.cl\/lirapopularxix\/wp-json\/wp\/v2\/pages\/14190\/revisions"}],"wp:attachment":[{"href":"https:\/\/www.lirapopular.cl\/lirapopularxix\/wp-json\/wp\/v2\/media?parent=14190"}],"curies":[{"name":"wp","href":"https:\/\/api.w.org\/{rel}","templated":true}]}}