{"id":14144,"date":"2020-12-07T16:58:47","date_gmt":"2020-12-07T20:58:47","guid":{"rendered":"https:\/\/www.lirapopular.cl\/lirapopularxix\/?page_id=14144"},"modified":"2020-12-07T16:58:47","modified_gmt":"2020-12-07T20:58:47","slug":"triste-fusilamiento-del-inocente","status":"publish","type":"page","link":"https:\/\/www.lirapopular.cl\/lirapopularxix\/triste-fusilamiento-del-inocente\/","title":{"rendered":"Triste fusilamiento <br>del inocente EMILIO DUBOIS en Valparaiso"},"content":{"rendered":"\n<div class=\"wp-block-image\"><figure class=\"alignright size-medium\"><a href=\"https:\/\/www.lirapopular.cl\/lirapopularxix\/wp-content\/uploads\/2020\/12\/LO0012421.jpg\"><img loading=\"lazy\" decoding=\"async\" width=\"300\" height=\"200\" src=\"https:\/\/www.lirapopular.cl\/lirapopularxix\/wp-content\/uploads\/2020\/12\/LO0012421-300x200.jpg\" alt=\"\" class=\"wp-image-14145\" srcset=\"https:\/\/www.lirapopular.cl\/lirapopularxix\/wp-content\/uploads\/2020\/12\/LO0012421-300x200.jpg 300w, https:\/\/www.lirapopular.cl\/lirapopularxix\/wp-content\/uploads\/2020\/12\/LO0012421-768x511.jpg 768w, https:\/\/www.lirapopular.cl\/lirapopularxix\/wp-content\/uploads\/2020\/12\/LO0012421.jpg 1000w\" sizes=\"auto, (max-width: 300px) 100vw, 300px\" \/><\/a><figcaption>Archivo de Literatura Oral<br>Colecci\u00f3n Alamiro de \u00c1vila<\/figcaption><\/figure><\/div>\n\n\n\n<p>Autor: Daniel Meneses. Ib\u00e1\u00f1ez 210.\u2013 Santiago<br>Impresor: imp. Europea, Rosas 1084<br>Tama\u00f1o: 55 x 39 cm<br>Clasificaci\u00f3n: BN C\u00f3digo:&nbsp;LO0012421<\/p>\n\n\n\n<ul class=\"wp-block-list\"><li><a href=\"https:\/\/www.lirapopular.cl\/lirapopularxix\/2020\/12\/07\/versos-a-lo-divinoel-padecimiento-de-jesus\/\">Versos a lo divino. El padecimiento de Jes\u00fas<\/a><\/li><li><a href=\"https:\/\/www.lirapopular.cl\/lirapopularxix\/2020\/12\/07\/versos-a-lo-divinojesus-es-tomado-preso\/\">Versos a lo divino. Jes\u00fas es tomado preso<\/a><\/li><li><a href=\"https:\/\/www.lirapopular.cl\/lirapopularxix\/2020\/12\/07\/versos-a-lo-divinosuplicas-a-jesus\/\">Versos a lo divino. S\u00faplicas a Jes\u00fas<\/a><\/li><li><a href=\"https:\/\/www.lirapopular.cl\/lirapopularxix\/2020\/12\/07\/el-reo-puesto-en-capilla-5\/\">El reo puesto en capilla y la carta que le mand\u00f3 a la mujer de su mismo calabozo<\/a><\/li><li><a href=\"https:\/\/www.lirapopular.cl\/lirapopularxix\/2020\/12\/07\/la-tranquilidad-de-dubois\/\">La tranquilidad de Dubois en su \u00faltimos momentos. Protesta los auxilios de la religi\u00f3n cat\u00f3lica<\/a><\/li><\/ul>\n\n\n\n<p>Nota: Louis-Am\u00e9d\u00e9e Brihier Lacroix, tambi\u00e9n conocido por sus alias <em>\u00c9mile Dubois<\/em>, Emilio Dubois, \u00c9mile Murraley o Emilio Morales (\u00c9taples, Paso de Calais, 29 de abril de 1867 &#8211; fusilado en Valpara\u00edso, 26 de marzo de 1907)<br>Este ejemplar tiene escrito a mano con plum\u00f3n \u201c95\u201d, por el reverso &#8220;201&#8221; y sobre un papel &#8220;93&#8221; y con l\u00e1piz azul &#8220;Meneses&#8221;.<br>Documento optimizado digitalmente.<\/p>\n","protected":false},"excerpt":{"rendered":"<p>Autor: Daniel Meneses. Ib\u00e1\u00f1ez 210.\u2013 SantiagoImpresor: imp. Europea, Rosas 1084Tama\u00f1o: 55 x 39 cmClasificaci\u00f3n: BN C\u00f3digo:&nbsp;LO0012421 Versos a lo divino. El padecimiento de Jes\u00fas Versos a lo divino. Jes\u00fas es tomado preso Versos a lo divino. S\u00faplicas a Jes\u00fas El reo puesto en capilla y la carta que le mand\u00f3 a la mujer de su [&hellip;]<\/p>\n","protected":false},"author":1,"featured_media":0,"parent":0,"menu_order":0,"comment_status":"closed","ping_status":"closed","template":"","meta":{"footnotes":""},"class_list":["post-14144","page","type-page","status-publish","hentry"],"jetpack_sharing_enabled":true,"_links":{"self":[{"href":"https:\/\/www.lirapopular.cl\/lirapopularxix\/wp-json\/wp\/v2\/pages\/14144","targetHints":{"allow":["GET"]}}],"collection":[{"href":"https:\/\/www.lirapopular.cl\/lirapopularxix\/wp-json\/wp\/v2\/pages"}],"about":[{"href":"https:\/\/www.lirapopular.cl\/lirapopularxix\/wp-json\/wp\/v2\/types\/page"}],"author":[{"embeddable":true,"href":"https:\/\/www.lirapopular.cl\/lirapopularxix\/wp-json\/wp\/v2\/users\/1"}],"replies":[{"embeddable":true,"href":"https:\/\/www.lirapopular.cl\/lirapopularxix\/wp-json\/wp\/v2\/comments?post=14144"}],"version-history":[{"count":0,"href":"https:\/\/www.lirapopular.cl\/lirapopularxix\/wp-json\/wp\/v2\/pages\/14144\/revisions"}],"wp:attachment":[{"href":"https:\/\/www.lirapopular.cl\/lirapopularxix\/wp-json\/wp\/v2\/media?parent=14144"}],"curies":[{"name":"wp","href":"https:\/\/api.w.org\/{rel}","templated":true}]}}