{"id":14126,"date":"2020-12-07T14:56:06","date_gmt":"2020-12-07T18:56:06","guid":{"rendered":"https:\/\/www.lirapopular.cl\/lirapopularxix\/?page_id=14126"},"modified":"2020-12-07T14:56:06","modified_gmt":"2020-12-07T18:56:06","slug":"triste-fin-del-senor-robinet","status":"publish","type":"page","link":"https:\/\/www.lirapopular.cl\/lirapopularxix\/triste-fin-del-senor-robinet\/","title":{"rendered":"TRISTE FIN DEL SE\u00d1OR ROBINET<br>Que se quit\u00f3 la vida por dinero que debia i seguir a la querida al otro mundo"},"content":{"rendered":"\n<div class=\"wp-block-image\"><figure class=\"alignright size-medium\"><a href=\"https:\/\/www.lirapopular.cl\/lirapopularxix\/wp-content\/uploads\/2020\/12\/LO0012406.jpg\"><img loading=\"lazy\" decoding=\"async\" width=\"300\" height=\"199\" src=\"https:\/\/www.lirapopular.cl\/lirapopularxix\/wp-content\/uploads\/2020\/12\/LO0012406-300x199.jpg\" alt=\"\" class=\"wp-image-14127\" srcset=\"https:\/\/www.lirapopular.cl\/lirapopularxix\/wp-content\/uploads\/2020\/12\/LO0012406-300x199.jpg 300w, https:\/\/www.lirapopular.cl\/lirapopularxix\/wp-content\/uploads\/2020\/12\/LO0012406-768x508.jpg 768w, https:\/\/www.lirapopular.cl\/lirapopularxix\/wp-content\/uploads\/2020\/12\/LO0012406.jpg 1000w\" sizes=\"auto, (max-width: 300px) 100vw, 300px\" \/><\/a><figcaption>Archivo de Literatura Oral<br>Colecci\u00f3n Alamiro de \u00c1vila<\/figcaption><\/figure><\/div>\n\n\n\n<p>Autor: Daniel Meneses. Poeta nacional chileno.<br>Impresor: Imp. G. Weidmann.\u2013 Valp.<br>Tama\u00f1o: 55 x 39 cm<br>Clasificaci\u00f3n: BN C\u00f3digo:\u00a0LO0012406<\/p>\n\n\n\n<ul class=\"wp-block-list\"><li><a href=\"https:\/\/www.lirapopular.cl\/lirapopularxix\/2020\/12\/07\/los-principiosde-la-ciencia\/\">Los principios de la ciencia<\/a><\/li><li><a href=\"https:\/\/www.lirapopular.cl\/lirapopularxix\/2020\/12\/07\/versos-historicosla-perdida-de-la-ciudad-de-troya\/\">Versos hist\u00f3ricos. La p\u00e9rdida de la ciudad de Troya<\/a><\/li><li><a href=\"https:\/\/www.lirapopular.cl\/lirapopularxix\/2020\/12\/07\/versos-dedicadosa-una-elisa\/\">Versos dedicados a una Elisa<\/a><\/li><li><a href=\"https:\/\/www.lirapopular.cl\/lirapopularxix\/2020\/12\/07\/mi-vueltadel-quinto-viaje-a-la-zona-salitrera\/\">Mi vuelta del quinto viaje a la zona salitrera<\/a><\/li><li><a href=\"https:\/\/www.lirapopular.cl\/lirapopularxix\/2020\/12\/07\/protesta-de-los-obrerosde-la-zona-salitreraen-contra-de-la-caja-de-ahorros-forzosa\/\">Protesta de los obreros de la zona salitrera. En contra de la Caja de Ahorros forzosa<\/a><\/li><li><a href=\"https:\/\/www.lirapopular.cl\/lirapopularxix\/2020\/12\/07\/triste-fin-del-sr-robinet\/\">Triste fin del Sr. Robinet. Que se quit\u00f3 la vida por dinero que deb\u00eda y seguir a la querida al otro mundo<\/a><\/li><\/ul>\n\n\n\n<p>Nota: Este ejemplar tiene escrito a mano con l\u00e1piz azul \u201c23\u201d y con plum\u00f3n &#8220;80&#8221;, por el reverso &#8220;149&#8221;.<br>Documento optimizado digitalmente.<\/p>\n","protected":false},"excerpt":{"rendered":"<p>Autor: Daniel Meneses. Poeta nacional chileno.Impresor: Imp. G. Weidmann.\u2013 Valp.Tama\u00f1o: 55 x 39 cmClasificaci\u00f3n: BN C\u00f3digo:\u00a0LO0012406 Los principios de la ciencia Versos hist\u00f3ricos. La p\u00e9rdida de la ciudad de Troya Versos dedicados a una Elisa Mi vuelta del quinto viaje a la zona salitrera Protesta de los obreros de la zona salitrera. En contra de [&hellip;]<\/p>\n","protected":false},"author":1,"featured_media":0,"parent":0,"menu_order":0,"comment_status":"closed","ping_status":"closed","template":"","meta":{"footnotes":""},"class_list":["post-14126","page","type-page","status-publish","hentry"],"jetpack_sharing_enabled":true,"_links":{"self":[{"href":"https:\/\/www.lirapopular.cl\/lirapopularxix\/wp-json\/wp\/v2\/pages\/14126","targetHints":{"allow":["GET"]}}],"collection":[{"href":"https:\/\/www.lirapopular.cl\/lirapopularxix\/wp-json\/wp\/v2\/pages"}],"about":[{"href":"https:\/\/www.lirapopular.cl\/lirapopularxix\/wp-json\/wp\/v2\/types\/page"}],"author":[{"embeddable":true,"href":"https:\/\/www.lirapopular.cl\/lirapopularxix\/wp-json\/wp\/v2\/users\/1"}],"replies":[{"embeddable":true,"href":"https:\/\/www.lirapopular.cl\/lirapopularxix\/wp-json\/wp\/v2\/comments?post=14126"}],"version-history":[{"count":0,"href":"https:\/\/www.lirapopular.cl\/lirapopularxix\/wp-json\/wp\/v2\/pages\/14126\/revisions"}],"wp:attachment":[{"href":"https:\/\/www.lirapopular.cl\/lirapopularxix\/wp-json\/wp\/v2\/media?parent=14126"}],"curies":[{"name":"wp","href":"https:\/\/api.w.org\/{rel}","templated":true}]}}