{"id":14086,"date":"2020-12-06T21:32:37","date_gmt":"2020-12-07T01:32:37","guid":{"rendered":"https:\/\/www.lirapopular.cl\/lirapopularxix\/?page_id=14086"},"modified":"2020-12-06T21:32:37","modified_gmt":"2020-12-07T01:32:37","slug":"triste-ejecucion-del-reo-romualdo-negrete","status":"publish","type":"page","link":"https:\/\/www.lirapopular.cl\/lirapopularxix\/triste-ejecucion-del-reo-romualdo-negrete\/","title":{"rendered":"TRISTE EJECUCION <br>DEL REO ROMUALDO NEGRETE"},"content":{"rendered":"\n<div class=\"wp-block-image\"><figure class=\"alignright size-medium\"><a href=\"https:\/\/www.lirapopular.cl\/lirapopularxix\/wp-content\/uploads\/2020\/12\/LO0012396.jpg\"><img loading=\"lazy\" decoding=\"async\" width=\"300\" height=\"199\" src=\"https:\/\/www.lirapopular.cl\/lirapopularxix\/wp-content\/uploads\/2020\/12\/LO0012396-300x199.jpg\" alt=\"\" class=\"wp-image-14091\" srcset=\"https:\/\/www.lirapopular.cl\/lirapopularxix\/wp-content\/uploads\/2020\/12\/LO0012396-300x199.jpg 300w, https:\/\/www.lirapopular.cl\/lirapopularxix\/wp-content\/uploads\/2020\/12\/LO0012396-768x509.jpg 768w, https:\/\/www.lirapopular.cl\/lirapopularxix\/wp-content\/uploads\/2020\/12\/LO0012396.jpg 1000w\" sizes=\"auto, (max-width: 300px) 100vw, 300px\" \/><\/a><figcaption>Archivo de Literatura Oral<br>Colecci\u00f3n Alamiro de \u00c1vila<\/figcaption><\/figure><\/div>\n\n\n\n<p>Autor: Daniel Meneses. Poeta nacional chileno. Quebrada de M\u00e1rquez N\u00ba 57<br>Impresor: 1901 \u2013 Imp. y Lit. de G. A. Rohde y Ca. &#8211; Valp. &#8211; 8740<br>Tama\u00f1o: 55 x 39 cm<br>Clasificaci\u00f3n: BN C\u00f3digo:\u00a0LO0012396<\/p>\n\n\n\n<ul class=\"wp-block-list\"><li><a href=\"https:\/\/www.lirapopular.cl\/lirapopularxix\/2020\/12\/06\/versos-ensalsando-a-coronacionde-lavirjen-de-andacollo\/\">Versos ensalzando a coronaci\u00f3n de la Virgen de Andacollo<\/a><\/li><li><a href=\"https:\/\/www.lirapopular.cl\/lirapopularxix\/2020\/12\/06\/versos-a-lo-divinolas-virtudes-de-la-virjen\/\">Versos a lo divino. Las virtudes de la Virgen<\/a><\/li><li><a href=\"https:\/\/www.lirapopular.cl\/lirapopularxix\/2020\/12\/06\/versos-a-lo-divinocreencias-catolicas\/\">Versos a lo divino. Creencias cat\u00f3licas<\/a><\/li><li><a href=\"https:\/\/www.lirapopular.cl\/lirapopularxix\/2020\/12\/06\/lamentos-del-reoen-capilla\/\">Lamentos del reo en capilla<\/a><\/li><li><a href=\"https:\/\/www.lirapopular.cl\/lirapopularxix\/2020\/12\/06\/el-reo-marchando-al-banco-3\/\">El reo marchando al banco<\/a><\/li><li><a href=\"https:\/\/www.lirapopular.cl\/lirapopularxix\/2020\/12\/06\/triste-ejecucion-delreo-romualdo-negrete\/\">Triste ejecuci\u00f3n del reo Romualdo Negrete<\/a><\/li><\/ul>\n\n\n\n<p>Nota: En el pie de imprenta aparece fechada en 1901.<br>Este ejemplar tiene escrito a mano con l\u00e1piz azul \u201c11\u201d y con plum\u00f3n &#8220;70&#8221;, por el reverso sobre un papel &#8220;9&#8221;.<br>Documento optimizado digitalmente.<\/p>\n","protected":false},"excerpt":{"rendered":"<p>Autor: Daniel Meneses. Poeta nacional chileno. Quebrada de M\u00e1rquez N\u00ba 57Impresor: 1901 \u2013 Imp. y Lit. de G. A. Rohde y Ca. &#8211; Valp. &#8211; 8740Tama\u00f1o: 55 x 39 cmClasificaci\u00f3n: BN C\u00f3digo:\u00a0LO0012396 Versos ensalzando a coronaci\u00f3n de la Virgen de Andacollo Versos a lo divino. Las virtudes de la Virgen Versos a lo divino. Creencias [&hellip;]<\/p>\n","protected":false},"author":1,"featured_media":0,"parent":0,"menu_order":0,"comment_status":"closed","ping_status":"closed","template":"","meta":{"footnotes":""},"class_list":["post-14086","page","type-page","status-publish","hentry"],"jetpack_sharing_enabled":true,"_links":{"self":[{"href":"https:\/\/www.lirapopular.cl\/lirapopularxix\/wp-json\/wp\/v2\/pages\/14086","targetHints":{"allow":["GET"]}}],"collection":[{"href":"https:\/\/www.lirapopular.cl\/lirapopularxix\/wp-json\/wp\/v2\/pages"}],"about":[{"href":"https:\/\/www.lirapopular.cl\/lirapopularxix\/wp-json\/wp\/v2\/types\/page"}],"author":[{"embeddable":true,"href":"https:\/\/www.lirapopular.cl\/lirapopularxix\/wp-json\/wp\/v2\/users\/1"}],"replies":[{"embeddable":true,"href":"https:\/\/www.lirapopular.cl\/lirapopularxix\/wp-json\/wp\/v2\/comments?post=14086"}],"version-history":[{"count":0,"href":"https:\/\/www.lirapopular.cl\/lirapopularxix\/wp-json\/wp\/v2\/pages\/14086\/revisions"}],"wp:attachment":[{"href":"https:\/\/www.lirapopular.cl\/lirapopularxix\/wp-json\/wp\/v2\/media?parent=14086"}],"curies":[{"name":"wp","href":"https:\/\/api.w.org\/{rel}","templated":true}]}}