{"id":14063,"date":"2020-12-06T09:53:59","date_gmt":"2020-12-06T13:53:59","guid":{"rendered":"https:\/\/www.lirapopular.cl\/lirapopularxix\/?page_id=14063"},"modified":"2020-12-06T09:53:59","modified_gmt":"2020-12-06T13:53:59","slug":"terrible-i-espantoso-ejemplo","status":"publish","type":"page","link":"https:\/\/www.lirapopular.cl\/lirapopularxix\/terrible-i-espantoso-ejemplo\/","title":{"rendered":"TERRIBLE I ESPANTOSO EJEMPLO EN CUREPTO<br>El caballero pegado en el caballo. Se dice que por castigo"},"content":{"rendered":"\n<div class=\"wp-block-image\"><figure class=\"alignright size-medium\"><a href=\"https:\/\/www.lirapopular.cl\/lirapopularxix\/wp-content\/uploads\/2020\/12\/LO0012404.jpg\"><img loading=\"lazy\" decoding=\"async\" width=\"300\" height=\"199\" src=\"https:\/\/www.lirapopular.cl\/lirapopularxix\/wp-content\/uploads\/2020\/12\/LO0012404-300x199.jpg\" alt=\"\" class=\"wp-image-14064\" srcset=\"https:\/\/www.lirapopular.cl\/lirapopularxix\/wp-content\/uploads\/2020\/12\/LO0012404-300x199.jpg 300w, https:\/\/www.lirapopular.cl\/lirapopularxix\/wp-content\/uploads\/2020\/12\/LO0012404-768x510.jpg 768w, https:\/\/www.lirapopular.cl\/lirapopularxix\/wp-content\/uploads\/2020\/12\/LO0012404.jpg 1000w\" sizes=\"auto, (max-width: 300px) 100vw, 300px\" \/><\/a><figcaption>Archivo de Literatura Oral<br>Colecci\u00f3n Alamiro de \u00c1vila<\/figcaption><\/figure><\/div>\n\n\n\n<p>Autor: Daniel Meneses. Poeta nacional chileno. Calle Morand\u00e9 n\u00fam. 8 A.<br>Impresor: Sin informaci\u00f3n<br>Tama\u00f1o: 55 x 39 cm<br>Clasificaci\u00f3n: BN C\u00f3digo:\u00a0LO0012404<\/p>\n\n\n\n<ul class=\"wp-block-list\"><li><a href=\"https:\/\/www.lirapopular.cl\/lirapopularxix\/2020\/12\/06\/completos-detallesde-los-grandes\/\">Completos detalles de los grandes banquetes que se les han hecho a los argentinos y a los chilenos en Buenos Aires<\/a><\/li><li><a href=\"https:\/\/www.lirapopular.cl\/lirapopularxix\/2020\/12\/06\/la-lei-pareja-no-es-dura\/\">La ley pareja no es dura. Un mal decreto. Guerra a los perros y a la palomilla no<\/a><\/li><li><a href=\"https:\/\/www.lirapopular.cl\/lirapopularxix\/2020\/12\/06\/viva-cuba-libre\/\">Viva Cuba libre<\/a><\/li><li><a href=\"https:\/\/www.lirapopular.cl\/lirapopularxix\/2020\/12\/06\/salutacion-a-la-virjen-maria\/\">Salutaci\u00f3n a la Virgen Maria<\/a><\/li><li><a href=\"https:\/\/www.lirapopular.cl\/lirapopularxix\/2020\/12\/06\/terrible-i-espantoso-ejemplo-en-curepto\/\">Terrible y espantoso ejemplo en Curepto, el caballero pegado en el caballo, se dice que por castigo<\/a><\/li><li><a href=\"https:\/\/www.lirapopular.cl\/lirapopularxix\/2020\/12\/06\/dialogo-entre-el-rotitodel-norte-i-el-del-surtocante-la-politica\/\">Di\u00e1logo entre el rotito del norte y el del sur tocante la pol\u00edtica<\/a><\/li><\/ul>\n\n\n\n<p>Nota: Este ejemplar tiene escrito a mano con l\u00e1piz azul \u201c4\u201d, con plum\u00f3n &#8220;78&#8221;, por el reverso sobre un papel &#8220;4&#8221;.<br>Documento optimizado digitalmente.<\/p>\n","protected":false},"excerpt":{"rendered":"<p>Autor: Daniel Meneses. Poeta nacional chileno. Calle Morand\u00e9 n\u00fam. 8 A.Impresor: Sin informaci\u00f3nTama\u00f1o: 55 x 39 cmClasificaci\u00f3n: BN C\u00f3digo:\u00a0LO0012404 Completos detalles de los grandes banquetes que se les han hecho a los argentinos y a los chilenos en Buenos Aires La ley pareja no es dura. Un mal decreto. Guerra a los perros y a [&hellip;]<\/p>\n","protected":false},"author":1,"featured_media":0,"parent":0,"menu_order":0,"comment_status":"closed","ping_status":"closed","template":"","meta":{"footnotes":""},"class_list":["post-14063","page","type-page","status-publish","hentry"],"jetpack_sharing_enabled":true,"_links":{"self":[{"href":"https:\/\/www.lirapopular.cl\/lirapopularxix\/wp-json\/wp\/v2\/pages\/14063","targetHints":{"allow":["GET"]}}],"collection":[{"href":"https:\/\/www.lirapopular.cl\/lirapopularxix\/wp-json\/wp\/v2\/pages"}],"about":[{"href":"https:\/\/www.lirapopular.cl\/lirapopularxix\/wp-json\/wp\/v2\/types\/page"}],"author":[{"embeddable":true,"href":"https:\/\/www.lirapopular.cl\/lirapopularxix\/wp-json\/wp\/v2\/users\/1"}],"replies":[{"embeddable":true,"href":"https:\/\/www.lirapopular.cl\/lirapopularxix\/wp-json\/wp\/v2\/comments?post=14063"}],"version-history":[{"count":0,"href":"https:\/\/www.lirapopular.cl\/lirapopularxix\/wp-json\/wp\/v2\/pages\/14063\/revisions"}],"wp:attachment":[{"href":"https:\/\/www.lirapopular.cl\/lirapopularxix\/wp-json\/wp\/v2\/media?parent=14063"}],"curies":[{"name":"wp","href":"https:\/\/api.w.org\/{rel}","templated":true}]}}