{"id":14043,"date":"2020-12-05T19:24:10","date_gmt":"2020-12-05T23:24:10","guid":{"rendered":"https:\/\/www.lirapopular.cl\/lirapopularxix\/?page_id=14043"},"modified":"2020-12-05T19:24:10","modified_gmt":"2020-12-05T23:24:10","slug":"sangriento-drama-en-la-calle","status":"publish","type":"page","link":"https:\/\/www.lirapopular.cl\/lirapopularxix\/sangriento-drama-en-la-calle\/","title":{"rendered":"SANGRIENTO DRAMA EN LA CALLE DE D\u00c1VILA<br>EL MARIDO MAT\u00d3 QUE MAT\u00d3 A SUS MUJER"},"content":{"rendered":"\n<div class=\"wp-block-image\"><figure class=\"alignright size-medium\"><a href=\"https:\/\/www.lirapopular.cl\/lirapopularxix\/wp-content\/uploads\/2020\/12\/LO0012209.jpg\"><img decoding=\"async\" src=\"https:\/\/www.lirapopular.cl\/lirapopularxix\/wp-content\/uploads\/2020\/12\/LO0012209-198x300.jpg\" alt=\"\" class=\"wp-image-14044\"\/><\/a><figcaption>Archivo de Literatura Oral<br>Fondo Rodolfo Lenz<\/figcaption><\/figure><\/div>\n\n\n\n<p>Autor: Daniel Meneses.<br>Impresor: Sin informaci\u00f3n<br>Tama\u00f1o: 52 x 34 cm<br>Clasificaci\u00f3n: BN C\u00f3digo:\u00a0LO0012209<\/p>\n\n\n\n<ul class=\"wp-block-list\"><li><a href=\"https:\/\/www.lirapopular.cl\/lirapopularxix\/2020\/12\/05\/homenaje-al-gloriososan-sebastian\/\">Homenaje al glorioso San Sebasti\u00e1n<\/a><\/li><li><a href=\"https:\/\/www.lirapopular.cl\/lirapopularxix\/2020\/12\/05\/sangriento-dramaen-la-calle-de-davila-el-ma-rido-mato-a-su-mujer\/\">Sangriento drama en la calle de D\u00e1vila. El marido mat\u00f3 a su mujer<\/a><\/li><li><a href=\"https:\/\/www.lirapopular.cl\/lirapopularxix\/2020\/12\/05\/versos-a-lo-adivino-4\/\">Versos a lo adivino<\/a><\/li><li><a href=\"https:\/\/www.lirapopular.cl\/lirapopularxix\/2020\/12\/05\/versos-historicosla-escalera-de-jacob\/\">Versos hist\u00f3ricos. La escalera de Jacob<\/a><\/li><li><a href=\"https:\/\/www.lirapopular.cl\/lirapopularxix\/2020\/12\/05\/las-senas-del-fin-del-mundo\/\">Las se\u00f1as del fin del mundo<\/a><\/li><li><a href=\"https:\/\/www.lirapopular.cl\/lirapopularxix\/2020\/12\/05\/al-que-le-venga-el-sayoque-se-lo-ponga\/\">Al que le venga el sayo que se lo ponga<\/a><\/li><\/ul>\n\n\n\n<p>Nota: Este ejemplar tiene escrito a mano con l\u00e1piz grafito \u201c-3-\u201d, &#8220;32&#8221;, con l\u00e1piz azul &#8220;07&#8221;, &#8220;20&#8221;, con l\u00e1piz rojo &#8220;3&#8221;, con un timbre &#8220;0223&#8221;. Versos numerados con pluma.<br>Documento optimizado digitalmente.<\/p>\n","protected":false},"excerpt":{"rendered":"<p>Autor: Daniel Meneses.Impresor: Sin informaci\u00f3nTama\u00f1o: 52 x 34 cmClasificaci\u00f3n: BN C\u00f3digo:\u00a0LO0012209 Homenaje al glorioso San Sebasti\u00e1n Sangriento drama en la calle de D\u00e1vila. El marido mat\u00f3 a su mujer Versos a lo adivino Versos hist\u00f3ricos. La escalera de Jacob Las se\u00f1as del fin del mundo Al que le venga el sayo que se lo ponga [&hellip;]<\/p>\n","protected":false},"author":1,"featured_media":0,"parent":0,"menu_order":0,"comment_status":"closed","ping_status":"closed","template":"","meta":{"footnotes":""},"class_list":["post-14043","page","type-page","status-publish","hentry"],"jetpack_sharing_enabled":true,"_links":{"self":[{"href":"https:\/\/www.lirapopular.cl\/lirapopularxix\/wp-json\/wp\/v2\/pages\/14043","targetHints":{"allow":["GET"]}}],"collection":[{"href":"https:\/\/www.lirapopular.cl\/lirapopularxix\/wp-json\/wp\/v2\/pages"}],"about":[{"href":"https:\/\/www.lirapopular.cl\/lirapopularxix\/wp-json\/wp\/v2\/types\/page"}],"author":[{"embeddable":true,"href":"https:\/\/www.lirapopular.cl\/lirapopularxix\/wp-json\/wp\/v2\/users\/1"}],"replies":[{"embeddable":true,"href":"https:\/\/www.lirapopular.cl\/lirapopularxix\/wp-json\/wp\/v2\/comments?post=14043"}],"version-history":[{"count":0,"href":"https:\/\/www.lirapopular.cl\/lirapopularxix\/wp-json\/wp\/v2\/pages\/14043\/revisions"}],"wp:attachment":[{"href":"https:\/\/www.lirapopular.cl\/lirapopularxix\/wp-json\/wp\/v2\/media?parent=14043"}],"curies":[{"name":"wp","href":"https:\/\/api.w.org\/{rel}","templated":true}]}}