{"id":14021,"date":"2020-12-05T15:42:52","date_gmt":"2020-12-05T19:42:52","guid":{"rendered":"https:\/\/www.lirapopular.cl\/lirapopularxix\/?page_id=14021"},"modified":"2020-12-05T15:42:52","modified_gmt":"2020-12-05T19:42:52","slug":"salvaje-y-horrible-fin","status":"publish","type":"page","link":"https:\/\/www.lirapopular.cl\/lirapopularxix\/salvaje-y-horrible-fin\/","title":{"rendered":"Salvaje y horrible fin del tirano Valdes Calderon,<br>Las amenazas del poeta Bio-Bio"},"content":{"rendered":"\n<div class=\"wp-block-image\"><figure class=\"alignright size-medium\"><a href=\"https:\/\/www.lirapopular.cl\/lirapopularxix\/wp-content\/uploads\/2020\/12\/LO0012422.jpg\"><img loading=\"lazy\" decoding=\"async\" width=\"300\" height=\"196\" src=\"https:\/\/www.lirapopular.cl\/lirapopularxix\/wp-content\/uploads\/2020\/12\/LO0012422-300x196.jpg\" alt=\"\" class=\"wp-image-14022\" srcset=\"https:\/\/www.lirapopular.cl\/lirapopularxix\/wp-content\/uploads\/2020\/12\/LO0012422-300x196.jpg 300w, https:\/\/www.lirapopular.cl\/lirapopularxix\/wp-content\/uploads\/2020\/12\/LO0012422-768x502.jpg 768w, https:\/\/www.lirapopular.cl\/lirapopularxix\/wp-content\/uploads\/2020\/12\/LO0012422.jpg 1000w\" sizes=\"auto, (max-width: 300px) 100vw, 300px\" \/><\/a><figcaption>Archivo de Literatura Oral<br>Colecci\u00f3n Alamiro de \u00c1vila<\/figcaption><\/figure><\/div>\n\n\n\n<p>Autor: Daniel Meneses. Poeta nacional chileno.<br>Impresor: Imp.\u00a0Moneda, 1027<br>Tama\u00f1o: 55 x 39 cm<br>Clasificaci\u00f3n: BN C\u00f3digo:\u00a0LO0012422<\/p>\n\n\n\n<ul class=\"wp-block-list\"><li><a href=\"https:\/\/www.lirapopular.cl\/lirapopularxix\/2020\/12\/05\/las-amenazasdel-poeta-bio-bio-que-me-hacecon-toda-su-comparsa\/\">Las amenazas del poeta Bio-Bio, que me hace con toda su comparsa<\/a><\/li><li><a href=\"https:\/\/www.lirapopular.cl\/lirapopularxix\/2020\/12\/05\/mis-deseos-en-bien-paralos-pobres\/\">Mis deseos en bien para los pobres<\/a><\/li><li><a href=\"https:\/\/www.lirapopular.cl\/lirapopularxix\/2020\/12\/05\/versosdedicados-al-poeta-pedro-guajardo\/\">Versos dedicados al poeta Pedro Guajardo para que firme su apellido<\/a><\/li><li><a href=\"https:\/\/www.lirapopular.cl\/lirapopularxix\/2020\/12\/05\/salvaje-i-horrible-findel-tirano-valdes-calderon-enguayaquil-en-el-pueblo-debuena-vista\/\">Salvaje y horrible fin del tirano Vald\u00e9s Calder\u00f3n, en Guayaquil, en el pueblo de Buena Vista<\/a><\/li><li><a href=\"https:\/\/www.lirapopular.cl\/lirapopularxix\/2020\/12\/05\/completos-detallesde-los-grandes-temblores\/\">Completos detalles de los grandes temblores en la Provincia de la Rioja, en la Rep\u00fablica Arjentina. Consternaci\u00f3n de sus habitantes<\/a><\/li><li><a href=\"https:\/\/www.lirapopular.cl\/lirapopularxix\/2020\/12\/05\/solicitudes-de-indultoen-favor-del-reojuan-de-dios-mejias\/\">Solicitudes de indulto en favor del reo Juan de Dios Mej\u00edas<\/a><\/li><\/ul>\n\n\n\n<p>Nota: Este ejemplar tiene escrito a mano con plum\u00f3n \u201c96\u201d, por el reverso &#8220;215&#8221;.<br>Documento optimizado digitalmente.<\/p>\n","protected":false},"excerpt":{"rendered":"<p>Autor: Daniel Meneses. Poeta nacional chileno.Impresor: Imp.\u00a0Moneda, 1027Tama\u00f1o: 55 x 39 cmClasificaci\u00f3n: BN C\u00f3digo:\u00a0LO0012422 Las amenazas del poeta Bio-Bio, que me hace con toda su comparsa Mis deseos en bien para los pobres Versos dedicados al poeta Pedro Guajardo para que firme su apellido Salvaje y horrible fin del tirano Vald\u00e9s Calder\u00f3n, en Guayaquil, en [&hellip;]<\/p>\n","protected":false},"author":1,"featured_media":0,"parent":0,"menu_order":0,"comment_status":"closed","ping_status":"closed","template":"","meta":{"footnotes":""},"class_list":["post-14021","page","type-page","status-publish","hentry"],"jetpack_sharing_enabled":true,"_links":{"self":[{"href":"https:\/\/www.lirapopular.cl\/lirapopularxix\/wp-json\/wp\/v2\/pages\/14021","targetHints":{"allow":["GET"]}}],"collection":[{"href":"https:\/\/www.lirapopular.cl\/lirapopularxix\/wp-json\/wp\/v2\/pages"}],"about":[{"href":"https:\/\/www.lirapopular.cl\/lirapopularxix\/wp-json\/wp\/v2\/types\/page"}],"author":[{"embeddable":true,"href":"https:\/\/www.lirapopular.cl\/lirapopularxix\/wp-json\/wp\/v2\/users\/1"}],"replies":[{"embeddable":true,"href":"https:\/\/www.lirapopular.cl\/lirapopularxix\/wp-json\/wp\/v2\/comments?post=14021"}],"version-history":[{"count":0,"href":"https:\/\/www.lirapopular.cl\/lirapopularxix\/wp-json\/wp\/v2\/pages\/14021\/revisions"}],"wp:attachment":[{"href":"https:\/\/www.lirapopular.cl\/lirapopularxix\/wp-json\/wp\/v2\/media?parent=14021"}],"curies":[{"name":"wp","href":"https:\/\/api.w.org\/{rel}","templated":true}]}}