{"id":13975,"date":"2020-12-05T11:46:46","date_gmt":"2020-12-05T15:46:46","guid":{"rendered":"https:\/\/www.lirapopular.cl\/lirapopularxix\/?page_id=13975"},"modified":"2020-12-05T11:46:46","modified_gmt":"2020-12-05T15:46:46","slug":"recuerdo-del-nefando-crimen","status":"publish","type":"page","link":"https:\/\/www.lirapopular.cl\/lirapopularxix\/recuerdo-del-nefando-crimen\/","title":{"rendered":"Recuerdo del nefando crimen de la Quebrada de las Ca\u00f1as, uno de los criminales que vive, Francisco Olivares, est\u00e1 condenado a muerte"},"content":{"rendered":"\n<div class=\"wp-block-image\"><figure class=\"alignright size-medium\"><a href=\"https:\/\/www.lirapopular.cl\/lirapopularxix\/wp-content\/uploads\/2020\/12\/LO0012346.jpg\"><img loading=\"lazy\" decoding=\"async\" width=\"300\" height=\"197\" src=\"https:\/\/www.lirapopular.cl\/lirapopularxix\/wp-content\/uploads\/2020\/12\/LO0012346-300x197.jpg\" alt=\"\" class=\"wp-image-13977\" srcset=\"https:\/\/www.lirapopular.cl\/lirapopularxix\/wp-content\/uploads\/2020\/12\/LO0012346-300x197.jpg 300w, https:\/\/www.lirapopular.cl\/lirapopularxix\/wp-content\/uploads\/2020\/12\/LO0012346-768x505.jpg 768w, https:\/\/www.lirapopular.cl\/lirapopularxix\/wp-content\/uploads\/2020\/12\/LO0012346.jpg 1000w\" sizes=\"auto, (max-width: 300px) 100vw, 300px\" \/><\/a><figcaption>Archivo de Literatura Oral<br>Colecci\u00f3n Alamiro de \u00c1vila<\/figcaption><\/figure><\/div>\n\n\n\n<p>Autor: Daniel Meneses. Poeta popular chileno. calle Za\u00f1artu, N\u00ba 1070<br>Impresor: Imprenta, Moneda, 843<br>Tama\u00f1o: 54 x 39 cm<br>Clasificaci\u00f3n: BN C\u00f3digo:\u00a0LO0012346<\/p>\n\n\n\n<ul class=\"wp-block-list\"><li><a href=\"https:\/\/www.lirapopular.cl\/lirapopularxix\/2020\/12\/05\/versos-de-la-palabramedio\/\">Versos de la palabra medio<\/a><\/li><li><a href=\"https:\/\/www.lirapopular.cl\/lirapopularxix\/2020\/12\/05\/una-fabula-verdadera\/\">Una f\u00e1bula verdadera<\/a><\/li><li><a href=\"https:\/\/www.lirapopular.cl\/lirapopularxix\/2020\/12\/05\/versos-de-la-vida-de-santajenoveva\/\">Versos de la vida de Santa Genoveva<\/a><\/li><li><a href=\"https:\/\/www.lirapopular.cl\/lirapopularxix\/2020\/12\/05\/versos-a-lo-divinoel-arrepentimiento-del-hijoprodigo\/\">Versos a lo divino. El arrepentimiento del hijo pr\u00f3digo<\/a><\/li><li><a href=\"https:\/\/www.lirapopular.cl\/lirapopularxix\/2020\/12\/05\/completos-detallesdel-triste-fin-del-rei-humbertomuerto-por-un-anarquista\/\">Completos detalles del triste fin del rey Humberto muerto por un anarquista<\/a><\/li><li><a href=\"https:\/\/www.lirapopular.cl\/lirapopularxix\/2020\/12\/05\/recuerdo-del-nefando-crimen\/\">Recuerdo del nefando cr\u00edmen de la Quebrada de las Ca\u00f1as, uno de los criminales que vive, Francisco Olivares, est\u00e1 condenado a muerte<\/a><\/li><li><a href=\"https:\/\/www.lirapopular.cl\/lirapopularxix\/2020\/12\/05\/heroico-combate\/\">Heroico combate entre bandidos y agentes de la pesquisa en los Coligues de Valpara\u00edso. Resistencia de los agentes y muerte de tres bandidos<\/a><\/li><\/ul>\n\n\n\n<p>Nota: Este ejemplar tiene escrito a mano con plum\u00f3n \u201c19\u201d, por el reverso &#8220;252&#8221;.<br>Documento optimizado digitalmente.<\/p>\n","protected":false},"excerpt":{"rendered":"<p>Autor: Daniel Meneses. Poeta popular chileno. calle Za\u00f1artu, N\u00ba 1070Impresor: Imprenta, Moneda, 843Tama\u00f1o: 54 x 39 cmClasificaci\u00f3n: BN C\u00f3digo:\u00a0LO0012346 Versos de la palabra medio Una f\u00e1bula verdadera Versos de la vida de Santa Genoveva Versos a lo divino. El arrepentimiento del hijo pr\u00f3digo Completos detalles del triste fin del rey Humberto muerto por un anarquista [&hellip;]<\/p>\n","protected":false},"author":1,"featured_media":0,"parent":0,"menu_order":0,"comment_status":"closed","ping_status":"closed","template":"","meta":{"footnotes":""},"class_list":["post-13975","page","type-page","status-publish","hentry"],"jetpack_sharing_enabled":true,"_links":{"self":[{"href":"https:\/\/www.lirapopular.cl\/lirapopularxix\/wp-json\/wp\/v2\/pages\/13975","targetHints":{"allow":["GET"]}}],"collection":[{"href":"https:\/\/www.lirapopular.cl\/lirapopularxix\/wp-json\/wp\/v2\/pages"}],"about":[{"href":"https:\/\/www.lirapopular.cl\/lirapopularxix\/wp-json\/wp\/v2\/types\/page"}],"author":[{"embeddable":true,"href":"https:\/\/www.lirapopular.cl\/lirapopularxix\/wp-json\/wp\/v2\/users\/1"}],"replies":[{"embeddable":true,"href":"https:\/\/www.lirapopular.cl\/lirapopularxix\/wp-json\/wp\/v2\/comments?post=13975"}],"version-history":[{"count":0,"href":"https:\/\/www.lirapopular.cl\/lirapopularxix\/wp-json\/wp\/v2\/pages\/13975\/revisions"}],"wp:attachment":[{"href":"https:\/\/www.lirapopular.cl\/lirapopularxix\/wp-json\/wp\/v2\/media?parent=13975"}],"curies":[{"name":"wp","href":"https:\/\/api.w.org\/{rel}","templated":true}]}}