{"id":13957,"date":"2020-12-05T09:04:01","date_gmt":"2020-12-05T13:04:01","guid":{"rendered":"https:\/\/www.lirapopular.cl\/lirapopularxix\/?page_id=13957"},"modified":"2020-12-05T09:04:01","modified_gmt":"2020-12-05T13:04:01","slug":"recuerdo-de-las-tres-carnicerias","status":"publish","type":"page","link":"https:\/\/www.lirapopular.cl\/lirapopularxix\/recuerdo-de-las-tres-carnicerias\/","title":{"rendered":"RECUERDO DE LAS TRES CARNICERIAS DE LA GUERRA CIVIL EN CHILE <br>DEL A\u00d1O 1891<br>LO CA\u00d1AS, CONCON I LA PLACILLA"},"content":{"rendered":"<div class=\"wp-block-image\">\n<figure class=\"alignright size-medium\"><a href=\"https:\/\/www.lirapopular.cl\/lirapopularxix\/wp-content\/uploads\/2020\/12\/LO0012210.jpg\"><img decoding=\"async\" src=\"https:\/\/www.lirapopular.cl\/lirapopularxix\/wp-content\/uploads\/2020\/12\/LO0012210-204x300.jpg\" alt=\"\" class=\"wp-image-13958\"\/><\/a><figcaption>Archivo de Literatura Oral<br>Fondo Rodolfo Lenz<\/figcaption><\/figure>\n<\/div>\n\n\n<p>Autor: Daniel Meneses. Calle de Za\u00f1artu, N\u00famero 9, Entre San Pablo y Sama<br>Impresor: Sin informaci\u00f3n<br>Tama\u00f1o: 55 x 37 cm<br>Clasificaci\u00f3n: BN C\u00f3digo:&nbsp;LO0012210<\/p>\n\n\n\n<ul class=\"wp-block-list\"><li><a href=\"https:\/\/www.lirapopular.cl\/lirapopularxix\/2020\/12\/05\/recuerdode-las-tres-carnicerias\/\">Recuerdo de las tres carnicer\u00edas de la Guerra Civil en Chile de 1891. Lo Ca\u00f1as, Conc\u00f3n y La Placilla<\/a><\/li><li><a href=\"https:\/\/www.lirapopular.cl\/lirapopularxix\/2020\/12\/05\/verso-historicola-salvacion-de-moisesi-libertad-de-israel\/\">Verso hist\u00f3rico. La salvaci\u00f3n de Mois\u00e9s y libertad de Israel<\/a><\/li><li><a href=\"https:\/\/www.lirapopular.cl\/lirapopularxix\/2020\/12\/05\/mas-detalles-de-la-batallade-concon\/\">M\u00e1s detalles de la batalla de Conc\u00f3n<\/a><\/li><li><a href=\"https:\/\/www.lirapopular.cl\/lirapopularxix\/2020\/12\/05\/contestacion-a-los-insultosdel-poeta-reyes-el-macacocontrarrestado\/\">Contestaci\u00f3n a los insultos del poeta Reyes, el macaco. Contrarrestado<\/a><\/li><li><a href=\"https:\/\/www.lirapopular.cl\/lirapopularxix\/2020\/12\/05\/contraresto-3\/\">Contraresto<\/a><\/li><li><a href=\"https:\/\/www.lirapopular.cl\/lirapopularxix\/2020\/12\/05\/versos-de-literatura-40\/\">Versos de literatura<\/a><\/li><\/ul>\n\n\n\n<p>Nota: Este ejemplar tiene escrito a mano con l\u00e1piz grafito \u201c4\u201d, &#8220;44&#8221; &#8220;1891&#8221;, versos numerados con pluma, con l\u00e1piz azul &#8220;21&#8221; .<br>Rodolfo Lenz se refiere a esta lira (<em>Sobre la poesia popular impresa de Santiago de Chile <\/em>p. 574): <br>&#8220;El grabado m\u00e1s bonito que ofrece mi colecci\u00f3n mide 19&#215;31 cm. i representa a un sacerdote que huye en un bote perseguido hasta la orilla por unos caballeros en trajes del siglo XVI. El t\u00edtulo de la hoja, cuyo autor es el poeta Meneses, corre as\u00ed: \u00abRecuerdo de las tres carnicerias de la guerra civil en Chile del a\u00f1o 1891: lo Ca\u00f1as, Conc\u00f3n i la Placillas. Su contenido es el siguiente: 1) una poes\u00eda con el mismo t\u00edtulo citado; 2) Verso hist\u00f3rico la Salvaci\u00f3n de Moises i la libertad de Israel\u00bb 3) Mas detalles de la Batalla de Concon; 4) Contestacion a los insultos del poeta Reyes, el macaco contrarrestado; 5) Contrarresto; 6) Versos de literatura&#8221;.<br>Documento optimizado digitalmente.<\/p>\n","protected":false},"excerpt":{"rendered":"<p>Autor: Daniel Meneses. Calle de Za\u00f1artu, N\u00famero 9, Entre San Pablo y SamaImpresor: Sin informaci\u00f3nTama\u00f1o: 55 x 37 cmClasificaci\u00f3n: BN C\u00f3digo:&nbsp;LO0012210 Recuerdo de las tres carnicer\u00edas de la Guerra Civil en Chile de 1891. Lo Ca\u00f1as, Conc\u00f3n y La Placilla Verso hist\u00f3rico. La salvaci\u00f3n de Mois\u00e9s y libertad de Israel M\u00e1s detalles de la batalla [&hellip;]<\/p>\n","protected":false},"author":1,"featured_media":0,"parent":0,"menu_order":0,"comment_status":"closed","ping_status":"closed","template":"","meta":{"footnotes":""},"class_list":["post-13957","page","type-page","status-publish","hentry"],"jetpack_sharing_enabled":true,"_links":{"self":[{"href":"https:\/\/www.lirapopular.cl\/lirapopularxix\/wp-json\/wp\/v2\/pages\/13957","targetHints":{"allow":["GET"]}}],"collection":[{"href":"https:\/\/www.lirapopular.cl\/lirapopularxix\/wp-json\/wp\/v2\/pages"}],"about":[{"href":"https:\/\/www.lirapopular.cl\/lirapopularxix\/wp-json\/wp\/v2\/types\/page"}],"author":[{"embeddable":true,"href":"https:\/\/www.lirapopular.cl\/lirapopularxix\/wp-json\/wp\/v2\/users\/1"}],"replies":[{"embeddable":true,"href":"https:\/\/www.lirapopular.cl\/lirapopularxix\/wp-json\/wp\/v2\/comments?post=13957"}],"version-history":[{"count":0,"href":"https:\/\/www.lirapopular.cl\/lirapopularxix\/wp-json\/wp\/v2\/pages\/13957\/revisions"}],"wp:attachment":[{"href":"https:\/\/www.lirapopular.cl\/lirapopularxix\/wp-json\/wp\/v2\/media?parent=13957"}],"curies":[{"name":"wp","href":"https:\/\/api.w.org\/{rel}","templated":true}]}}