{"id":13938,"date":"2020-12-04T12:19:13","date_gmt":"2020-12-04T16:19:13","guid":{"rendered":"https:\/\/www.lirapopular.cl\/lirapopularxix\/?page_id=13938"},"modified":"2020-12-04T12:19:13","modified_gmt":"2020-12-04T16:19:13","slug":"proximo-fusilamiento-de-negrete","status":"publish","type":"page","link":"https:\/\/www.lirapopular.cl\/lirapopularxix\/proximo-fusilamiento-de-negrete\/","title":{"rendered":"Pr\u00f3ximo Fusilamiento de Negrete<br>Y CAPTURA DEL FAMOSO BANDIDO ITALIANO MUSSOLINO"},"content":{"rendered":"\n<div class=\"wp-block-image\"><figure class=\"alignright size-medium\"><a href=\"https:\/\/www.lirapopular.cl\/lirapopularxix\/wp-content\/uploads\/2020\/12\/LO0012352.jpg\"><img loading=\"lazy\" decoding=\"async\" width=\"300\" height=\"200\" src=\"https:\/\/www.lirapopular.cl\/lirapopularxix\/wp-content\/uploads\/2020\/12\/LO0012352-300x200.jpg\" alt=\"\" class=\"wp-image-13936\" srcset=\"https:\/\/www.lirapopular.cl\/lirapopularxix\/wp-content\/uploads\/2020\/12\/LO0012352-300x200.jpg 300w, https:\/\/www.lirapopular.cl\/lirapopularxix\/wp-content\/uploads\/2020\/12\/LO0012352-768x513.jpg 768w, https:\/\/www.lirapopular.cl\/lirapopularxix\/wp-content\/uploads\/2020\/12\/LO0012352.jpg 1000w\" sizes=\"auto, (max-width: 300px) 100vw, 300px\" \/><\/a><figcaption>Archivo de Literatura Oral<br>Colecci\u00f3n Alamiro de \u00c1vila<\/figcaption><\/figure><\/div>\n\n\n\n<p>Autor: Daniel Meneses. Poeta nacional. Calle de M\u00e1rquez, 57<br>Impresor: Sin informaci\u00f3n<br>Tama\u00f1o: 54 x 38 cm<br>Clasificaci\u00f3n: BN C\u00f3digo:\u00a0LO0012352<\/p>\n\n\n\n<ul class=\"wp-block-list\"><li><a href=\"https:\/\/www.lirapopular.cl\/lirapopularxix\/2020\/12\/04\/verso-de-amor-6\/\">Verso de amor<\/a><\/li><li><a href=\"https:\/\/www.lirapopular.cl\/lirapopularxix\/2020\/12\/04\/versos-de-literatura-contrarrestado\/\">Versos de literatura. Contrarrestado<\/a><\/li><li><a href=\"https:\/\/www.lirapopular.cl\/lirapopularxix\/2020\/12\/04\/el-contrarresto-4\/\">El contrarresto<\/a><\/li><li><a href=\"https:\/\/www.lirapopular.cl\/lirapopularxix\/2020\/12\/04\/romualdo-negrete\/\">Romualdo Negrete. Ultima sentencia por la Corte de Valpara\u00edso donde le firma la condena a muerte del reo<\/a><\/li><li><a href=\"https:\/\/www.lirapopular.cl\/lirapopularxix\/2020\/12\/04\/el-asesino-de-mac-kinley\/\">El asesino de Mac-Kinley. La triste ejecuci\u00f3n del anarquista que asesin\u00f3 al presidente de los Estados Unidos<\/a><\/li><li><a href=\"https:\/\/www.lirapopular.cl\/lirapopularxix\/2020\/12\/04\/captura-del-gran-bandido-italiano\/\">Captura del gran bandido italiano Mussolino con todos los detalles de sus cr\u00edmenes violaciones y los incendios en los hogares<\/a><\/li><\/ul>\n\n\n\n<p>Nota: Este ejemplar tiene escrito a mano con plum\u00f3n \u201c25\u201d, por el reverso sobre un papel &#8220;8&#8221;.<br>Documento optimizado digitalmente.<\/p>\n","protected":false},"excerpt":{"rendered":"<p>Autor: Daniel Meneses. Poeta nacional. Calle de M\u00e1rquez, 57Impresor: Sin informaci\u00f3nTama\u00f1o: 54 x 38 cmClasificaci\u00f3n: BN C\u00f3digo:\u00a0LO0012352 Verso de amor Versos de literatura. Contrarrestado El contrarresto Romualdo Negrete. Ultima sentencia por la Corte de Valpara\u00edso donde le firma la condena a muerte del reo El asesino de Mac-Kinley. La triste ejecuci\u00f3n del anarquista que asesin\u00f3 [&hellip;]<\/p>\n","protected":false},"author":1,"featured_media":0,"parent":0,"menu_order":0,"comment_status":"closed","ping_status":"closed","template":"","meta":{"footnotes":""},"class_list":["post-13938","page","type-page","status-publish","hentry"],"jetpack_sharing_enabled":true,"_links":{"self":[{"href":"https:\/\/www.lirapopular.cl\/lirapopularxix\/wp-json\/wp\/v2\/pages\/13938","targetHints":{"allow":["GET"]}}],"collection":[{"href":"https:\/\/www.lirapopular.cl\/lirapopularxix\/wp-json\/wp\/v2\/pages"}],"about":[{"href":"https:\/\/www.lirapopular.cl\/lirapopularxix\/wp-json\/wp\/v2\/types\/page"}],"author":[{"embeddable":true,"href":"https:\/\/www.lirapopular.cl\/lirapopularxix\/wp-json\/wp\/v2\/users\/1"}],"replies":[{"embeddable":true,"href":"https:\/\/www.lirapopular.cl\/lirapopularxix\/wp-json\/wp\/v2\/comments?post=13938"}],"version-history":[{"count":0,"href":"https:\/\/www.lirapopular.cl\/lirapopularxix\/wp-json\/wp\/v2\/pages\/13938\/revisions"}],"wp:attachment":[{"href":"https:\/\/www.lirapopular.cl\/lirapopularxix\/wp-json\/wp\/v2\/media?parent=13938"}],"curies":[{"name":"wp","href":"https:\/\/api.w.org\/{rel}","templated":true}]}}