{"id":13915,"date":"2020-12-04T11:04:30","date_gmt":"2020-12-04T15:04:30","guid":{"rendered":"https:\/\/www.lirapopular.cl\/lirapopularxix\/?page_id=13915"},"modified":"2020-12-04T11:04:30","modified_gmt":"2020-12-04T15:04:30","slug":"proximo-fusilamiento","status":"publish","type":"page","link":"https:\/\/www.lirapopular.cl\/lirapopularxix\/proximo-fusilamiento\/","title":{"rendered":"PR\u00d3XIMO FUSILAMIENTO<br>Del criminal que asesin\u00f3 al sacerdote en la Comuna Providencia<br>Horrible Cr\u00edmen en \u00d1u\u00f1oa"},"content":{"rendered":"\n<div class=\"wp-block-image\"><figure class=\"alignright size-medium\"><a href=\"https:\/\/www.lirapopular.cl\/lirapopularxix\/wp-content\/uploads\/2020\/12\/LO0012392.jpg\"><img loading=\"lazy\" decoding=\"async\" width=\"300\" height=\"199\" src=\"https:\/\/www.lirapopular.cl\/lirapopularxix\/wp-content\/uploads\/2020\/12\/LO0012392-300x199.jpg\" alt=\"\" class=\"wp-image-13916\" srcset=\"https:\/\/www.lirapopular.cl\/lirapopularxix\/wp-content\/uploads\/2020\/12\/LO0012392-300x199.jpg 300w, https:\/\/www.lirapopular.cl\/lirapopularxix\/wp-content\/uploads\/2020\/12\/LO0012392-768x510.jpg 768w, https:\/\/www.lirapopular.cl\/lirapopularxix\/wp-content\/uploads\/2020\/12\/LO0012392.jpg 1000w\" sizes=\"auto, (max-width: 300px) 100vw, 300px\" \/><\/a><figcaption>Archivo de Literatura Oral<br>Colecci\u00f3n Alamiro de \u00c1vila<\/figcaption><\/figure><\/div>\n\n\n\n<p>Autor: Daniel Meneses. Poeta nacional chileno. Maruri 235<br>Impresor: Imp. Am\u00e9rica, Bandera 858<br>Tama\u00f1o: 54 x 38 cm<br>Clasificaci\u00f3n: BN C\u00f3digo:&nbsp;LO0012392.<\/p>\n\n\n\n<ul class=\"wp-block-list\"><li><a href=\"https:\/\/www.lirapopular.cl\/lirapopularxix\/2020\/12\/04\/la-falsia-de-las-biblicas\/\">La fals\u00eda de las b\u00edblicas<\/a><\/li><li><a href=\"https:\/\/www.lirapopular.cl\/lirapopularxix\/2020\/12\/04\/las-falsias-del-diluvio\/\">Las fals\u00edas del diluvio<\/a><\/li><li><a href=\"https:\/\/www.lirapopular.cl\/lirapopularxix\/2020\/12\/04\/completos-detallesdel-gran-incendio-del-teatrosan-martin\/\">Completos detalles del gran incendio del Teatro San Mart\u00edn<\/a><\/li><li><a href=\"https:\/\/www.lirapopular.cl\/lirapopularxix\/2020\/12\/04\/versos-dedicados-alpartido-democrata-por-sus-pre-parativos-para-las-votaciones\/\">Versos dedicados al Partido Dem\u00f3crata por sus preparativos para las votaciones<\/a><\/li><li><a href=\"https:\/\/www.lirapopular.cl\/lirapopularxix\/2020\/12\/04\/completos-detallesde-la-huelga-de-antofagasta-muertos-i-heridos\/\">Completos detalles de la huelga de Antofagasta. Muertos y heridos<\/a><\/li><li><a href=\"https:\/\/www.lirapopular.cl\/lirapopularxix\/2020\/12\/04\/proximo-fusilamiento\/\">Pr\u00f3ximo fusilamiento del criminal que asesin\u00f3 al sacerdote en la comuna de Providencia. Horrible crimen en \u00d1u\u00f1oa<\/a><\/li><\/ul>\n\n\n\n<p>Nota: El incendio del Teatro San Mart\u00edn fue en febrero de 1906.<br>Este ejemplar tiene escrito a mano con plum\u00f3n \u201c66\u201d con l\u00e1piz grafito 4 palabras poco legibles, por el reverso &#8220;197&#8221;.<br>Documento optimizado digitalmente.<\/p>\n","protected":false},"excerpt":{"rendered":"<p>Autor: Daniel Meneses. Poeta nacional chileno. Maruri 235Impresor: Imp. Am\u00e9rica, Bandera 858Tama\u00f1o: 54 x 38 cmClasificaci\u00f3n: BN C\u00f3digo:&nbsp;LO0012392. La fals\u00eda de las b\u00edblicas Las fals\u00edas del diluvio Completos detalles del gran incendio del Teatro San Mart\u00edn Versos dedicados al Partido Dem\u00f3crata por sus preparativos para las votaciones Completos detalles de la huelga de Antofagasta. Muertos [&hellip;]<\/p>\n","protected":false},"author":1,"featured_media":0,"parent":0,"menu_order":0,"comment_status":"closed","ping_status":"closed","template":"","meta":{"footnotes":""},"class_list":["post-13915","page","type-page","status-publish","hentry"],"jetpack_sharing_enabled":true,"_links":{"self":[{"href":"https:\/\/www.lirapopular.cl\/lirapopularxix\/wp-json\/wp\/v2\/pages\/13915","targetHints":{"allow":["GET"]}}],"collection":[{"href":"https:\/\/www.lirapopular.cl\/lirapopularxix\/wp-json\/wp\/v2\/pages"}],"about":[{"href":"https:\/\/www.lirapopular.cl\/lirapopularxix\/wp-json\/wp\/v2\/types\/page"}],"author":[{"embeddable":true,"href":"https:\/\/www.lirapopular.cl\/lirapopularxix\/wp-json\/wp\/v2\/users\/1"}],"replies":[{"embeddable":true,"href":"https:\/\/www.lirapopular.cl\/lirapopularxix\/wp-json\/wp\/v2\/comments?post=13915"}],"version-history":[{"count":0,"href":"https:\/\/www.lirapopular.cl\/lirapopularxix\/wp-json\/wp\/v2\/pages\/13915\/revisions"}],"wp:attachment":[{"href":"https:\/\/www.lirapopular.cl\/lirapopularxix\/wp-json\/wp\/v2\/media?parent=13915"}],"curies":[{"name":"wp","href":"https:\/\/api.w.org\/{rel}","templated":true}]}}