{"id":13894,"date":"2020-12-03T18:06:56","date_gmt":"2020-12-03T22:06:56","guid":{"rendered":"https:\/\/www.lirapopular.cl\/lirapopularxix\/?page_id=13894"},"modified":"2020-12-03T18:06:56","modified_gmt":"2020-12-03T22:06:56","slug":"prometimientos-de-un-guardia","status":"publish","type":"page","link":"https:\/\/www.lirapopular.cl\/lirapopularxix\/prometimientos-de-un-guardia\/","title":{"rendered":"Prometimientos de un guardia nacional, donde convida \u00e1 sus compa\u00f1eros \u00e1 jurar por la bandera <br>y \u00e1 morir antes que entregarla al enemigo"},"content":{"rendered":"\n<div class=\"wp-block-image\"><figure class=\"alignright size-medium\"><a href=\"https:\/\/www.lirapopular.cl\/lirapopularxix\/wp-content\/uploads\/2020\/12\/LO0012398.jpg\"><img loading=\"lazy\" decoding=\"async\" width=\"300\" height=\"193\" src=\"https:\/\/www.lirapopular.cl\/lirapopularxix\/wp-content\/uploads\/2020\/12\/LO0012398-300x193.jpg\" alt=\"\" class=\"wp-image-13895\" srcset=\"https:\/\/www.lirapopular.cl\/lirapopularxix\/wp-content\/uploads\/2020\/12\/LO0012398-300x193.jpg 300w, https:\/\/www.lirapopular.cl\/lirapopularxix\/wp-content\/uploads\/2020\/12\/LO0012398-768x495.jpg 768w, https:\/\/www.lirapopular.cl\/lirapopularxix\/wp-content\/uploads\/2020\/12\/LO0012398.jpg 1000w\" sizes=\"auto, (max-width: 300px) 100vw, 300px\" \/><\/a><figcaption>Archivo de Literatura Oral<br>Colecci\u00f3n Alamiro de \u00c1vila<\/figcaption><\/figure><\/div>\n\n\n\n<p>Autor: Daniel Meneses. Poeta santiaguino.<br>Impresor: Sin informaci\u00f3n<br>Tama\u00f1o: 52 x 38 cm<br>Clasificaci\u00f3n: BN C\u00f3digo: LO0012398<\/p>\n\n\n\n<ul class=\"wp-block-list\"><li><a href=\"https:\/\/www.lirapopular.cl\/lirapopularxix\/2020\/12\/04\/mi-saludo-al-arribar-al-puerto\/\">Mi saludo al arribar al puerto de Iquique. A los lectores de mis versos de la provincia de Tarapac\u00e1<\/a><\/li><li><a href=\"https:\/\/www.lirapopular.cl\/lirapopularxix\/2020\/12\/04\/prometimientos\/\">Prometimientos de un guardia nacional donde convida a sus compa\u00f1eros a jurar por la bandera y morir antes que entregarla al enemigo<\/a><\/li><li><a href=\"https:\/\/www.lirapopular.cl\/lirapopularxix\/2020\/12\/04\/versodesafiando-a-los-poetas-popu-lares-de-valparaiso-al-norte\/\">Verso desafiando a los poetas populares de Valpara\u00edso al norte<\/a><\/li><li><a href=\"https:\/\/www.lirapopular.cl\/lirapopularxix\/2020\/12\/04\/versopor-la-astronomia\/\">Verso por la astronom\u00eda<\/a><\/li><li><a href=\"https:\/\/www.lirapopular.cl\/lirapopularxix\/2020\/12\/04\/verso-historico-5\/\">Verso hist\u00f3rico<\/a><\/li><li><a href=\"https:\/\/www.lirapopular.cl\/lirapopularxix\/2020\/12\/04\/versos-de-sentimiento-3\/\">Versos de sentimiento<\/a><\/li><\/ul>\n\n\n\n<p>Nota: De acuerdo a la primera d\u00e9cima, habr\u00eda sido publicada en 1899.<br>Este ejemplar tiene escrito a mano con plum\u00f3n \u201c72\u201d, por el reverso &#8220;266&#8221;.<br>Documento optimizado digitalmente.<\/p>\n","protected":false},"excerpt":{"rendered":"<p>Autor: Daniel Meneses. Poeta santiaguino.Impresor: Sin informaci\u00f3nTama\u00f1o: 52 x 38 cmClasificaci\u00f3n: BN C\u00f3digo: LO0012398 Mi saludo al arribar al puerto de Iquique. A los lectores de mis versos de la provincia de Tarapac\u00e1 Prometimientos de un guardia nacional donde convida a sus compa\u00f1eros a jurar por la bandera y morir antes que entregarla al enemigo [&hellip;]<\/p>\n","protected":false},"author":1,"featured_media":0,"parent":0,"menu_order":0,"comment_status":"closed","ping_status":"closed","template":"","meta":{"footnotes":""},"class_list":["post-13894","page","type-page","status-publish","hentry"],"jetpack_sharing_enabled":true,"_links":{"self":[{"href":"https:\/\/www.lirapopular.cl\/lirapopularxix\/wp-json\/wp\/v2\/pages\/13894","targetHints":{"allow":["GET"]}}],"collection":[{"href":"https:\/\/www.lirapopular.cl\/lirapopularxix\/wp-json\/wp\/v2\/pages"}],"about":[{"href":"https:\/\/www.lirapopular.cl\/lirapopularxix\/wp-json\/wp\/v2\/types\/page"}],"author":[{"embeddable":true,"href":"https:\/\/www.lirapopular.cl\/lirapopularxix\/wp-json\/wp\/v2\/users\/1"}],"replies":[{"embeddable":true,"href":"https:\/\/www.lirapopular.cl\/lirapopularxix\/wp-json\/wp\/v2\/comments?post=13894"}],"version-history":[{"count":0,"href":"https:\/\/www.lirapopular.cl\/lirapopularxix\/wp-json\/wp\/v2\/pages\/13894\/revisions"}],"wp:attachment":[{"href":"https:\/\/www.lirapopular.cl\/lirapopularxix\/wp-json\/wp\/v2\/media?parent=13894"}],"curies":[{"name":"wp","href":"https:\/\/api.w.org\/{rel}","templated":true}]}}