{"id":13868,"date":"2020-12-03T11:24:20","date_gmt":"2020-12-03T15:24:20","guid":{"rendered":"https:\/\/www.lirapopular.cl\/lirapopularxix\/?page_id=13868"},"modified":"2020-12-03T11:24:20","modified_gmt":"2020-12-03T15:24:20","slug":"muerte-de-un-guardian","status":"publish","type":"page","link":"https:\/\/www.lirapopular.cl\/lirapopularxix\/muerte-de-un-guardian\/","title":{"rendered":"MUERTE DE UN GUARDIAN EN LA CALLE DEL PUENTE<br>Doble cr\u00edmen en Coquimbo, el amante que asesin\u00f3 a la querida por no tener que darle de comer"},"content":{"rendered":"<div class=\"wp-block-image\">\n<figure class=\"alignright size-medium\"><a href=\"https:\/\/www.lirapopular.cl\/lirapopularxix\/wp-content\/uploads\/2020\/12\/LO0012233.jpg\"><img loading=\"lazy\" decoding=\"async\" width=\"209\" height=\"300\" src=\"https:\/\/www.lirapopular.cl\/lirapopularxix\/wp-content\/uploads\/2020\/12\/LO0012233-209x300.jpg\" alt=\"\" class=\"wp-image-13869\" srcset=\"https:\/\/www.lirapopular.cl\/lirapopularxix\/wp-content\/uploads\/2020\/12\/LO0012233-209x300.jpg 209w, https:\/\/www.lirapopular.cl\/lirapopularxix\/wp-content\/uploads\/2020\/12\/LO0012233.jpg 697w\" sizes=\"auto, (max-width: 209px) 100vw, 209px\" \/><\/a><figcaption class=\"wp-element-caption\">Archivo de Literatura Oral<br>Fondo Rodolfo Lenz<\/figcaption><\/figure>\n<\/div>\n\n\n<p>Autor: Daniel Meneses. Poeta nortino. Morand\u00e9, 8-A<br>Impresor: Imprenta, Moneda<br>Tama\u00f1o: 55 x 39&nbsp; cm<br>Clasificaci\u00f3n: BN C\u00f3digo:&nbsp;LO0012233, BN C\u00f3digo: LO0012365<\/p>\n\n\n\n<ul class=\"wp-block-list\">\n<li><a href=\"https:\/\/www.lirapopular.cl\/lirapopularxix\/2020\/12\/03\/prometimientos-de-amores-2\/\">Prometimientos de amores<\/a><\/li>\n\n\n\n<li><a href=\"https:\/\/www.lirapopular.cl\/lirapopularxix\/2020\/12\/03\/versos-biblicosla-paciencia-del-santo-job\/\">Versos b\u00edblicos. La paciencia del santo Job<\/a><\/li>\n\n\n\n<li><a href=\"https:\/\/www.lirapopular.cl\/lirapopularxix\/2020\/12\/03\/escursionde-un-cantor-de-guitarron\/\">Excursi\u00f3n de un cantor de guitarr\u00f3n<\/a><\/li>\n\n\n\n<li><a href=\"https:\/\/www.lirapopular.cl\/lirapopularxix\/2020\/12\/03\/un-adios-eternoal-jeneral-baquedano\/\">Un adi\u00f3s eterno al general Baquedano<\/a><\/li>\n\n\n\n<li><a href=\"https:\/\/www.lirapopular.cl\/lirapopularxix\/2020\/12\/03\/doble-crimen-en-coquimboel-amante-que-asesinoa-la-queridapor-no-tener-que-darle-de-comer\/\">Doble crimen en Coquimbo. El amante que asesin\u00f3 a la querida por no tener que darle de comer<\/a><\/li>\n\n\n\n<li><a href=\"https:\/\/www.lirapopular.cl\/lirapopularxix\/2020\/12\/03\/muerte-de-un-guardianen-la-calle-del-puente\/\">Muerte de un guardi\u00e1n en la calle del Puente<\/a><\/li>\n\n\n\n<li><a href=\"https:\/\/www.lirapopular.cl\/lirapopularxix\/2020\/12\/03\/el-maridoque-asesino-a-la-mujer-en-la-callede-castro\/\">El marido que asesin\u00f3 a la mujer en la calle de Castro<\/a><\/li>\n<\/ul>\n\n\n\n<p>Nota: El 1er ejemplar tiene escrito a mano con l\u00e1piz azul \u201c-27-\u201d, un n\u00famero ilegible con timbre, con l\u00e1piz grafito &#8220;87&#8221;, &#8220;oct. 1897&#8221;.<br>El 2\u00ba ejemplar tiene escrito a mano con plum\u00f3n \u201c38\u201d, por el reverso, sobre un papel &#8220;22&#8221;.<br>Documentos optimizados digitalmente.<\/p>\n\n\n<div class=\"wp-block-image\">\n<figure class=\"alignright size-medium\"><a href=\"https:\/\/www.lirapopular.cl\/lirapopularxix\/wp-content\/uploads\/2020\/12\/LO0012365.jpg\"><img decoding=\"async\" src=\"https:\/\/www.lirapopular.cl\/lirapopularxix\/wp-content\/uploads\/2020\/12\/LO0012365-300x190.jpg\" alt=\"\" class=\"wp-image-13872\"\/><\/a><figcaption class=\"wp-element-caption\">Archivo de Literatura Oral<br>Colecci\u00f3n Alamiro de \u00c1vila<\/figcaption><\/figure>\n<\/div>","protected":false},"excerpt":{"rendered":"<p>Autor: Daniel Meneses. Poeta nortino. Morand\u00e9, 8-AImpresor: Imprenta, MonedaTama\u00f1o: 55 x 39&nbsp; cmClasificaci\u00f3n: BN C\u00f3digo:&nbsp;LO0012233, BN C\u00f3digo: LO0012365 Nota: El 1er ejemplar tiene escrito a mano con l\u00e1piz azul \u201c-27-\u201d, un n\u00famero ilegible con timbre, con l\u00e1piz grafito &#8220;87&#8221;, &#8220;oct. 1897&#8221;.El 2\u00ba ejemplar tiene escrito a mano con plum\u00f3n \u201c38\u201d, por el reverso, sobre un [&hellip;]<\/p>\n","protected":false},"author":1,"featured_media":0,"parent":0,"menu_order":0,"comment_status":"closed","ping_status":"closed","template":"","meta":{"footnotes":""},"class_list":["post-13868","page","type-page","status-publish","hentry"],"jetpack_sharing_enabled":true,"_links":{"self":[{"href":"https:\/\/www.lirapopular.cl\/lirapopularxix\/wp-json\/wp\/v2\/pages\/13868","targetHints":{"allow":["GET"]}}],"collection":[{"href":"https:\/\/www.lirapopular.cl\/lirapopularxix\/wp-json\/wp\/v2\/pages"}],"about":[{"href":"https:\/\/www.lirapopular.cl\/lirapopularxix\/wp-json\/wp\/v2\/types\/page"}],"author":[{"embeddable":true,"href":"https:\/\/www.lirapopular.cl\/lirapopularxix\/wp-json\/wp\/v2\/users\/1"}],"replies":[{"embeddable":true,"href":"https:\/\/www.lirapopular.cl\/lirapopularxix\/wp-json\/wp\/v2\/comments?post=13868"}],"version-history":[{"count":0,"href":"https:\/\/www.lirapopular.cl\/lirapopularxix\/wp-json\/wp\/v2\/pages\/13868\/revisions"}],"wp:attachment":[{"href":"https:\/\/www.lirapopular.cl\/lirapopularxix\/wp-json\/wp\/v2\/media?parent=13868"}],"curies":[{"name":"wp","href":"https:\/\/api.w.org\/{rel}","templated":true}]}}