{"id":13849,"date":"2020-12-02T17:48:45","date_gmt":"2020-12-02T21:48:45","guid":{"rendered":"https:\/\/www.lirapopular.cl\/lirapopularxix\/?page_id=13849"},"modified":"2020-12-02T17:48:45","modified_gmt":"2020-12-02T21:48:45","slug":"mi-saludo-al-poeta-pequen","status":"publish","type":"page","link":"https:\/\/www.lirapopular.cl\/lirapopularxix\/mi-saludo-al-poeta-pequen\/","title":{"rendered":"MI SALUDO AL POETA PEQUEN QUE SALI\u00d3 DESAFIANDO EN VERSO I NO HA SEGUIDO<br>Gran cr\u00edmen en Valparaiso, el hermano que le di\u00f3 muerte al otro hermano a pu\u00f1aladas"},"content":{"rendered":"\n<div class=\"wp-block-image\"><figure class=\"alignright size-medium\"><a href=\"https:\/\/www.lirapopular.cl\/lirapopularxix\/wp-content\/uploads\/2020\/12\/LO0012414.jpg\"><img loading=\"lazy\" decoding=\"async\" width=\"300\" height=\"191\" src=\"https:\/\/www.lirapopular.cl\/lirapopularxix\/wp-content\/uploads\/2020\/12\/LO0012414-300x191.jpg\" alt=\"\" class=\"wp-image-13850\" srcset=\"https:\/\/www.lirapopular.cl\/lirapopularxix\/wp-content\/uploads\/2020\/12\/LO0012414-300x191.jpg 300w, https:\/\/www.lirapopular.cl\/lirapopularxix\/wp-content\/uploads\/2020\/12\/LO0012414-768x489.jpg 768w, https:\/\/www.lirapopular.cl\/lirapopularxix\/wp-content\/uploads\/2020\/12\/LO0012414.jpg 1000w\" sizes=\"auto, (max-width: 300px) 100vw, 300px\" \/><\/a><figcaption>Archivo de Literatura Oral<br>Colecci\u00f3n Alamiro de \u00c1vila<\/figcaption><\/figure><\/div>\n\n\n\n<p>Autor: Daniel Meneses. Poeta nortino, Morand\u00e9, 8-A<br>Impresor: Imprenta, Moneda<br>Tama\u00f1o: 53 x 39 cm<br>Clasificaci\u00f3n: BN C\u00f3digo:\u00a0LO0012414<\/p>\n\n\n\n<ul class=\"wp-block-list\"><li><a href=\"https:\/\/www.lirapopular.cl\/lirapopularxix\/2020\/12\/03\/mi-saludo-al-poeta-pequen\/\">[Mi saludo al poeta Pequen] que sali\u00f3 desafiando en [ver]so y no ha seguido<\/a><\/li><li><a href=\"https:\/\/www.lirapopular.cl\/lirapopularxix\/2020\/12\/03\/mi-valor-para-versar-con-cualquiera-en-contrapunto\/\">[Mi valor para] versar con cualquiera e[n] contrapunto<\/a><\/li><li><a href=\"https:\/\/www.lirapopular.cl\/lirapopularxix\/2020\/12\/03\/versos-amor\/\">Versos [\u2026] amor<\/a><\/li><li><a href=\"https:\/\/www.lirapopular.cl\/lirapopularxix\/2020\/12\/03\/las-grandescarreras-en-vina-del-mar\/\">[Las gran]des carreras [en] Vi\u00f1a del Mar<\/a><\/li><li><a href=\"https:\/\/www.lirapopular.cl\/lirapopularxix\/2020\/12\/03\/sigue-el-dialogoentre-el-rotito\/\">Sigue el di\u00e1logo entre el rotito del norte y el del sur sobre una cr\u00edtica que van a hacer en Valpara\u00edso<\/a><\/li><li><a href=\"https:\/\/www.lirapopular.cl\/lirapopularxix\/2020\/12\/03\/gran-crimen-en-valparaisoel-hermano-que-le-dio-muerteal-otro-hermano-a-punaladas\/\">Gran crimen en Valpara\u00edso. El hermano que le dio muerte al otro hermano a pu\u00f1aladas<\/a><\/li><\/ul>\n\n\n\n<p>Nota: Este ejemplar tiene escrito a mano con plum\u00f3n \u201c88\u201d.<br>Documento optimizado digitalmente.<\/p>\n","protected":false},"excerpt":{"rendered":"<p>Autor: Daniel Meneses. Poeta nortino, Morand\u00e9, 8-AImpresor: Imprenta, MonedaTama\u00f1o: 53 x 39 cmClasificaci\u00f3n: BN C\u00f3digo:\u00a0LO0012414 [Mi saludo al poeta Pequen] que sali\u00f3 desafiando en [ver]so y no ha seguido [Mi valor para] versar con cualquiera e[n] contrapunto Versos [\u2026] amor [Las gran]des carreras [en] Vi\u00f1a del Mar Sigue el di\u00e1logo entre el rotito del norte [&hellip;]<\/p>\n","protected":false},"author":1,"featured_media":0,"parent":0,"menu_order":0,"comment_status":"closed","ping_status":"closed","template":"","meta":{"footnotes":""},"class_list":["post-13849","page","type-page","status-publish","hentry"],"jetpack_sharing_enabled":true,"_links":{"self":[{"href":"https:\/\/www.lirapopular.cl\/lirapopularxix\/wp-json\/wp\/v2\/pages\/13849","targetHints":{"allow":["GET"]}}],"collection":[{"href":"https:\/\/www.lirapopular.cl\/lirapopularxix\/wp-json\/wp\/v2\/pages"}],"about":[{"href":"https:\/\/www.lirapopular.cl\/lirapopularxix\/wp-json\/wp\/v2\/types\/page"}],"author":[{"embeddable":true,"href":"https:\/\/www.lirapopular.cl\/lirapopularxix\/wp-json\/wp\/v2\/users\/1"}],"replies":[{"embeddable":true,"href":"https:\/\/www.lirapopular.cl\/lirapopularxix\/wp-json\/wp\/v2\/comments?post=13849"}],"version-history":[{"count":0,"href":"https:\/\/www.lirapopular.cl\/lirapopularxix\/wp-json\/wp\/v2\/pages\/13849\/revisions"}],"wp:attachment":[{"href":"https:\/\/www.lirapopular.cl\/lirapopularxix\/wp-json\/wp\/v2\/media?parent=13849"}],"curies":[{"name":"wp","href":"https:\/\/api.w.org\/{rel}","templated":true}]}}