{"id":13766,"date":"2020-11-30T18:41:11","date_gmt":"2020-11-30T22:41:11","guid":{"rendered":"https:\/\/www.lirapopular.cl\/lirapopularxix\/?page_id=13766"},"modified":"2020-11-30T18:41:11","modified_gmt":"2020-11-30T22:41:11","slug":"la-horrible-catastrofe","status":"publish","type":"page","link":"https:\/\/www.lirapopular.cl\/lirapopularxix\/la-horrible-catastrofe\/","title":{"rendered":"La horrible cat\u00e1strofe en la Lavanderia Internacional, cuatro mujeres muertas<br>Completos detalles de los estragos causados en el sur por el temporal"},"content":{"rendered":"\n<div class=\"wp-block-image\"><figure class=\"alignright size-medium\"><a href=\"https:\/\/www.lirapopular.cl\/lirapopularxix\/wp-content\/uploads\/2020\/11\/LO0012438.jpg\"><img loading=\"lazy\" decoding=\"async\" width=\"300\" height=\"196\" src=\"https:\/\/www.lirapopular.cl\/lirapopularxix\/wp-content\/uploads\/2020\/11\/LO0012438-300x196.jpg\" alt=\"\" class=\"wp-image-13767\" srcset=\"https:\/\/www.lirapopular.cl\/lirapopularxix\/wp-content\/uploads\/2020\/11\/LO0012438-300x196.jpg 300w, https:\/\/www.lirapopular.cl\/lirapopularxix\/wp-content\/uploads\/2020\/11\/LO0012438-768x502.jpg 768w, https:\/\/www.lirapopular.cl\/lirapopularxix\/wp-content\/uploads\/2020\/11\/LO0012438.jpg 1000w\" sizes=\"auto, (max-width: 300px) 100vw, 300px\" \/><\/a><figcaption>Archivo de Literatura Oral<br>Colecci\u00f3n Alamiro de \u00c1vila<\/figcaption><\/figure><\/div>\n\n\n\n<p>Autor: Daniel Meneses. Poeta nacional chileno. Calle de Morand\u00e9. N\u00fam. 955<br>Impresor: Imprenta, Moneda 843<br>Tama\u00f1o: 55 x 39 cm<br>Clasificaci\u00f3n: BN C\u00f3digo:\u00a0LO0012438<\/p>\n\n\n\n<ul class=\"wp-block-list\"><li><a href=\"https:\/\/www.lirapopular.cl\/lirapopularxix\/2020\/12\/01\/a-un-critico-sabiondo\/\">A un cr\u00edtico sabiondo<\/a><\/li><li><a href=\"https:\/\/www.lirapopular.cl\/lirapopularxix\/2020\/12\/01\/versos-por-el-enanito\/\">Versos por el Enanito<\/a><\/li><li><a href=\"https:\/\/www.lirapopular.cl\/lirapopularxix\/2020\/12\/01\/cantares-dedicadosa-una-amiga\/\">Cantares dedicados a una amiga<\/a><\/li><li><a href=\"https:\/\/www.lirapopular.cl\/lirapopularxix\/2020\/12\/01\/amor-fino-3\/\">Amor fino<\/a><\/li><li><a href=\"https:\/\/www.lirapopular.cl\/lirapopularxix\/2020\/12\/01\/cuecas-varias-5\/\">Cuecas varias<\/a><\/li><li><a href=\"https:\/\/www.lirapopular.cl\/lirapopularxix\/2020\/12\/01\/la-horrible-catastrofe\/\">La horrible cat\u00e1strofe en la Lavander\u00eda Internacional, cuatro mujeres muertas instant\u00e1neamente<\/a><\/li><li><a href=\"https:\/\/www.lirapopular.cl\/lirapopularxix\/2020\/12\/01\/completos-detallesde-los-estragos\/\">Completos detalles de los estragos causados en el sur por el temporal.<\/a><\/li><\/ul>\n\n\n\n<p>Nota: Este ejemplar tiene escrito a mano con l\u00e1piz azul \u201c15\u201d y con plum\u00f3n &#8220;112&#8221;, en el reverso sobre un papel &#8220;14&#8221;.<br>Documento optimizado digitalmente.<\/p>\n","protected":false},"excerpt":{"rendered":"<p>Autor: Daniel Meneses. Poeta nacional chileno. Calle de Morand\u00e9. N\u00fam. 955Impresor: Imprenta, Moneda 843Tama\u00f1o: 55 x 39 cmClasificaci\u00f3n: BN C\u00f3digo:\u00a0LO0012438 A un cr\u00edtico sabiondo Versos por el Enanito Cantares dedicados a una amiga Amor fino Cuecas varias La horrible cat\u00e1strofe en la Lavander\u00eda Internacional, cuatro mujeres muertas instant\u00e1neamente Completos detalles de los estragos causados en [&hellip;]<\/p>\n","protected":false},"author":1,"featured_media":0,"parent":0,"menu_order":0,"comment_status":"closed","ping_status":"closed","template":"","meta":{"footnotes":""},"class_list":["post-13766","page","type-page","status-publish","hentry"],"jetpack_sharing_enabled":true,"_links":{"self":[{"href":"https:\/\/www.lirapopular.cl\/lirapopularxix\/wp-json\/wp\/v2\/pages\/13766","targetHints":{"allow":["GET"]}}],"collection":[{"href":"https:\/\/www.lirapopular.cl\/lirapopularxix\/wp-json\/wp\/v2\/pages"}],"about":[{"href":"https:\/\/www.lirapopular.cl\/lirapopularxix\/wp-json\/wp\/v2\/types\/page"}],"author":[{"embeddable":true,"href":"https:\/\/www.lirapopular.cl\/lirapopularxix\/wp-json\/wp\/v2\/users\/1"}],"replies":[{"embeddable":true,"href":"https:\/\/www.lirapopular.cl\/lirapopularxix\/wp-json\/wp\/v2\/comments?post=13766"}],"version-history":[{"count":0,"href":"https:\/\/www.lirapopular.cl\/lirapopularxix\/wp-json\/wp\/v2\/pages\/13766\/revisions"}],"wp:attachment":[{"href":"https:\/\/www.lirapopular.cl\/lirapopularxix\/wp-json\/wp\/v2\/media?parent=13766"}],"curies":[{"name":"wp","href":"https:\/\/api.w.org\/{rel}","templated":true}]}}