{"id":13740,"date":"2020-11-30T15:40:58","date_gmt":"2020-11-30T19:40:58","guid":{"rendered":"https:\/\/www.lirapopular.cl\/lirapopularxix\/?page_id=13740"},"modified":"2020-11-30T15:40:58","modified_gmt":"2020-11-30T19:40:58","slug":"hundimiento-de-un-puente","status":"publish","type":"page","link":"https:\/\/www.lirapopular.cl\/lirapopularxix\/hundimiento-de-un-puente\/","title":{"rendered":"Hundimiento de un puente entre Talagante i San Francisco del Monte<br>I el tren de pasajeros que se cay\u00f3 al rio con mas de 50 personas<br>Rogativa a la Virjen del Carmelo para que cesen los temporales"},"content":{"rendered":"\n<div class=\"wp-block-image\"><figure class=\"alignright size-medium\"><a href=\"https:\/\/www.lirapopular.cl\/lirapopularxix\/wp-content\/uploads\/2020\/11\/LO0012374.jpg\"><img loading=\"lazy\" decoding=\"async\" width=\"300\" height=\"200\" src=\"https:\/\/www.lirapopular.cl\/lirapopularxix\/wp-content\/uploads\/2020\/11\/LO0012374-300x200.jpg\" alt=\"\" class=\"wp-image-13741\" srcset=\"https:\/\/www.lirapopular.cl\/lirapopularxix\/wp-content\/uploads\/2020\/11\/LO0012374-300x200.jpg 300w, https:\/\/www.lirapopular.cl\/lirapopularxix\/wp-content\/uploads\/2020\/11\/LO0012374-768x512.jpg 768w, https:\/\/www.lirapopular.cl\/lirapopularxix\/wp-content\/uploads\/2020\/11\/LO0012374.jpg 1000w\" sizes=\"auto, (max-width: 300px) 100vw, 300px\" \/><\/a><figcaption>Archivo de Literatura Oral<br>Colecci\u00f3n Alamiro de \u00c1vila<\/figcaption><\/figure><\/div>\n\n\n\n<p>Autor: Daniel Meneses. Poeta nacional chileno. Calle de Morand\u00e9, N\u00fam. 955<br>Impresor: Imprenta, Moneda 843<br>Tama\u00f1o: 55 x 39 cm<br>Clasificaci\u00f3n: BN C\u00f3digo:\u00a0LO0012374<\/p>\n\n\n\n<ul class=\"wp-block-list\"><li><a href=\"https:\/\/www.lirapopular.cl\/lirapopularxix\/2020\/11\/30\/rogativaa-la-virjen-del-carmelo-paraque-cesen-los-temporales\/\">Rogativa a la Virjen del Carmelo para que cesen los temporales<\/a><\/li><li><a href=\"https:\/\/www.lirapopular.cl\/lirapopularxix\/2020\/11\/30\/versos-biblicosa-lo-divinolos-suenos-de-nabucodonosor\/\">Versos b\u00edblicos a lo divino. Los sue\u00f1os de Nabucodonosor<\/a><\/li><li><a href=\"https:\/\/www.lirapopular.cl\/lirapopularxix\/2020\/11\/30\/amores-en-el-marversos-contrarrestados\/\">Amores en el mar. Versos contrarrestados<\/a><\/li><li><a href=\"https:\/\/www.lirapopular.cl\/lirapopularxix\/2020\/11\/30\/el-contrarresto-3\/\">El contrarresto<\/a><\/li><li><a href=\"https:\/\/www.lirapopular.cl\/lirapopularxix\/2020\/11\/30\/cancion-la-peruana\/\">Canci\u00f3n La peruana<\/a><\/li><li><a href=\"https:\/\/www.lirapopular.cl\/lirapopularxix\/2020\/11\/30\/completos-detallesde-este-ultimo\/\">Completos detalles de este \u00faltimo temporal, hundimiento del puente Mapocho entre Talagante y San Francisco del Monte y el tren de pasajeros que se cay\u00f3 al rio con m\u00e1s de 50 pasajeros, ahog\u00e1ndose la mayor parte de ellos<\/a><\/li><li><a href=\"https:\/\/www.lirapopular.cl\/lirapopularxix\/2020\/11\/30\/gran-temporal-en-chile\/\">Gran temporal en Chile. De Valpara\u00edso a las fronteras. Enormes p\u00e9rdidas del erario nacional y de muchos ricos particulares<\/a><\/li><\/ul>\n\n\n\n<p>Nota: Este ejemplar tiene escrito a mano con l\u00e1piz azul \u201c16\u201d, con plum\u00f3n &#8220;48&#8221;, por el reverso &#8220;147&#8221;.<br>Documento optimizado digitalmente.<\/p>\n","protected":false},"excerpt":{"rendered":"<p>Autor: Daniel Meneses. Poeta nacional chileno. Calle de Morand\u00e9, N\u00fam. 955Impresor: Imprenta, Moneda 843Tama\u00f1o: 55 x 39 cmClasificaci\u00f3n: BN C\u00f3digo:\u00a0LO0012374 Rogativa a la Virjen del Carmelo para que cesen los temporales Versos b\u00edblicos a lo divino. Los sue\u00f1os de Nabucodonosor Amores en el mar. Versos contrarrestados El contrarresto Canci\u00f3n La peruana Completos detalles de este [&hellip;]<\/p>\n","protected":false},"author":1,"featured_media":0,"parent":0,"menu_order":0,"comment_status":"closed","ping_status":"closed","template":"","meta":{"footnotes":""},"class_list":["post-13740","page","type-page","status-publish","hentry"],"jetpack_sharing_enabled":true,"_links":{"self":[{"href":"https:\/\/www.lirapopular.cl\/lirapopularxix\/wp-json\/wp\/v2\/pages\/13740","targetHints":{"allow":["GET"]}}],"collection":[{"href":"https:\/\/www.lirapopular.cl\/lirapopularxix\/wp-json\/wp\/v2\/pages"}],"about":[{"href":"https:\/\/www.lirapopular.cl\/lirapopularxix\/wp-json\/wp\/v2\/types\/page"}],"author":[{"embeddable":true,"href":"https:\/\/www.lirapopular.cl\/lirapopularxix\/wp-json\/wp\/v2\/users\/1"}],"replies":[{"embeddable":true,"href":"https:\/\/www.lirapopular.cl\/lirapopularxix\/wp-json\/wp\/v2\/comments?post=13740"}],"version-history":[{"count":0,"href":"https:\/\/www.lirapopular.cl\/lirapopularxix\/wp-json\/wp\/v2\/pages\/13740\/revisions"}],"wp:attachment":[{"href":"https:\/\/www.lirapopular.cl\/lirapopularxix\/wp-json\/wp\/v2\/media?parent=13740"}],"curies":[{"name":"wp","href":"https:\/\/api.w.org\/{rel}","templated":true}]}}