{"id":13718,"date":"2020-11-30T10:03:51","date_gmt":"2020-11-30T14:03:51","guid":{"rendered":"https:\/\/www.lirapopular.cl\/lirapopularxix\/?page_id=13718"},"modified":"2020-11-30T10:03:51","modified_gmt":"2020-11-30T14:03:51","slug":"horroroso-y-horripilante-crimen","status":"publish","type":"page","link":"https:\/\/www.lirapopular.cl\/lirapopularxix\/horroroso-y-horripilante-crimen\/","title":{"rendered":"HORROROSO Y<br> horripilante crimen en Talca<br>LA V\u00cdCTIMA ES DEGOLLADA Y PU\u00d1ALEADA"},"content":{"rendered":"\n<div class=\"wp-block-image\"><figure class=\"alignright size-medium\"><a href=\"https:\/\/www.lirapopular.cl\/lirapopularxix\/wp-content\/uploads\/2020\/11\/LO0012391.jpg\"><img loading=\"lazy\" decoding=\"async\" width=\"300\" height=\"196\" src=\"https:\/\/www.lirapopular.cl\/lirapopularxix\/wp-content\/uploads\/2020\/11\/LO0012391-300x196.jpg\" alt=\"\" class=\"wp-image-13719\" srcset=\"https:\/\/www.lirapopular.cl\/lirapopularxix\/wp-content\/uploads\/2020\/11\/LO0012391-300x196.jpg 300w, https:\/\/www.lirapopular.cl\/lirapopularxix\/wp-content\/uploads\/2020\/11\/LO0012391-768x502.jpg 768w, https:\/\/www.lirapopular.cl\/lirapopularxix\/wp-content\/uploads\/2020\/11\/LO0012391.jpg 1000w\" sizes=\"auto, (max-width: 300px) 100vw, 300px\" \/><\/a><figcaption>Archivo de Literatura Oral<br>Colecci\u00f3n Alamiro de \u00c1vila<\/figcaption><\/figure><\/div>\n\n\n\n<p>Autor: Daniel Meneses. Poeta popular chileno. Calle Santo Domingo N\u00ba 1451<br>Impresor: Imp. de \u00abLa Policia\u00bb Cochrane 46<br>Tama\u00f1o: 54 x 39\u00a0 cm<br>Clasificaci\u00f3n: BN C\u00f3digo:\u00a0LO0012391<\/p>\n\n\n\n<ul class=\"wp-block-list\"><li><a href=\"https:\/\/www.lirapopular.cl\/lirapopularxix\/2020\/11\/30\/amor-por-fuerza-donde-nohai-voluntad\/\">Amor por fuerza donde no hay voluntad<\/a><\/li><li><a href=\"https:\/\/www.lirapopular.cl\/lirapopularxix\/2020\/11\/30\/contestacion-al-criticastropedro-villegas\/\">Contestaci\u00f3n al criticastro Pedro Villegas<\/a><\/li><li><a href=\"https:\/\/www.lirapopular.cl\/lirapopularxix\/2020\/11\/30\/al-mismo-sabihondo-criti-castro-villegas\/\">Al mismo sabihondo criticastro, Villegas<\/a><\/li><li><a href=\"https:\/\/www.lirapopular.cl\/lirapopularxix\/2020\/11\/30\/brindis-distintos-7\/\">Brindis distintos<\/a><\/li><li><a href=\"https:\/\/www.lirapopular.cl\/lirapopularxix\/horroroso-y-horripilante-crimen\/\">El zapatero que se ahorc\u00f3 en el cerro de la Cruz de aburrido de ver que se encontraba enfermo y no podia sanar<\/a><\/li><li><a href=\"https:\/\/www.lirapopular.cl\/lirapopularxix\/2020\/11\/30\/horroroso-y-horripilante-crimen\/\">Horroroso y horripilante cr\u00edmen en Talca. La v\u00edctima es degollada y en seguida apu\u00f1aleada con diez y ocho pu\u00f1aladas<\/a><\/li><li><a href=\"https:\/\/www.lirapopular.cl\/lirapopularxix\/2020\/11\/30\/aviso-3\/\">Aviso<\/a><\/li><\/ul>\n\n\n\n<p>Nota: Este ejemplar tiene escrito a mano con plum\u00f3n \u201c65\u201d, por el reverso&#8221;268&#8243;.<br>Documento optimizado digitalmente.<\/p>\n","protected":false},"excerpt":{"rendered":"<p>Autor: Daniel Meneses. Poeta popular chileno. Calle Santo Domingo N\u00ba 1451Impresor: Imp. de \u00abLa Policia\u00bb Cochrane 46Tama\u00f1o: 54 x 39\u00a0 cmClasificaci\u00f3n: BN C\u00f3digo:\u00a0LO0012391 Amor por fuerza donde no hay voluntad Contestaci\u00f3n al criticastro Pedro Villegas Al mismo sabihondo criticastro, Villegas Brindis distintos El zapatero que se ahorc\u00f3 en el cerro de la Cruz de aburrido [&hellip;]<\/p>\n","protected":false},"author":1,"featured_media":0,"parent":0,"menu_order":0,"comment_status":"closed","ping_status":"closed","template":"","meta":{"footnotes":""},"class_list":["post-13718","page","type-page","status-publish","hentry"],"jetpack_sharing_enabled":true,"_links":{"self":[{"href":"https:\/\/www.lirapopular.cl\/lirapopularxix\/wp-json\/wp\/v2\/pages\/13718","targetHints":{"allow":["GET"]}}],"collection":[{"href":"https:\/\/www.lirapopular.cl\/lirapopularxix\/wp-json\/wp\/v2\/pages"}],"about":[{"href":"https:\/\/www.lirapopular.cl\/lirapopularxix\/wp-json\/wp\/v2\/types\/page"}],"author":[{"embeddable":true,"href":"https:\/\/www.lirapopular.cl\/lirapopularxix\/wp-json\/wp\/v2\/users\/1"}],"replies":[{"embeddable":true,"href":"https:\/\/www.lirapopular.cl\/lirapopularxix\/wp-json\/wp\/v2\/comments?post=13718"}],"version-history":[{"count":0,"href":"https:\/\/www.lirapopular.cl\/lirapopularxix\/wp-json\/wp\/v2\/pages\/13718\/revisions"}],"wp:attachment":[{"href":"https:\/\/www.lirapopular.cl\/lirapopularxix\/wp-json\/wp\/v2\/media?parent=13718"}],"curies":[{"name":"wp","href":"https:\/\/api.w.org\/{rel}","templated":true}]}}