{"id":13700,"date":"2020-11-29T10:28:17","date_gmt":"2020-11-29T14:28:17","guid":{"rendered":"https:\/\/www.lirapopular.cl\/lirapopularxix\/?page_id=13700"},"modified":"2020-11-29T10:28:17","modified_gmt":"2020-11-29T14:28:17","slug":"horroroso-salteo-en-santa-elena","status":"publish","type":"page","link":"https:\/\/www.lirapopular.cl\/lirapopularxix\/horroroso-salteo-en-santa-elena\/","title":{"rendered":"Horroroso Salteo en Santa Elena una mujer muerta a pu\u00f1aladas<br>Las grandes calamidades en el Norte"},"content":{"rendered":"\n<div class=\"wp-block-image\"><figure class=\"alignright size-medium\"><a href=\"https:\/\/www.lirapopular.cl\/lirapopularxix\/wp-content\/uploads\/2020\/11\/LO0012440.jpg\"><img loading=\"lazy\" decoding=\"async\" width=\"300\" height=\"200\" src=\"https:\/\/www.lirapopular.cl\/lirapopularxix\/wp-content\/uploads\/2020\/11\/LO0012440-300x200.jpg\" alt=\"\" class=\"wp-image-13701\" srcset=\"https:\/\/www.lirapopular.cl\/lirapopularxix\/wp-content\/uploads\/2020\/11\/LO0012440-300x200.jpg 300w, https:\/\/www.lirapopular.cl\/lirapopularxix\/wp-content\/uploads\/2020\/11\/LO0012440-768x512.jpg 768w, https:\/\/www.lirapopular.cl\/lirapopularxix\/wp-content\/uploads\/2020\/11\/LO0012440.jpg 1000w\" sizes=\"auto, (max-width: 300px) 100vw, 300px\" \/><\/a><figcaption>Archivo de Literatura Oral<br>Colecci\u00f3n Alamiro de \u00c1vila<\/figcaption><\/figure><\/div>\n\n\n\n<p>Autor: Daniel Meneses. Poeta nacional chileno. Cerro Array\u00e1n N\u00ba 126<br>Impresor: Imp. G. Weidmann, Valp.<br>Tama\u00f1o: 55 x 39 cm<br>Clasificaci\u00f3n: BN C\u00f3digo:\u00a0LO0012440<\/p>\n\n\n\n<ul class=\"wp-block-list\"><li><a href=\"https:\/\/www.lirapopular.cl\/lirapopularxix\/2020\/11\/30\/la-fama-de-chilepor-la-valentia-de-sus-rotitos\/\">La fama de Chile por la valent\u00eda de sus rotitos<\/a><\/li><li><a href=\"https:\/\/www.lirapopular.cl\/lirapopularxix\/2020\/11\/30\/la-grandeza-de-chileante-lasnaciones-de-sud-america\/\">La grandeza de Chile ante las naciones de Sud-Am\u00e9rica<\/a><\/li><li><a href=\"https:\/\/www.lirapopular.cl\/lirapopularxix\/2020\/11\/30\/versos-de-la-boladitaen-cartucho\/\">Versos de la Boladita en cartucho<\/a><\/li><li><a href=\"https:\/\/www.lirapopular.cl\/lirapopularxix\/2020\/11\/30\/el-borrachoy-muchos-mas\/\">El borracho y muchos m\u00e1s<\/a><\/li><li><a href=\"https:\/\/www.lirapopular.cl\/lirapopularxix\/2020\/11\/30\/las-grandes-calamidadesen-el-nortey-las-huelgaspor-causa-de-la-miseria\/\">Las grandes calamidades en el Norte y las huelgas por causa de la miseria<\/a><\/li><li><a href=\"https:\/\/www.lirapopular.cl\/lirapopularxix\/2020\/11\/30\/salteo-en-santa-elena\/\">Salteo en Santa Elena<\/a><\/li><\/ul>\n\n\n\n<p>Nota: Documento coloreado a mano.<br>Este ejemplar tiene escrito a mano con l\u00e1piz azul \u201c26\u201d y con plum\u00f3n &#8220;114&#8221;, por el reverso &#8220;127&#8221;.<br>Documento optimizado digitalmente.<\/p>\n","protected":false},"excerpt":{"rendered":"<p>Autor: Daniel Meneses. Poeta nacional chileno. Cerro Array\u00e1n N\u00ba 126Impresor: Imp. G. Weidmann, Valp.Tama\u00f1o: 55 x 39 cmClasificaci\u00f3n: BN C\u00f3digo:\u00a0LO0012440 La fama de Chile por la valent\u00eda de sus rotitos La grandeza de Chile ante las naciones de Sud-Am\u00e9rica Versos de la Boladita en cartucho El borracho y muchos m\u00e1s Las grandes calamidades en el [&hellip;]<\/p>\n","protected":false},"author":1,"featured_media":0,"parent":0,"menu_order":0,"comment_status":"closed","ping_status":"closed","template":"","meta":{"footnotes":""},"class_list":["post-13700","page","type-page","status-publish","hentry"],"jetpack_sharing_enabled":true,"_links":{"self":[{"href":"https:\/\/www.lirapopular.cl\/lirapopularxix\/wp-json\/wp\/v2\/pages\/13700","targetHints":{"allow":["GET"]}}],"collection":[{"href":"https:\/\/www.lirapopular.cl\/lirapopularxix\/wp-json\/wp\/v2\/pages"}],"about":[{"href":"https:\/\/www.lirapopular.cl\/lirapopularxix\/wp-json\/wp\/v2\/types\/page"}],"author":[{"embeddable":true,"href":"https:\/\/www.lirapopular.cl\/lirapopularxix\/wp-json\/wp\/v2\/users\/1"}],"replies":[{"embeddable":true,"href":"https:\/\/www.lirapopular.cl\/lirapopularxix\/wp-json\/wp\/v2\/comments?post=13700"}],"version-history":[{"count":0,"href":"https:\/\/www.lirapopular.cl\/lirapopularxix\/wp-json\/wp\/v2\/pages\/13700\/revisions"}],"wp:attachment":[{"href":"https:\/\/www.lirapopular.cl\/lirapopularxix\/wp-json\/wp\/v2\/media?parent=13700"}],"curies":[{"name":"wp","href":"https:\/\/api.w.org\/{rel}","templated":true}]}}