{"id":13650,"date":"2020-11-27T11:39:53","date_gmt":"2020-11-27T15:39:53","guid":{"rendered":"https:\/\/www.lirapopular.cl\/lirapopularxix\/?page_id=13650"},"modified":"2020-11-27T11:39:53","modified_gmt":"2020-11-27T15:39:53","slug":"horroroso-salteo-en-el-laurel","status":"publish","type":"page","link":"https:\/\/www.lirapopular.cl\/lirapopularxix\/horroroso-salteo-en-el-laurel\/","title":{"rendered":"HORROROSO SALTEO EN EL LAUREL<br>entre Concepci\u00f3n i Coronel; cinco muertos i cuatro heridos de los due\u00f1os"},"content":{"rendered":"\n<div class=\"wp-block-image\"><figure class=\"alignright size-medium\"><a href=\"https:\/\/www.lirapopular.cl\/lirapopularxix\/wp-content\/uploads\/2020\/11\/LO0012407.jpg\"><img loading=\"lazy\" decoding=\"async\" width=\"300\" height=\"201\" src=\"https:\/\/www.lirapopular.cl\/lirapopularxix\/wp-content\/uploads\/2020\/11\/LO0012407-300x201.jpg\" alt=\"\" class=\"wp-image-13651\" srcset=\"https:\/\/www.lirapopular.cl\/lirapopularxix\/wp-content\/uploads\/2020\/11\/LO0012407-300x201.jpg 300w, https:\/\/www.lirapopular.cl\/lirapopularxix\/wp-content\/uploads\/2020\/11\/LO0012407-768x515.jpg 768w, https:\/\/www.lirapopular.cl\/lirapopularxix\/wp-content\/uploads\/2020\/11\/LO0012407.jpg 1000w\" sizes=\"auto, (max-width: 300px) 100vw, 300px\" \/><\/a><figcaption>Archivo de Literatura Oral<br>Colecci\u00f3n Alamiro de \u00c1vila<\/figcaption><\/figure><\/div>\n\n\n\n<p>Autor: Daniel Meneses. Poeta nacional chileno. Calle Za\u00f1artu N\u00ba 1070<br>Impresor: Imprenta, Moneda 843<br>Tama\u00f1o: 54 x 38 cm<br>Clasificaci\u00f3n: BN C\u00f3digo:&nbsp;LO0012407<\/p>\n\n\n\n<ul class=\"wp-block-list\"><li><a href=\"https:\/\/www.lirapopular.cl\/lirapopularxix\/2020\/11\/28\/versos-a-lo-divinodedicados-a-la-virjen-de-andacollo-por-ser-su-coronacion\/\">Versos a lo divino. Dedicados a la Virgen de Andacollo por ser su coronaci\u00f3n<\/a><\/li><li><a href=\"https:\/\/www.lirapopular.cl\/lirapopularxix\/2020\/11\/28\/versos-a-lo-divinolas-bondades-de-mar\/\">Versos a lo divino. Las bondades de Mar\u00eda<\/a><\/li><li><a href=\"https:\/\/www.lirapopular.cl\/lirapopularxix\/2020\/11\/28\/una-salutaciona-la-virjen\/\">Una salutaci\u00f3n a la Virgen<\/a><\/li><li><a href=\"https:\/\/www.lirapopular.cl\/lirapopularxix\/2020\/11\/28\/al-separarsede-andacollo-un-adiosa-la-virjen\/\">Al separarse de Andacollo, un adi\u00f3s a la Virgen<\/a><\/li><li><a href=\"https:\/\/www.lirapopular.cl\/lirapopularxix\/2020\/11\/28\/despedidaal-ano-i-al-siglo-viejo-i-unsaludo-al-siglo-nuevo\/\">Despedida al a\u00f1o y al siglo viejo y un saludos al siglo nuevo<\/a><\/li><li><a href=\"https:\/\/www.lirapopular.cl\/lirapopularxix\/2020\/11\/28\/los-estragosde-la-peste-alfombrilla-enla-clase-proletaria\/\">Los estragos de la peste alfombrilla, en la clase proletaria<\/a><\/li><li><a href=\"https:\/\/www.lirapopular.cl\/lirapopularxix\/2020\/11\/28\/dos-reossentenciados-a-muerte-por-elconsejo-de-estado-proxi-mos-de-la-capilla-el-unovaldes-i-el-otro-moreno\/\">Dos reos sentenciados a muerte por el Consejo de Estado, pr\u00f3ximos de la capilla, el uno Valdes y el otro Moreno<\/a><\/li><li><a href=\"https:\/\/www.lirapopular.cl\/lirapopularxix\/2020\/11\/28\/horror-en-el-laurel\/\">Horror[oso salteo] en El Laurel, entre Concepci\u00f3n y Coronel; cinco muertos y cuatro heridos de los due\u00f1os de casa<\/a><\/li><\/ul>\n\n\n\n<p>Nota: De acuerdo al verso &#8220;Despedida al a\u00f1o i al siglo viejo i un saludo al siglo nuevo&#8221;, este documento se puede fechar 1899-1900.<br>Este ejemplar tiene escrito a mano con plum\u00f3n \u201c81\u201d, por el reverso &#8220;264&#8221;.<br>Documento optimizado digitalmente.<\/p>\n","protected":false},"excerpt":{"rendered":"<p>Autor: Daniel Meneses. Poeta nacional chileno. Calle Za\u00f1artu N\u00ba 1070Impresor: Imprenta, Moneda 843Tama\u00f1o: 54 x 38 cmClasificaci\u00f3n: BN C\u00f3digo:&nbsp;LO0012407 Versos a lo divino. Dedicados a la Virgen de Andacollo por ser su coronaci\u00f3n Versos a lo divino. Las bondades de Mar\u00eda Una salutaci\u00f3n a la Virgen Al separarse de Andacollo, un adi\u00f3s a la Virgen [&hellip;]<\/p>\n","protected":false},"author":1,"featured_media":0,"parent":0,"menu_order":0,"comment_status":"closed","ping_status":"closed","template":"","meta":{"footnotes":""},"class_list":["post-13650","page","type-page","status-publish","hentry"],"jetpack_sharing_enabled":true,"_links":{"self":[{"href":"https:\/\/www.lirapopular.cl\/lirapopularxix\/wp-json\/wp\/v2\/pages\/13650","targetHints":{"allow":["GET"]}}],"collection":[{"href":"https:\/\/www.lirapopular.cl\/lirapopularxix\/wp-json\/wp\/v2\/pages"}],"about":[{"href":"https:\/\/www.lirapopular.cl\/lirapopularxix\/wp-json\/wp\/v2\/types\/page"}],"author":[{"embeddable":true,"href":"https:\/\/www.lirapopular.cl\/lirapopularxix\/wp-json\/wp\/v2\/users\/1"}],"replies":[{"embeddable":true,"href":"https:\/\/www.lirapopular.cl\/lirapopularxix\/wp-json\/wp\/v2\/comments?post=13650"}],"version-history":[{"count":0,"href":"https:\/\/www.lirapopular.cl\/lirapopularxix\/wp-json\/wp\/v2\/pages\/13650\/revisions"}],"wp:attachment":[{"href":"https:\/\/www.lirapopular.cl\/lirapopularxix\/wp-json\/wp\/v2\/media?parent=13650"}],"curies":[{"name":"wp","href":"https:\/\/api.w.org\/{rel}","templated":true}]}}