{"id":13597,"date":"2020-11-26T19:15:25","date_gmt":"2020-11-26T23:15:25","guid":{"rendered":"https:\/\/www.lirapopular.cl\/lirapopularxix\/?page_id=13597"},"modified":"2020-11-26T19:15:25","modified_gmt":"2020-11-26T23:15:25","slug":"horroroso-crimen-en-carrizal-alto","status":"publish","type":"page","link":"https:\/\/www.lirapopular.cl\/lirapopularxix\/horroroso-crimen-en-carrizal-alto\/","title":{"rendered":"Horroroso cr\u00edmen en Carrizal Alto<br>Casi toda una familia asesinada cuatro muertos y dos heridos"},"content":{"rendered":"\n<div class=\"wp-block-image\"><figure class=\"alignright size-medium\"><a href=\"https:\/\/www.lirapopular.cl\/lirapopularxix\/wp-content\/uploads\/2020\/11\/LO0012426.jpg\"><img loading=\"lazy\" decoding=\"async\" width=\"300\" height=\"203\" src=\"https:\/\/www.lirapopular.cl\/lirapopularxix\/wp-content\/uploads\/2020\/11\/LO0012426-300x203.jpg\" alt=\"\" class=\"wp-image-13598\" srcset=\"https:\/\/www.lirapopular.cl\/lirapopularxix\/wp-content\/uploads\/2020\/11\/LO0012426-300x203.jpg 300w, https:\/\/www.lirapopular.cl\/lirapopularxix\/wp-content\/uploads\/2020\/11\/LO0012426-768x519.jpg 768w, https:\/\/www.lirapopular.cl\/lirapopularxix\/wp-content\/uploads\/2020\/11\/LO0012426.jpg 1000w\" sizes=\"auto, (max-width: 300px) 100vw, 300px\" \/><\/a><figcaption>Archivo de Literatura Oral<br>Colecci\u00f3n Alamiro de \u00c1vila<\/figcaption><\/figure><\/div>\n\n\n\n<p>Autor: Daniel Meneses. Poeta nacional chileno. Quebrada de M\u00e1rquez N. 114<br>Impresor: Imprenta G. Weidmann. Valp.<br>Tama\u00f1o: 56 x 39 cm<br>Clasificaci\u00f3n: BN C\u00f3digo:\u00a0LO0012426<\/p>\n\n\n\n<ul class=\"wp-block-list\"><li><a href=\"https:\/\/www.lirapopular.cl\/lirapopularxix\/2020\/11\/27\/la-creacion-biblicay-mis-opiniones-sobre-laformacion-del-planeta\/\">Creaci\u00f3n b\u00edblica mis opiniones sobre la formaci\u00f3n del planeta<\/a><\/li><li><a href=\"https:\/\/www.lirapopular.cl\/lirapopularxix\/2020\/11\/27\/versos-humanosel-ave-mal-pagadora\/\">Versos humanos. El ave mal pagadora<\/a><\/li><li><a href=\"https:\/\/www.lirapopular.cl\/lirapopularxix\/2020\/11\/27\/contrapuntoentre-un-porteno-con-unsantiaguino\/\">Contrapunto entre un porte\u00f1o con un santiaguino<\/a><\/li><li><a href=\"https:\/\/www.lirapopular.cl\/lirapopularxix\/2020\/11\/27\/contesta-el-santiaguino-2\/\">Contesta el Santiaguino<\/a><\/li><li><a href=\"https:\/\/www.lirapopular.cl\/lirapopularxix\/2020\/11\/27\/ultimos-detallesde-tres-grandes-y-cinicosescandales-en-valparaiso\/\">Ultimos detalles de tres grandes y c\u00ednicos esc\u00e1ndalos en Valpara\u00edso. Crimen de la calle de Blanco. El degollado en Antofagasta<\/a><\/li><li><a href=\"https:\/\/www.lirapopular.cl\/lirapopularxix\/2020\/11\/27\/horroroso-crimenen-carrizal-alto\/\">Horroroso crimen en Carrizal Alto<\/a><\/li><\/ul>\n\n\n\n<p>Nota: Por la doble impresi\u00f3n defectuosa, seguramente se trata de una prueba de imprenta.<br>La impresi\u00f3n en el tiro tiene escrito a mano con l\u00e1piz azul \u201c21\u201d y con plum\u00f3n &#8220;100&#8221;.<br>La impresi\u00f3n en el retiro tiene escrito a mano con l\u00e1piz azul \u201c21&#8243; y corregido &#8220;22 bis\u201d.<br>Documento optimizado digitalmente.<\/p>\n","protected":false},"excerpt":{"rendered":"<p>Autor: Daniel Meneses. Poeta nacional chileno. Quebrada de M\u00e1rquez N. 114Impresor: Imprenta G. Weidmann. Valp.Tama\u00f1o: 56 x 39 cmClasificaci\u00f3n: BN C\u00f3digo:\u00a0LO0012426 Creaci\u00f3n b\u00edblica mis opiniones sobre la formaci\u00f3n del planeta Versos humanos. El ave mal pagadora Contrapunto entre un porte\u00f1o con un santiaguino Contesta el Santiaguino Ultimos detalles de tres grandes y c\u00ednicos esc\u00e1ndalos en [&hellip;]<\/p>\n","protected":false},"author":1,"featured_media":0,"parent":0,"menu_order":0,"comment_status":"closed","ping_status":"closed","template":"","meta":{"footnotes":""},"class_list":["post-13597","page","type-page","status-publish","hentry"],"jetpack_sharing_enabled":true,"_links":{"self":[{"href":"https:\/\/www.lirapopular.cl\/lirapopularxix\/wp-json\/wp\/v2\/pages\/13597","targetHints":{"allow":["GET"]}}],"collection":[{"href":"https:\/\/www.lirapopular.cl\/lirapopularxix\/wp-json\/wp\/v2\/pages"}],"about":[{"href":"https:\/\/www.lirapopular.cl\/lirapopularxix\/wp-json\/wp\/v2\/types\/page"}],"author":[{"embeddable":true,"href":"https:\/\/www.lirapopular.cl\/lirapopularxix\/wp-json\/wp\/v2\/users\/1"}],"replies":[{"embeddable":true,"href":"https:\/\/www.lirapopular.cl\/lirapopularxix\/wp-json\/wp\/v2\/comments?post=13597"}],"version-history":[{"count":0,"href":"https:\/\/www.lirapopular.cl\/lirapopularxix\/wp-json\/wp\/v2\/pages\/13597\/revisions"}],"wp:attachment":[{"href":"https:\/\/www.lirapopular.cl\/lirapopularxix\/wp-json\/wp\/v2\/media?parent=13597"}],"curies":[{"name":"wp","href":"https:\/\/api.w.org\/{rel}","templated":true}]}}