{"id":13578,"date":"2020-11-26T17:34:09","date_gmt":"2020-11-26T21:34:09","guid":{"rendered":"https:\/\/www.lirapopular.cl\/lirapopularxix\/?page_id=13578"},"modified":"2020-11-26T17:34:09","modified_gmt":"2020-11-26T21:34:09","slug":"horroroso-crimen-en-antofagasta","status":"publish","type":"page","link":"https:\/\/www.lirapopular.cl\/lirapopularxix\/horroroso-crimen-en-antofagasta\/","title":{"rendered":"Horroroso cr\u00edmen en Antofagasta <br>Una mujer muerta a pu\u00f1aladas y desfachatez de los asesinos"},"content":{"rendered":"\n<div class=\"wp-block-image\"><figure class=\"alignright size-medium\"><a href=\"https:\/\/www.lirapopular.cl\/lirapopularxix\/wp-content\/uploads\/2020\/11\/LO0012411.jpg\"><img loading=\"lazy\" decoding=\"async\" width=\"300\" height=\"200\" src=\"https:\/\/www.lirapopular.cl\/lirapopularxix\/wp-content\/uploads\/2020\/11\/LO0012411-300x200.jpg\" alt=\"\" class=\"wp-image-13579\" srcset=\"https:\/\/www.lirapopular.cl\/lirapopularxix\/wp-content\/uploads\/2020\/11\/LO0012411-300x200.jpg 300w, https:\/\/www.lirapopular.cl\/lirapopularxix\/wp-content\/uploads\/2020\/11\/LO0012411-768x512.jpg 768w, https:\/\/www.lirapopular.cl\/lirapopularxix\/wp-content\/uploads\/2020\/11\/LO0012411.jpg 1000w\" sizes=\"auto, (max-width: 300px) 100vw, 300px\" \/><\/a><figcaption>Archivo de Literatura Oral<br>Colecci\u00f3n Alamiro de \u00c1vila<\/figcaption><\/figure><\/div>\n\n\n\n<p>Autor: Daniel Meneses. Poeta nacional chileno. Quebrada de M\u00e1rquez N\u00fam. 61<br>Impresor: Imprenta G. Weidmann, Valp.<br>Tama\u00f1o: 55 x 39 cm.<br>Clasificaci\u00f3n: BN C\u00f3digo:\u00a0LO0012411 cm<\/p>\n\n\n\n<ul class=\"wp-block-list\"><li><a href=\"https:\/\/www.lirapopular.cl\/lirapopularxix\/2020\/11\/26\/un-viva-chileconmemoracion-de-nuestraindependencia\/\">Un viva Chile. Conmemoraci\u00f3n de nuestra Independencia<\/a><\/li><li><a href=\"https:\/\/www.lirapopular.cl\/lirapopularxix\/2020\/11\/26\/la-importancia-de-chiledelante-de-las-demasnaciones-de-sud-america\/\">La importancia de Chile delante de las demas naciones de Sud Am\u00e9rica<\/a><\/li><li><a href=\"https:\/\/www.lirapopular.cl\/lirapopularxix\/2020\/11\/26\/himnodedicado-a-los-heroes-de-la-gue-rra-peru-boliviana\/\">Himno dedicado a los h\u00e9roes de la guerra Per\u00fa-Boliviana<\/a><\/li><li><a href=\"https:\/\/www.lirapopular.cl\/lirapopularxix\/2020\/11\/26\/completos-detallesde\/\">Completos detalles de la gran fiesta que les hicieron los brasileros a los marinos chilenos<\/a><\/li><li><a href=\"https:\/\/www.lirapopular.cl\/lirapopularxix\/2020\/11\/26\/el-gran-recibimientoa-los-marinos-arjentinosal-llegar-el-san-martina-valparaiso\/\">El gran recibimiento a los marinos argentinos al llegar el &#8220;San Martin&#8221; a Valpara\u00edso<\/a><\/li><li><a href=\"https:\/\/www.lirapopular.cl\/lirapopularxix\/2020\/11\/26\/horroroso-crimenen-antofagasta\/\">Horroroso crimen en Antofagasta<\/a><\/li><\/ul>\n\n\n\n<p>Nota: Este ejemplar tiene escrito a mano con plum\u00f3n \u201c95\u201d, por el reverso &#8220;223&#8221;.<br>Documento coloreado a mano.<br>La primera d\u00e9cima permite datar este documento en 1902.<br>Documento optimizado digitalmente.<\/p>\n","protected":false},"excerpt":{"rendered":"<p>Autor: Daniel Meneses. Poeta nacional chileno. Quebrada de M\u00e1rquez N\u00fam. 61Impresor: Imprenta G. Weidmann, Valp.Tama\u00f1o: 55 x 39 cm.Clasificaci\u00f3n: BN C\u00f3digo:\u00a0LO0012411 cm Un viva Chile. Conmemoraci\u00f3n de nuestra Independencia La importancia de Chile delante de las demas naciones de Sud Am\u00e9rica Himno dedicado a los h\u00e9roes de la guerra Per\u00fa-Boliviana Completos detalles de la gran [&hellip;]<\/p>\n","protected":false},"author":1,"featured_media":0,"parent":0,"menu_order":0,"comment_status":"closed","ping_status":"closed","template":"","meta":{"footnotes":""},"class_list":["post-13578","page","type-page","status-publish","hentry"],"jetpack_sharing_enabled":true,"_links":{"self":[{"href":"https:\/\/www.lirapopular.cl\/lirapopularxix\/wp-json\/wp\/v2\/pages\/13578","targetHints":{"allow":["GET"]}}],"collection":[{"href":"https:\/\/www.lirapopular.cl\/lirapopularxix\/wp-json\/wp\/v2\/pages"}],"about":[{"href":"https:\/\/www.lirapopular.cl\/lirapopularxix\/wp-json\/wp\/v2\/types\/page"}],"author":[{"embeddable":true,"href":"https:\/\/www.lirapopular.cl\/lirapopularxix\/wp-json\/wp\/v2\/users\/1"}],"replies":[{"embeddable":true,"href":"https:\/\/www.lirapopular.cl\/lirapopularxix\/wp-json\/wp\/v2\/comments?post=13578"}],"version-history":[{"count":0,"href":"https:\/\/www.lirapopular.cl\/lirapopularxix\/wp-json\/wp\/v2\/pages\/13578\/revisions"}],"wp:attachment":[{"href":"https:\/\/www.lirapopular.cl\/lirapopularxix\/wp-json\/wp\/v2\/media?parent=13578"}],"curies":[{"name":"wp","href":"https:\/\/api.w.org\/{rel}","templated":true}]}}