{"id":13553,"date":"2020-11-25T20:10:46","date_gmt":"2020-11-26T00:10:46","guid":{"rendered":"https:\/\/www.lirapopular.cl\/lirapopularxix\/?page_id=13553"},"modified":"2020-11-25T20:10:46","modified_gmt":"2020-11-26T00:10:46","slug":"horrible-y-sangriento-crimen","status":"publish","type":"page","link":"https:\/\/www.lirapopular.cl\/lirapopularxix\/horrible-y-sangriento-crimen\/","title":{"rendered":"Horrible y Sangriento Cr\u00edmen<br>La querida que le di\u00f3 a balazos al amante"},"content":{"rendered":"\n<div class=\"wp-block-image\"><figure class=\"alignright size-medium\"><a href=\"https:\/\/www.lirapopular.cl\/lirapopularxix\/wp-content\/uploads\/2020\/11\/LO0012412.jpg\"><img loading=\"lazy\" decoding=\"async\" width=\"300\" height=\"196\" src=\"https:\/\/www.lirapopular.cl\/lirapopularxix\/wp-content\/uploads\/2020\/11\/LO0012412-300x196.jpg\" alt=\"\" class=\"wp-image-13558\" srcset=\"https:\/\/www.lirapopular.cl\/lirapopularxix\/wp-content\/uploads\/2020\/11\/LO0012412-300x196.jpg 300w, https:\/\/www.lirapopular.cl\/lirapopularxix\/wp-content\/uploads\/2020\/11\/LO0012412-768x502.jpg 768w, https:\/\/www.lirapopular.cl\/lirapopularxix\/wp-content\/uploads\/2020\/11\/LO0012412.jpg 1000w\" sizes=\"auto, (max-width: 300px) 100vw, 300px\" \/><\/a><figcaption>Archivo de Literatura Oral<br>Colecci\u00f3n Alamiro de \u00c1vila<\/figcaption><\/figure><\/div>\n\n\n\n<p>Autor: Daniel Meneses. Poeta nacional chileno. Quebrada de M\u00e1rquez N\u00ba 57<br>Impresor: Imp. y Lit. de G. A. Rohde y Ca.-Valp.<br>Tama\u00f1o: 54 x 38 cm<br>Clasificaci\u00f3n: BN C\u00f3digo:\u00a0LO0012412<\/p>\n\n\n\n<ul class=\"wp-block-list\"><li><a href=\"https:\/\/www.lirapopular.cl\/lirapopularxix\/2020\/11\/26\/criticaa-los-versos-malhechosque-hacen-lospoestastros\/\">Cr\u00edtica a los versos malhechos que hacen los poetrastros<\/a><\/li><li><a href=\"https:\/\/www.lirapopular.cl\/lirapopularxix\/2020\/11\/26\/versos-de-literatura-38\/\">Versos de literatura<\/a><\/li><li><a href=\"https:\/\/www.lirapopular.cl\/lirapopularxix\/2020\/11\/26\/veros-relacionadosa-lo-que-dise\/\">Veros relacionados a lo que dice la gente sobre el pacto con el Diablo del Guaso Rodriguez<\/a><\/li><li><a href=\"https:\/\/www.lirapopular.cl\/lirapopularxix\/2020\/11\/26\/amoroso-contrapunte\/\">Amoroso contrapunte entre una ni\u00f1a porte\u00f1a del Array\u00e1n con una de Santiago de la Calle de Duartes<\/a><\/li><li><a href=\"https:\/\/www.lirapopular.cl\/lirapopularxix\/2020\/11\/26\/horrible-y-sangrientocrimen-en-el-membrillola-querida-que-le-diomuerte-a-balazosal-amante\/\">Horrible y sangriento crimen en el Membrillo. La querida que le dio muerte a balazos al amante<\/a><\/li><li><a href=\"https:\/\/www.lirapopular.cl\/lirapopularxix\/2020\/11\/26\/el-crimen-de-chillan\/\">El crimen de Chill\u00e1n<\/a><\/li><\/ul>\n\n\n\n<p>Nota: Este ejemplar tiene escrito a mano con plum\u00f3n \u201c86\u201d, por el reverso &#8220;263&#8221;.<br>Documento optimizado digitalmente.<\/p>\n","protected":false},"excerpt":{"rendered":"<p>Autor: Daniel Meneses. Poeta nacional chileno. Quebrada de M\u00e1rquez N\u00ba 57Impresor: Imp. y Lit. de G. A. Rohde y Ca.-Valp.Tama\u00f1o: 54 x 38 cmClasificaci\u00f3n: BN C\u00f3digo:\u00a0LO0012412 Cr\u00edtica a los versos malhechos que hacen los poetrastros Versos de literatura Veros relacionados a lo que dice la gente sobre el pacto con el Diablo del Guaso Rodriguez [&hellip;]<\/p>\n","protected":false},"author":1,"featured_media":0,"parent":0,"menu_order":0,"comment_status":"closed","ping_status":"closed","template":"","meta":{"footnotes":""},"class_list":["post-13553","page","type-page","status-publish","hentry"],"jetpack_sharing_enabled":true,"_links":{"self":[{"href":"https:\/\/www.lirapopular.cl\/lirapopularxix\/wp-json\/wp\/v2\/pages\/13553","targetHints":{"allow":["GET"]}}],"collection":[{"href":"https:\/\/www.lirapopular.cl\/lirapopularxix\/wp-json\/wp\/v2\/pages"}],"about":[{"href":"https:\/\/www.lirapopular.cl\/lirapopularxix\/wp-json\/wp\/v2\/types\/page"}],"author":[{"embeddable":true,"href":"https:\/\/www.lirapopular.cl\/lirapopularxix\/wp-json\/wp\/v2\/users\/1"}],"replies":[{"embeddable":true,"href":"https:\/\/www.lirapopular.cl\/lirapopularxix\/wp-json\/wp\/v2\/comments?post=13553"}],"version-history":[{"count":0,"href":"https:\/\/www.lirapopular.cl\/lirapopularxix\/wp-json\/wp\/v2\/pages\/13553\/revisions"}],"wp:attachment":[{"href":"https:\/\/www.lirapopular.cl\/lirapopularxix\/wp-json\/wp\/v2\/media?parent=13553"}],"curies":[{"name":"wp","href":"https:\/\/api.w.org\/{rel}","templated":true}]}}