{"id":13530,"date":"2020-11-25T17:02:00","date_gmt":"2020-11-25T21:02:00","guid":{"rendered":"https:\/\/www.lirapopular.cl\/lirapopularxix\/?page_id=13530"},"modified":"2020-11-25T17:02:00","modified_gmt":"2020-11-25T21:02:00","slug":"horrible-salteo-en-curacavi","status":"publish","type":"page","link":"https:\/\/www.lirapopular.cl\/lirapopularxix\/horrible-salteo-en-curacavi\/","title":{"rendered":"Horrible salteo en Curacavi Tremendo tiroteo, Muertos i heridos"},"content":{"rendered":"\n<div class=\"wp-block-image\"><figure class=\"alignright size-medium\"><a href=\"https:\/\/www.lirapopular.cl\/lirapopularxix\/wp-content\/uploads\/2020\/11\/LO0012362.jpg\"><img loading=\"lazy\" decoding=\"async\" width=\"300\" height=\"196\" src=\"https:\/\/www.lirapopular.cl\/lirapopularxix\/wp-content\/uploads\/2020\/11\/LO0012362-300x196.jpg\" alt=\"\" class=\"wp-image-13532\" srcset=\"https:\/\/www.lirapopular.cl\/lirapopularxix\/wp-content\/uploads\/2020\/11\/LO0012362-300x196.jpg 300w, https:\/\/www.lirapopular.cl\/lirapopularxix\/wp-content\/uploads\/2020\/11\/LO0012362-768x502.jpg 768w, https:\/\/www.lirapopular.cl\/lirapopularxix\/wp-content\/uploads\/2020\/11\/LO0012362.jpg 1000w\" sizes=\"auto, (max-width: 300px) 100vw, 300px\" \/><\/a><figcaption>Archivo de Literatura Oral<br>Colecci\u00f3n Alamiro de \u00c1vila<\/figcaption><\/figure><\/div>\n\n\n\n<p>Autor: Daniel Meneses. Poeta popular chileno.<br>Impresor: Imp. Bellavista 213<br>Tama\u00f1o: 55 x 39 cm<br>Clasificaci\u00f3n: BN C\u00f3digo:\u00a0LO0012362<\/p>\n\n\n\n<ul class=\"wp-block-list\"><li><a href=\"https:\/\/www.lirapopular.cl\/lirapopularxix\/2020\/11\/25\/un-dios-eterno\/\">Un adi\u00f3s eterno<\/a><\/li><li><a href=\"https:\/\/www.lirapopular.cl\/lirapopularxix\/2020\/11\/25\/regreso-de-un-amanteal-lado-de-su-querida\/\">Regreso de un amante al lado de su querida<\/a><\/li><li><a href=\"https:\/\/www.lirapopular.cl\/lirapopularxix\/2020\/11\/25\/conmemoracionde-nuestra-independencia\/\">Conmemoraci\u00f3n de nuestra Independencia<\/a><\/li><li><a href=\"https:\/\/www.lirapopular.cl\/lirapopularxix\/2020\/11\/25\/cuecas-varias-4\/\">Cuecas varias<\/a><\/li><li><a href=\"https:\/\/www.lirapopular.cl\/lirapopularxix\/2020\/11\/25\/horrible-salteo-en-curacavi\/\">Horrible salteo en Curacav\u00ed. Gran tiroteo entre asaltantes y asaltados. Varios muertos y heridos<\/a><\/li><li><a href=\"https:\/\/www.lirapopular.cl\/lirapopularxix\/2020\/11\/25\/completos-detalles\/\">Completos detalles de los grandes estragos que hace la peste en Chile de sur a norte y las ruinas en Valpara\u00edso a causa de los temporales<\/a><\/li><\/ul>\n\n\n\n<p>Nota: Este ejemplar tiene escrito a mano con plum\u00f3n \u201c35\u201d, por el reverso texto manuscrito largo con l\u00e1piz grafito.<br>Por la informaci\u00f3n del verso &#8220;Conmemoraci\u00f3n de nuestra Independencia&#8221; se puede datar en 1904.<br>Documento optimizado digitalmente.<\/p>\n","protected":false},"excerpt":{"rendered":"<p>Autor: Daniel Meneses. Poeta popular chileno.Impresor: Imp. Bellavista 213Tama\u00f1o: 55 x 39 cmClasificaci\u00f3n: BN C\u00f3digo:\u00a0LO0012362 Un adi\u00f3s eterno Regreso de un amante al lado de su querida Conmemoraci\u00f3n de nuestra Independencia Cuecas varias Horrible salteo en Curacav\u00ed. Gran tiroteo entre asaltantes y asaltados. Varios muertos y heridos Completos detalles de los grandes estragos que hace [&hellip;]<\/p>\n","protected":false},"author":1,"featured_media":0,"parent":0,"menu_order":0,"comment_status":"closed","ping_status":"closed","template":"","meta":{"footnotes":""},"class_list":["post-13530","page","type-page","status-publish","hentry"],"jetpack_sharing_enabled":true,"_links":{"self":[{"href":"https:\/\/www.lirapopular.cl\/lirapopularxix\/wp-json\/wp\/v2\/pages\/13530","targetHints":{"allow":["GET"]}}],"collection":[{"href":"https:\/\/www.lirapopular.cl\/lirapopularxix\/wp-json\/wp\/v2\/pages"}],"about":[{"href":"https:\/\/www.lirapopular.cl\/lirapopularxix\/wp-json\/wp\/v2\/types\/page"}],"author":[{"embeddable":true,"href":"https:\/\/www.lirapopular.cl\/lirapopularxix\/wp-json\/wp\/v2\/users\/1"}],"replies":[{"embeddable":true,"href":"https:\/\/www.lirapopular.cl\/lirapopularxix\/wp-json\/wp\/v2\/comments?post=13530"}],"version-history":[{"count":0,"href":"https:\/\/www.lirapopular.cl\/lirapopularxix\/wp-json\/wp\/v2\/pages\/13530\/revisions"}],"wp:attachment":[{"href":"https:\/\/www.lirapopular.cl\/lirapopularxix\/wp-json\/wp\/v2\/media?parent=13530"}],"curies":[{"name":"wp","href":"https:\/\/api.w.org\/{rel}","templated":true}]}}