{"id":13509,"date":"2020-11-25T08:55:23","date_gmt":"2020-11-25T12:55:23","guid":{"rendered":"https:\/\/www.lirapopular.cl\/lirapopularxix\/?page_id=13509"},"modified":"2020-11-25T08:55:23","modified_gmt":"2020-11-25T12:55:23","slug":"horrible-i-salvaje-crimen-3","status":"publish","type":"page","link":"https:\/\/www.lirapopular.cl\/lirapopularxix\/horrible-i-salvaje-crimen-3\/","title":{"rendered":"HORRIBLE I SALVAJE <br>Crimen en Rengo <br>El padrastro que hizo morir a la entenada quemada b\u00e1rbaramente"},"content":{"rendered":"\n<div class=\"wp-block-image\"><figure class=\"alignright size-medium\"><a href=\"https:\/\/www.lirapopular.cl\/lirapopularxix\/wp-content\/uploads\/2020\/11\/LO0012425.jpg\"><img loading=\"lazy\" decoding=\"async\" width=\"300\" height=\"199\" src=\"https:\/\/www.lirapopular.cl\/lirapopularxix\/wp-content\/uploads\/2020\/11\/LO0012425-300x199.jpg\" alt=\"\" class=\"wp-image-13510\" srcset=\"https:\/\/www.lirapopular.cl\/lirapopularxix\/wp-content\/uploads\/2020\/11\/LO0012425-300x199.jpg 300w, https:\/\/www.lirapopular.cl\/lirapopularxix\/wp-content\/uploads\/2020\/11\/LO0012425-768x510.jpg 768w, https:\/\/www.lirapopular.cl\/lirapopularxix\/wp-content\/uploads\/2020\/11\/LO0012425.jpg 1000w\" sizes=\"auto, (max-width: 300px) 100vw, 300px\" \/><\/a><figcaption>Archivo de Literatura Oral<br>Colecci\u00f3n Alamiro de \u00c1vila<\/figcaption><\/figure><\/div>\n\n\n\n<p>Autor: Daniel Meneses. Poeta nacional chileno. Borgo\u00f1o 1349<br>Impresor: Imprenta Am\u00e9rica&#8212;Bandera 858&#8212;Santiago<br>Tama\u00f1o: 55 x 39 cm<br>Clasificaci\u00f3n: BN C\u00f3digo:\u00a0LO0012425<\/p>\n\n\n\n<ul class=\"wp-block-list\"><li><a href=\"https:\/\/www.lirapopular.cl\/lirapopularxix\/2020\/11\/25\/el-fin-del-mundosegun-mis-opiniones\/\">El fin del mundo segun mis opiniones<\/a><\/li><li><a href=\"https:\/\/www.lirapopular.cl\/lirapopularxix\/2020\/11\/25\/las-fantasias-demeneses\/\">Las fantas\u00edas de Meneses<\/a><\/li><li><a href=\"https:\/\/www.lirapopular.cl\/lirapopularxix\/2020\/11\/25\/verso-humano\/\">Verso humano<\/a><\/li><li><a href=\"https:\/\/www.lirapopular.cl\/lirapopularxix\/2020\/11\/25\/celebre-contrapunteun-perro-i-un-gato\/\">C\u00e9lebre contrapunte. Un perro y un gato<\/a><\/li><li><a href=\"https:\/\/www.lirapopular.cl\/lirapopularxix\/2020\/11\/25\/completos-detallesde-los-ayes-de-la-jente-en-ranca-gua-por-causa-de-los-temblores\/\">Completos detalles de los ayes de la gente en Rancagua por causa de los temblores<\/a><\/li><li><a href=\"https:\/\/www.lirapopular.cl\/lirapopularxix\/2020\/11\/25\/horrible-i-salvajecrimen-en-rengo\/\">Horrible y salvaje crimen en Rengo. El padrastro que hizo morir a la entenada quemada b\u00e1rbaramente<\/a><\/li><\/ul>\n\n\n\n<p>Nota: Este ejemplar tiene escrito a mano con plum\u00f3n \u201c99\u201d, por el reverso &#8220;214&#8221;.<br>Documento optimizado digitalmente.<\/p>\n","protected":false},"excerpt":{"rendered":"<p>Autor: Daniel Meneses. Poeta nacional chileno. Borgo\u00f1o 1349Impresor: Imprenta Am\u00e9rica&#8212;Bandera 858&#8212;SantiagoTama\u00f1o: 55 x 39 cmClasificaci\u00f3n: BN C\u00f3digo:\u00a0LO0012425 El fin del mundo segun mis opiniones Las fantas\u00edas de Meneses Verso humano C\u00e9lebre contrapunte. Un perro y un gato Completos detalles de los ayes de la gente en Rancagua por causa de los temblores Horrible y salvaje [&hellip;]<\/p>\n","protected":false},"author":1,"featured_media":0,"parent":0,"menu_order":0,"comment_status":"closed","ping_status":"closed","template":"","meta":{"footnotes":""},"class_list":["post-13509","page","type-page","status-publish","hentry"],"jetpack_sharing_enabled":true,"_links":{"self":[{"href":"https:\/\/www.lirapopular.cl\/lirapopularxix\/wp-json\/wp\/v2\/pages\/13509","targetHints":{"allow":["GET"]}}],"collection":[{"href":"https:\/\/www.lirapopular.cl\/lirapopularxix\/wp-json\/wp\/v2\/pages"}],"about":[{"href":"https:\/\/www.lirapopular.cl\/lirapopularxix\/wp-json\/wp\/v2\/types\/page"}],"author":[{"embeddable":true,"href":"https:\/\/www.lirapopular.cl\/lirapopularxix\/wp-json\/wp\/v2\/users\/1"}],"replies":[{"embeddable":true,"href":"https:\/\/www.lirapopular.cl\/lirapopularxix\/wp-json\/wp\/v2\/comments?post=13509"}],"version-history":[{"count":0,"href":"https:\/\/www.lirapopular.cl\/lirapopularxix\/wp-json\/wp\/v2\/pages\/13509\/revisions"}],"wp:attachment":[{"href":"https:\/\/www.lirapopular.cl\/lirapopularxix\/wp-json\/wp\/v2\/media?parent=13509"}],"curies":[{"name":"wp","href":"https:\/\/api.w.org\/{rel}","templated":true}]}}