{"id":13486,"date":"2020-11-24T17:46:43","date_gmt":"2020-11-24T21:46:43","guid":{"rendered":"https:\/\/www.lirapopular.cl\/lirapopularxix\/?page_id=13486"},"modified":"2020-11-24T17:46:43","modified_gmt":"2020-11-24T21:46:43","slug":"horrible-i-salvaje-crimen-2","status":"publish","type":"page","link":"https:\/\/www.lirapopular.cl\/lirapopularxix\/horrible-i-salvaje-crimen-2\/","title":{"rendered":"Horrible i salvaje cr\u00edmen en la calle de Santa Rosa<br>El anciano que fu\u00e9 muerte con un garrote de fierro<br>CONTRAPUNTO DE UN FUTRE CON UN HUASO"},"content":{"rendered":"<div class=\"wp-block-image\">\n<figure class=\"alignright size-medium\"><a href=\"https:\/\/www.lirapopular.cl\/lirapopularxix\/wp-content\/uploads\/2024\/04\/LO0012416.jpg\"><img loading=\"lazy\" decoding=\"async\" width=\"300\" height=\"198\" src=\"https:\/\/www.lirapopular.cl\/lirapopularxix\/wp-content\/uploads\/2024\/04\/LO0012416-300x198.jpg\" alt=\"\" class=\"wp-image-27559\" srcset=\"https:\/\/www.lirapopular.cl\/lirapopularxix\/wp-content\/uploads\/2024\/04\/LO0012416-300x198.jpg 300w, https:\/\/www.lirapopular.cl\/lirapopularxix\/wp-content\/uploads\/2024\/04\/LO0012416-768x508.jpg 768w, https:\/\/www.lirapopular.cl\/lirapopularxix\/wp-content\/uploads\/2024\/04\/LO0012416.jpg 1000w\" sizes=\"auto, (max-width: 300px) 100vw, 300px\" \/><\/a><figcaption class=\"wp-element-caption\">Archivo de Literatura Oral<br>Colecci\u00f3n Alamiro de \u00c1vila<\/figcaption><\/figure>\n<\/div>\n\n\n<p>Autor: Daniel Meneses. Poeta nacional chileno.<br>Impresor: Imp. Moneda 843<br>Tama\u00f1o: 54 x 38 cm<br>Clasificaci\u00f3n: BN C\u00f3digo:&nbsp;LO0012416<\/p>\n\n\n\n<ul class=\"wp-block-list\">\n<li><a href=\"https:\/\/www.lirapopular.cl\/lirapopularxix\/2020\/11\/25\/horriblei-salvaje-crimen\/\">Horrible y salvaje cr\u00edmen en la calle de Santa Rosa. El anciano que fue muerto con un garrote de fierro<\/a><\/li>\n\n\n\n<li><a href=\"https:\/\/www.lirapopular.cl\/lirapopularxix\/2020\/11\/25\/por-el-mar-en-un-vapor\/\">Por el mar en un vapor<\/a><\/li>\n\n\n\n<li><a href=\"https:\/\/www.lirapopular.cl\/lirapopularxix\/2020\/11\/25\/te-vais-sin-darte-motivo\/\">Te vais sin darte motivo<\/a><\/li>\n\n\n\n<li><a href=\"https:\/\/www.lirapopular.cl\/lirapopularxix\/2020\/11\/25\/salomon-i-la-reinade-saba\/\">Salomon y la reina [de Sab\u00e1]<\/a><\/li>\n\n\n\n<li><a href=\"https:\/\/www.lirapopular.cl\/lirapopularxix\/2020\/11\/25\/el-amante-llama\/\">El amante [  ] llama<\/a><\/li>\n\n\n\n<li><a href=\"https:\/\/www.lirapopular.cl\/lirapopularxix\/2020\/11\/25\/contrapunto\/\">Contrapunto [  ]<\/a><\/li>\n\n\n\n<li><a href=\"https:\/\/www.lirapopular.cl\/lirapopularxix\/2020\/11\/25\/contesto-al-futre-2\/\">Con[test\u00f3 al] futre<\/a><\/li>\n\n\n\n<li><a href=\"https:\/\/www.lirapopular.cl\/lirapopularxix\/2020\/11\/25\/espantoso-suceso\/\">Espantoso suceso [ ]<\/a><\/li>\n<\/ul>\n\n\n\n<p>Nota: Este ejemplar tiene escrito a mano con plum\u00f3n \u201c90\u201d y por el reverso &#8220;187&#8221;.<br>Documento optimizado digitalmente.<\/p>\n","protected":false},"excerpt":{"rendered":"<p>Autor: Daniel Meneses. Poeta nacional chileno.Impresor: Imp. Moneda 843Tama\u00f1o: 54 x 38 cmClasificaci\u00f3n: BN C\u00f3digo:&nbsp;LO0012416 Nota: Este ejemplar tiene escrito a mano con plum\u00f3n \u201c90\u201d y por el reverso &#8220;187&#8221;.Documento optimizado digitalmente.<\/p>\n","protected":false},"author":1,"featured_media":0,"parent":0,"menu_order":0,"comment_status":"closed","ping_status":"closed","template":"","meta":{"footnotes":""},"class_list":["post-13486","page","type-page","status-publish","hentry"],"jetpack_sharing_enabled":true,"_links":{"self":[{"href":"https:\/\/www.lirapopular.cl\/lirapopularxix\/wp-json\/wp\/v2\/pages\/13486","targetHints":{"allow":["GET"]}}],"collection":[{"href":"https:\/\/www.lirapopular.cl\/lirapopularxix\/wp-json\/wp\/v2\/pages"}],"about":[{"href":"https:\/\/www.lirapopular.cl\/lirapopularxix\/wp-json\/wp\/v2\/types\/page"}],"author":[{"embeddable":true,"href":"https:\/\/www.lirapopular.cl\/lirapopularxix\/wp-json\/wp\/v2\/users\/1"}],"replies":[{"embeddable":true,"href":"https:\/\/www.lirapopular.cl\/lirapopularxix\/wp-json\/wp\/v2\/comments?post=13486"}],"version-history":[{"count":0,"href":"https:\/\/www.lirapopular.cl\/lirapopularxix\/wp-json\/wp\/v2\/pages\/13486\/revisions"}],"wp:attachment":[{"href":"https:\/\/www.lirapopular.cl\/lirapopularxix\/wp-json\/wp\/v2\/media?parent=13486"}],"curies":[{"name":"wp","href":"https:\/\/api.w.org\/{rel}","templated":true}]}}