{"id":13468,"date":"2020-11-24T10:57:59","date_gmt":"2020-11-24T14:57:59","guid":{"rendered":"https:\/\/www.lirapopular.cl\/lirapopularxix\/?page_id=13468"},"modified":"2020-11-24T10:57:59","modified_gmt":"2020-11-24T14:57:59","slug":"horrible-i-salvaje-crimen","status":"publish","type":"page","link":"https:\/\/www.lirapopular.cl\/lirapopularxix\/horrible-i-salvaje-crimen\/","title":{"rendered":"Horrible i salvaje cr\u00edmen. El hermano que ultim\u00f3 a palos al hermano menor, <br>en el fundo Las Higueras i despues se ahorc\u00f3 \u00e9l <br>Entrevista de los dos Presidente en Punta Arenas, Federico Err\u00e1zuriz i Julio Roca"},"content":{"rendered":"\n<div class=\"wp-block-image\"><figure class=\"alignright size-medium\"><a href=\"https:\/\/www.lirapopular.cl\/lirapopularxix\/wp-content\/uploads\/2020\/11\/LO0012433.jpg\"><img loading=\"lazy\" decoding=\"async\" width=\"300\" height=\"201\" src=\"https:\/\/www.lirapopular.cl\/lirapopularxix\/wp-content\/uploads\/2020\/11\/LO0012433-300x201.jpg\" alt=\"\" class=\"wp-image-13469\" srcset=\"https:\/\/www.lirapopular.cl\/lirapopularxix\/wp-content\/uploads\/2020\/11\/LO0012433-300x201.jpg 300w, https:\/\/www.lirapopular.cl\/lirapopularxix\/wp-content\/uploads\/2020\/11\/LO0012433-768x514.jpg 768w, https:\/\/www.lirapopular.cl\/lirapopularxix\/wp-content\/uploads\/2020\/11\/LO0012433.jpg 1000w\" sizes=\"auto, (max-width: 300px) 100vw, 300px\" \/><\/a><figcaption>Archivo de Literatura Oral<br>Colecci\u00f3n Alamiro de \u00c1vila<\/figcaption><\/figure><\/div>\n\n\n\n<p>Autor: Daniel Meneses. Poeta nacional chileno. Morand\u00e9, n\u00fam. 8-A<br>Impresor: Sin informaci\u00f3n<br>Tama\u00f1o: 55 x 38 cm<br>Clasificaci\u00f3n: BN C\u00f3digo:\u00a0LO0012433<\/p>\n\n\n\n<ul class=\"wp-block-list\"><li><a href=\"https:\/\/www.lirapopular.cl\/lirapopularxix\/2020\/11\/24\/mi-vuelta-al-sur-del-nortellegada-a-valparaiso\/\">Mi vuelta al sur del norte Llegada a Valpara\u00edso<\/a><\/li><li><a href=\"https:\/\/www.lirapopular.cl\/lirapopularxix\/2020\/11\/24\/completos-detallesde-mi-escursion-al-norte-i-laspartes-donde-anduve\/\">Completos detalles de mi excursi\u00f3n al norte y las partes donde anduve<\/a><\/li><li><a href=\"https:\/\/www.lirapopular.cl\/lirapopularxix\/2020\/11\/24\/versos-de-literatura-37\/\">Versos de literatura<\/a><\/li><li><a href=\"https:\/\/www.lirapopular.cl\/lirapopularxix\/2020\/11\/24\/lo-que-le-paso-a-un-enamorado\/\">Lo que le pas\u00f3 a un enamorado<\/a><\/li><li><a href=\"https:\/\/www.lirapopular.cl\/lirapopularxix\/2020\/11\/24\/entrevistade-los-dos-presidentes-en-puntaarenas-federico-errazuriz-ijulio-a-roca\/\">Entrevista de los dos presidentes en Punta Arenas, Federico Err\u00e1zuriz y Julio A. Roca<\/a><\/li><li><a href=\"https:\/\/www.lirapopular.cl\/lirapopularxix\/2020\/11\/24\/horrible-i-salvaje-crimen\/\">Horrible y salvaje crimen. El hermano que ultim\u00f3 a palos al hermano menor, en el fundo Las Higueras y despu\u00e9s se ahorc\u00f3 \u00e9l<\/a><\/li><\/ul>\n\n\n\n<p>Nota: Este ejemplar tiene escrito a mano con plum\u00f3n \u201c107\u201d, por el reverso &#8220;129&#8221;.<br>Documento optimizado digitalmente.<\/p>\n","protected":false},"excerpt":{"rendered":"<p>Autor: Daniel Meneses. Poeta nacional chileno. Morand\u00e9, n\u00fam. 8-AImpresor: Sin informaci\u00f3nTama\u00f1o: 55 x 38 cmClasificaci\u00f3n: BN C\u00f3digo:\u00a0LO0012433 Mi vuelta al sur del norte Llegada a Valpara\u00edso Completos detalles de mi excursi\u00f3n al norte y las partes donde anduve Versos de literatura Lo que le pas\u00f3 a un enamorado Entrevista de los dos presidentes en Punta [&hellip;]<\/p>\n","protected":false},"author":1,"featured_media":0,"parent":0,"menu_order":0,"comment_status":"closed","ping_status":"closed","template":"","meta":{"footnotes":""},"class_list":["post-13468","page","type-page","status-publish","hentry"],"jetpack_sharing_enabled":true,"_links":{"self":[{"href":"https:\/\/www.lirapopular.cl\/lirapopularxix\/wp-json\/wp\/v2\/pages\/13468","targetHints":{"allow":["GET"]}}],"collection":[{"href":"https:\/\/www.lirapopular.cl\/lirapopularxix\/wp-json\/wp\/v2\/pages"}],"about":[{"href":"https:\/\/www.lirapopular.cl\/lirapopularxix\/wp-json\/wp\/v2\/types\/page"}],"author":[{"embeddable":true,"href":"https:\/\/www.lirapopular.cl\/lirapopularxix\/wp-json\/wp\/v2\/users\/1"}],"replies":[{"embeddable":true,"href":"https:\/\/www.lirapopular.cl\/lirapopularxix\/wp-json\/wp\/v2\/comments?post=13468"}],"version-history":[{"count":0,"href":"https:\/\/www.lirapopular.cl\/lirapopularxix\/wp-json\/wp\/v2\/pages\/13468\/revisions"}],"wp:attachment":[{"href":"https:\/\/www.lirapopular.cl\/lirapopularxix\/wp-json\/wp\/v2\/media?parent=13468"}],"curies":[{"name":"wp","href":"https:\/\/api.w.org\/{rel}","templated":true}]}}