{"id":13447,"date":"2020-11-23T19:24:19","date_gmt":"2020-11-23T23:24:19","guid":{"rendered":"https:\/\/www.lirapopular.cl\/lirapopularxix\/?page_id=13447"},"modified":"2020-11-23T19:24:19","modified_gmt":"2020-11-23T23:24:19","slug":"horrible-i-nefando-crimen","status":"publish","type":"page","link":"https:\/\/www.lirapopular.cl\/lirapopularxix\/horrible-i-nefando-crimen\/","title":{"rendered":"Horrible i nefando cr\u00edmen en la Arjentina en la provincia de San Juan; la madre <br>que degoll\u00f3 a sus tres hijitos de aburrida porque no tenia c\u00f3mo darles de comer <br>Una reprension a varios vendedores de versos que me deben"},"content":{"rendered":"\n<div class=\"wp-block-image\"><figure class=\"alignright size-medium\"><a href=\"https:\/\/www.lirapopular.cl\/lirapopularxix\/wp-content\/uploads\/2020\/11\/LO0012371.jpg\"><img loading=\"lazy\" decoding=\"async\" width=\"300\" height=\"199\" src=\"https:\/\/www.lirapopular.cl\/lirapopularxix\/wp-content\/uploads\/2020\/11\/LO0012371-300x199.jpg\" alt=\"\" class=\"wp-image-13449\" srcset=\"https:\/\/www.lirapopular.cl\/lirapopularxix\/wp-content\/uploads\/2020\/11\/LO0012371-300x199.jpg 300w, https:\/\/www.lirapopular.cl\/lirapopularxix\/wp-content\/uploads\/2020\/11\/LO0012371-768x510.jpg 768w, https:\/\/www.lirapopular.cl\/lirapopularxix\/wp-content\/uploads\/2020\/11\/LO0012371.jpg 1000w\" sizes=\"auto, (max-width: 300px) 100vw, 300px\" \/><\/a><figcaption>Archivo de Literatura Oral<br>Colecci\u00f3n Alamiro de \u00c1vila<\/figcaption><\/figure><\/div>\n\n\n\n<p>Autor: Daniel Meneses. Poeta nacional chileno. Morand\u00e9, n\u00fam. 8-A<br>Impresor: Sin informaci\u00f3n<br>Tama\u00f1o: 54 x 38 cm<br>Clasificaci\u00f3n: BN C\u00f3digo:\u00a0LO0012371<\/p>\n\n\n\n<ul class=\"wp-block-list\"><li><a href=\"https:\/\/www.lirapopular.cl\/lirapopularxix\/2020\/11\/24\/mi-viaje-al-norteen-busca-de-fortuna\/\">Mi viaje al norte en busca de fortuna<\/a><\/li><li><a href=\"https:\/\/www.lirapopular.cl\/lirapopularxix\/2020\/11\/24\/la-farsa-presencia-del-rico-opulon\/\">La farsa presencia del rico Opul\u00f3n<\/a><\/li><li><a href=\"https:\/\/www.lirapopular.cl\/lirapopularxix\/2020\/11\/24\/un-buen-consejo-a-las-mujeressolteras\/\">Un buen consejo a las mujeres solteras<\/a><\/li><li><a href=\"https:\/\/www.lirapopular.cl\/lirapopularxix\/2020\/11\/24\/versos-humanos-4\/\">Versos humanos<\/a><\/li><li><a href=\"https:\/\/www.lirapopular.cl\/lirapopularxix\/2020\/11\/24\/una-reprensiona-varios-vendedores-de-versosque-me-deben\/\">Una reprensi\u00f3n a varios vendedores de versos que me deben<\/a><\/li><li><a href=\"https:\/\/www.lirapopular.cl\/lirapopularxix\/2020\/11\/24\/horrible-i-nefando-crimenen\/\">Horrible y nefando crimen en la Arjentina en la provincia de San Juan. La madre que degoll\u00f3 a sus tres hijitos de aburrida porque no tenia como darles de comer<\/a><\/li><\/ul>\n\n\n\n<p>Nota: Este ejemplar tiene escrito a mano con l\u00e1piz azul &#8220;1&#8221; y con plum\u00f3n \u201c45\u201d, por el reverso &#8220;144&#8221;.<br>Documento optimizado digitalmente.<\/p>\n","protected":false},"excerpt":{"rendered":"<p>Autor: Daniel Meneses. Poeta nacional chileno. Morand\u00e9, n\u00fam. 8-AImpresor: Sin informaci\u00f3nTama\u00f1o: 54 x 38 cmClasificaci\u00f3n: BN C\u00f3digo:\u00a0LO0012371 Mi viaje al norte en busca de fortuna La farsa presencia del rico Opul\u00f3n Un buen consejo a las mujeres solteras Versos humanos Una reprensi\u00f3n a varios vendedores de versos que me deben Horrible y nefando crimen en [&hellip;]<\/p>\n","protected":false},"author":1,"featured_media":0,"parent":0,"menu_order":0,"comment_status":"closed","ping_status":"closed","template":"","meta":{"footnotes":""},"class_list":["post-13447","page","type-page","status-publish","hentry"],"jetpack_sharing_enabled":true,"_links":{"self":[{"href":"https:\/\/www.lirapopular.cl\/lirapopularxix\/wp-json\/wp\/v2\/pages\/13447","targetHints":{"allow":["GET"]}}],"collection":[{"href":"https:\/\/www.lirapopular.cl\/lirapopularxix\/wp-json\/wp\/v2\/pages"}],"about":[{"href":"https:\/\/www.lirapopular.cl\/lirapopularxix\/wp-json\/wp\/v2\/types\/page"}],"author":[{"embeddable":true,"href":"https:\/\/www.lirapopular.cl\/lirapopularxix\/wp-json\/wp\/v2\/users\/1"}],"replies":[{"embeddable":true,"href":"https:\/\/www.lirapopular.cl\/lirapopularxix\/wp-json\/wp\/v2\/comments?post=13447"}],"version-history":[{"count":0,"href":"https:\/\/www.lirapopular.cl\/lirapopularxix\/wp-json\/wp\/v2\/pages\/13447\/revisions"}],"wp:attachment":[{"href":"https:\/\/www.lirapopular.cl\/lirapopularxix\/wp-json\/wp\/v2\/media?parent=13447"}],"curies":[{"name":"wp","href":"https:\/\/api.w.org\/{rel}","templated":true}]}}