{"id":1341,"date":"2019-07-02T18:59:29","date_gmt":"2019-07-02T22:59:29","guid":{"rendered":"https:\/\/www.lirapopular.cl\/lirapopularxix\/?page_id=1341"},"modified":"2019-07-02T18:59:29","modified_gmt":"2019-07-02T22:59:29","slug":"gran-contrapunto-del-futre-con-el-guaso","status":"publish","type":"page","link":"https:\/\/www.lirapopular.cl\/lirapopularxix\/gran-contrapunto-del-futre-con-el-guaso\/","title":{"rendered":"Gran contrapunto <br>del futre con el guaso"},"content":{"rendered":"\n<div class=\"wp-block-image\"><figure class=\"alignright\"><a href=\"https:\/\/www.lirapopular.cl\/lirapopularxix\/wp-content\/uploads\/2019\/07\/688.jpg\"><img loading=\"lazy\" decoding=\"async\" width=\"213\" height=\"300\" src=\"https:\/\/www.lirapopular.cl\/lirapopularxix\/wp-content\/uploads\/2019\/07\/688-213x300.jpg\" alt=\"\" class=\"wp-image-1343\" srcset=\"https:\/\/www.lirapopular.cl\/lirapopularxix\/wp-content\/uploads\/2019\/07\/688-213x300.jpg 213w, https:\/\/www.lirapopular.cl\/lirapopularxix\/wp-content\/uploads\/2019\/07\/688.jpg 711w\" sizes=\"auto, (max-width: 213px) 100vw, 213px\" \/><\/a><figcaption>Colecci\u00f3n Lira Popular de la Universidad de Chile<\/figcaption><\/figure><\/div>\n\n\n\n<p>Autor: An\u00f3nimo<br>Impresor: Sin informaci\u00f3n<br>Tama\u00f1o: 52,8 x 37,2 cm<br>Clasificaci\u00f3n: 688 G748 Caja N\u00b012a<\/p>\n\n\n\n<ul class=\"wp-block-list\"><li><a href=\"https:\/\/www.lirapopular.cl\/lirapopularxix\/2019\/07\/02\/gran-contrapunto-del-futre-con-el-guaso\/\">Gran contrapunto del futre con el guaso<\/a><\/li><li><a href=\"https:\/\/www.lirapopular.cl\/lirapopularxix\/2019\/07\/02\/el-desengano\/\">El desenga\u00f1o<\/a><\/li><li><a href=\"https:\/\/www.lirapopular.cl\/lirapopularxix\/2019\/07\/02\/cantares\/\">Cantares<\/a><\/li><li><a href=\"https:\/\/www.lirapopular.cl\/lirapopularxix\/2019\/07\/02\/vers-esqinazos-a-una-joven\/\">Vers esquinazos a una joven<\/a><\/li><li><a href=\"https:\/\/www.lirapopular.cl\/lirapopularxix\/2019\/07\/02\/gran-contrapunto-de-chile-con-la-arjentina\/\">Gran contrapunto de Chile con la Arjentina<\/a><\/li><\/ul>\n\n\n\n<p>Nota: Este ejemplar tiene escrito a mano con l\u00e1piz rojo \u201c688\u201d<\/p>\n","protected":false},"excerpt":{"rendered":"<p>Autor: An\u00f3nimoImpresor: Sin informaci\u00f3nTama\u00f1o: 52,8 x 37,2 cmClasificaci\u00f3n: 688 G748 Caja N\u00b012a Gran contrapunto del futre con el guaso El desenga\u00f1o Cantares Vers esquinazos a una joven Gran contrapunto de Chile con la Arjentina Nota: Este ejemplar tiene escrito a mano con l\u00e1piz rojo \u201c688\u201d<\/p>\n","protected":false},"author":1,"featured_media":0,"parent":0,"menu_order":0,"comment_status":"closed","ping_status":"closed","template":"","meta":{"footnotes":""},"class_list":["post-1341","page","type-page","status-publish","hentry"],"jetpack_sharing_enabled":true,"_links":{"self":[{"href":"https:\/\/www.lirapopular.cl\/lirapopularxix\/wp-json\/wp\/v2\/pages\/1341","targetHints":{"allow":["GET"]}}],"collection":[{"href":"https:\/\/www.lirapopular.cl\/lirapopularxix\/wp-json\/wp\/v2\/pages"}],"about":[{"href":"https:\/\/www.lirapopular.cl\/lirapopularxix\/wp-json\/wp\/v2\/types\/page"}],"author":[{"embeddable":true,"href":"https:\/\/www.lirapopular.cl\/lirapopularxix\/wp-json\/wp\/v2\/users\/1"}],"replies":[{"embeddable":true,"href":"https:\/\/www.lirapopular.cl\/lirapopularxix\/wp-json\/wp\/v2\/comments?post=1341"}],"version-history":[{"count":0,"href":"https:\/\/www.lirapopular.cl\/lirapopularxix\/wp-json\/wp\/v2\/pages\/1341\/revisions"}],"wp:attachment":[{"href":"https:\/\/www.lirapopular.cl\/lirapopularxix\/wp-json\/wp\/v2\/media?parent=1341"}],"curies":[{"name":"wp","href":"https:\/\/api.w.org\/{rel}","templated":true}]}}