{"id":13404,"date":"2020-11-22T17:10:43","date_gmt":"2020-11-22T21:10:43","guid":{"rendered":"https:\/\/www.lirapopular.cl\/lirapopularxix\/?page_id=13404"},"modified":"2020-11-22T17:10:43","modified_gmt":"2020-11-22T21:10:43","slug":"horrible-crimen-por-venganza","status":"publish","type":"page","link":"https:\/\/www.lirapopular.cl\/lirapopularxix\/horrible-crimen-por-venganza\/","title":{"rendered":"Horrible crimen por venganza, una mujer mutilada,<br>Infamias del criminal. C\u00e9lebre contrapunto entre dos soldados, uno peruano y otro chileno."},"content":{"rendered":"\n<div class=\"wp-block-image\"><figure class=\"alignright size-medium\"><a href=\"https:\/\/www.lirapopular.cl\/lirapopularxix\/wp-content\/uploads\/2020\/11\/LO0012418.jpg\"><img loading=\"lazy\" decoding=\"async\" width=\"300\" height=\"200\" src=\"https:\/\/www.lirapopular.cl\/lirapopularxix\/wp-content\/uploads\/2020\/11\/LO0012418-300x200.jpg\" alt=\"\" class=\"wp-image-13405\" srcset=\"https:\/\/www.lirapopular.cl\/lirapopularxix\/wp-content\/uploads\/2020\/11\/LO0012418-300x200.jpg 300w, https:\/\/www.lirapopular.cl\/lirapopularxix\/wp-content\/uploads\/2020\/11\/LO0012418-768x512.jpg 768w, https:\/\/www.lirapopular.cl\/lirapopularxix\/wp-content\/uploads\/2020\/11\/LO0012418.jpg 1000w\" sizes=\"auto, (max-width: 300px) 100vw, 300px\" \/><\/a><figcaption>Archivo de Literatura Oral<br>Colecci\u00f3n Alamiro de \u00c1vila<\/figcaption><\/figure><\/div>\n\n\n\n<p>Autor: Daniel Meneses. Poeta nacional chileno. Borgo\u00f1o 1349<br>Impresor: Sin informaci\u00f3n<br>Tama\u00f1o: 55 x 39 cm<br>Clasificaci\u00f3n: BN C\u00f3digo:&nbsp;LO0012418<\/p>\n\n\n\n<ul class=\"wp-block-list\"><li><a href=\"https:\/\/www.lirapopular.cl\/lirapopularxix\/2020\/11\/22\/versos-a-lo-adivinohuida-de-moises-del-poder-de-faraon\/\">Versos a lo adivino. Huida de Mois\u00e9s del poder de Fara\u00f3n<\/a><\/li><li><a href=\"https:\/\/www.lirapopular.cl\/lirapopularxix\/2020\/11\/22\/versos-humoristicos-2\/\">Versos humor\u00edsticos<\/a><\/li><li><a href=\"https:\/\/www.lirapopular.cl\/lirapopularxix\/2020\/11\/22\/contestacional-brutolojico-juan-bautista-peralta\/\">Contestaci\u00f3n al brutol\u00f3jico Juan Bautista Peralta<\/a><\/li><li><a href=\"https:\/\/www.lirapopular.cl\/lirapopularxix\/2020\/11\/22\/horrible-crimen-por-venganzauna-mujer-mutiladainfamias-del-criminal\/\">Horrible crimen por venganza. Una mujer mutilada. Infamias del criminal<\/a><\/li><li><a href=\"https:\/\/www.lirapopular.cl\/lirapopularxix\/2020\/11\/22\/celebre-contrapuntoentre-dos-soldadosuno-chileno-i-uno-peruano\/\">C\u00e9lebre contrapunto entre dos soldados uno chileno y uno peruano<\/a><\/li><\/ul>\n\n\n\n<p>Nota: Este ejemplar tiene escrito a mano con plum\u00f3n \u201c92\u201d y por el reverso &#8220;224&#8221;.<br>Documento coloreado a mano.<br>Documento optimizado digitalmente.<\/p>\n","protected":false},"excerpt":{"rendered":"<p>Autor: Daniel Meneses. Poeta nacional chileno. Borgo\u00f1o 1349Impresor: Sin informaci\u00f3nTama\u00f1o: 55 x 39 cmClasificaci\u00f3n: BN C\u00f3digo:&nbsp;LO0012418 Versos a lo adivino. Huida de Mois\u00e9s del poder de Fara\u00f3n Versos humor\u00edsticos Contestaci\u00f3n al brutol\u00f3jico Juan Bautista Peralta Horrible crimen por venganza. Una mujer mutilada. Infamias del criminal C\u00e9lebre contrapunto entre dos soldados uno chileno y uno peruano [&hellip;]<\/p>\n","protected":false},"author":1,"featured_media":0,"parent":0,"menu_order":0,"comment_status":"closed","ping_status":"closed","template":"","meta":{"footnotes":""},"class_list":["post-13404","page","type-page","status-publish","hentry"],"jetpack_sharing_enabled":true,"_links":{"self":[{"href":"https:\/\/www.lirapopular.cl\/lirapopularxix\/wp-json\/wp\/v2\/pages\/13404","targetHints":{"allow":["GET"]}}],"collection":[{"href":"https:\/\/www.lirapopular.cl\/lirapopularxix\/wp-json\/wp\/v2\/pages"}],"about":[{"href":"https:\/\/www.lirapopular.cl\/lirapopularxix\/wp-json\/wp\/v2\/types\/page"}],"author":[{"embeddable":true,"href":"https:\/\/www.lirapopular.cl\/lirapopularxix\/wp-json\/wp\/v2\/users\/1"}],"replies":[{"embeddable":true,"href":"https:\/\/www.lirapopular.cl\/lirapopularxix\/wp-json\/wp\/v2\/comments?post=13404"}],"version-history":[{"count":0,"href":"https:\/\/www.lirapopular.cl\/lirapopularxix\/wp-json\/wp\/v2\/pages\/13404\/revisions"}],"wp:attachment":[{"href":"https:\/\/www.lirapopular.cl\/lirapopularxix\/wp-json\/wp\/v2\/media?parent=13404"}],"curies":[{"name":"wp","href":"https:\/\/api.w.org\/{rel}","templated":true}]}}