{"id":13382,"date":"2020-11-21T18:46:37","date_gmt":"2020-11-21T22:46:37","guid":{"rendered":"https:\/\/www.lirapopular.cl\/lirapopularxix\/?page_id=13382"},"modified":"2020-11-21T18:46:37","modified_gmt":"2020-11-21T22:46:37","slug":"horrible-crimen-en-quillota","status":"publish","type":"page","link":"https:\/\/www.lirapopular.cl\/lirapopularxix\/horrible-crimen-en-quillota\/","title":{"rendered":"Horrible cr\u00edmen en Quillota<br>El marido que asesin\u00f3 a la esposa y le despedaz\u00f3 el cuerpo presa por presa"},"content":{"rendered":"\n<div class=\"wp-block-image\"><figure class=\"alignright size-medium\"><a href=\"https:\/\/www.lirapopular.cl\/lirapopularxix\/wp-content\/uploads\/2020\/11\/LO0012373.jpg\"><img loading=\"lazy\" decoding=\"async\" width=\"300\" height=\"201\" src=\"https:\/\/www.lirapopular.cl\/lirapopularxix\/wp-content\/uploads\/2020\/11\/LO0012373-300x201.jpg\" alt=\"\" class=\"wp-image-13383\" srcset=\"https:\/\/www.lirapopular.cl\/lirapopularxix\/wp-content\/uploads\/2020\/11\/LO0012373-300x201.jpg 300w, https:\/\/www.lirapopular.cl\/lirapopularxix\/wp-content\/uploads\/2020\/11\/LO0012373-768x514.jpg 768w, https:\/\/www.lirapopular.cl\/lirapopularxix\/wp-content\/uploads\/2020\/11\/LO0012373.jpg 1000w\" sizes=\"auto, (max-width: 300px) 100vw, 300px\" \/><\/a><figcaption>Archivo de Literatura Oral<br>Colecci\u00f3n Alamiro de \u00c1vila<\/figcaption><\/figure><\/div>\n\n\n\n<p>Autor: Daniel Meneses. Poeta nacional chileno. Quebrada de M\u00e1rquez N. 114<br>Impresor: Imp. G. Weidmann<br>Tama\u00f1o: 55 x 39 cm<br>Clasificaci\u00f3n: BN C\u00f3digo:\u00a0LO0012373<\/p>\n\n\n\n<ul class=\"wp-block-list\"><li><a href=\"https:\/\/www.lirapopular.cl\/lirapopularxix\/2020\/11\/22\/versos-a-lo-divinola-pasion-de-jesuscontrarrestado\/\">Versos a lo divino. La pasi\u00f3n de Jes\u00fas. Contrarrestado<\/a><\/li><li><a href=\"https:\/\/www.lirapopular.cl\/lirapopularxix\/2020\/11\/22\/contrarresto-7\/\">Contrarresto<\/a><\/li><li><a href=\"https:\/\/www.lirapopular.cl\/lirapopularxix\/2020\/11\/22\/versos-a-lo-divino-7\/\">Versos a lo divino<\/a><\/li><li><a href=\"https:\/\/www.lirapopular.cl\/lirapopularxix\/2020\/11\/22\/versos-a-lo-divinodelpelicano-en-quilota\/\">Versos a lo divino del Pel\u00edcano en Quillota<\/a><\/li><li><a href=\"https:\/\/www.lirapopular.cl\/lirapopularxix\/2020\/11\/22\/versos-a-lo-divinohablando-la-verdad\/\">Versos a lo divino. Hablando la verdad<\/a><\/li><li><a href=\"https:\/\/www.lirapopular.cl\/lirapopularxix\/2020\/11\/22\/horrible-crimenen-quillota\/\">Horrible crimen en Quillota<\/a><\/li><li><a href=\"https:\/\/www.lirapopular.cl\/lirapopularxix\/2020\/11\/22\/el-crimen-del-cerro-del-litre\/\">El crimen del Cerro del Litre<\/a><\/li><\/ul>\n\n\n\n<p>Nota: Este ejemplar tiene escrito a mano con l\u00e1piz azul \u201c20\u201d, con plum\u00f3n &#8220;47&#8221; y por el reverso &#8220;148&#8221;.<br>Documento optimizado digitalmente.<\/p>\n","protected":false},"excerpt":{"rendered":"<p>Autor: Daniel Meneses. Poeta nacional chileno. Quebrada de M\u00e1rquez N. 114Impresor: Imp. G. WeidmannTama\u00f1o: 55 x 39 cmClasificaci\u00f3n: BN C\u00f3digo:\u00a0LO0012373 Versos a lo divino. La pasi\u00f3n de Jes\u00fas. Contrarrestado Contrarresto Versos a lo divino Versos a lo divino del Pel\u00edcano en Quillota Versos a lo divino. Hablando la verdad Horrible crimen en Quillota El crimen [&hellip;]<\/p>\n","protected":false},"author":1,"featured_media":0,"parent":0,"menu_order":0,"comment_status":"closed","ping_status":"closed","template":"","meta":{"footnotes":""},"class_list":["post-13382","page","type-page","status-publish","hentry"],"jetpack_sharing_enabled":true,"_links":{"self":[{"href":"https:\/\/www.lirapopular.cl\/lirapopularxix\/wp-json\/wp\/v2\/pages\/13382","targetHints":{"allow":["GET"]}}],"collection":[{"href":"https:\/\/www.lirapopular.cl\/lirapopularxix\/wp-json\/wp\/v2\/pages"}],"about":[{"href":"https:\/\/www.lirapopular.cl\/lirapopularxix\/wp-json\/wp\/v2\/types\/page"}],"author":[{"embeddable":true,"href":"https:\/\/www.lirapopular.cl\/lirapopularxix\/wp-json\/wp\/v2\/users\/1"}],"replies":[{"embeddable":true,"href":"https:\/\/www.lirapopular.cl\/lirapopularxix\/wp-json\/wp\/v2\/comments?post=13382"}],"version-history":[{"count":0,"href":"https:\/\/www.lirapopular.cl\/lirapopularxix\/wp-json\/wp\/v2\/pages\/13382\/revisions"}],"wp:attachment":[{"href":"https:\/\/www.lirapopular.cl\/lirapopularxix\/wp-json\/wp\/v2\/media?parent=13382"}],"curies":[{"name":"wp","href":"https:\/\/api.w.org\/{rel}","templated":true}]}}