{"id":13324,"date":"2020-11-20T12:11:59","date_gmt":"2020-11-20T16:11:59","guid":{"rendered":"https:\/\/www.lirapopular.cl\/lirapopularxix\/?page_id=13324"},"modified":"2020-11-20T12:11:59","modified_gmt":"2020-11-20T16:11:59","slug":"horrible-crimen-cometido-por-causa-de-la-borrachera","status":"publish","type":"page","link":"https:\/\/www.lirapopular.cl\/lirapopularxix\/horrible-crimen-cometido-por-causa-de-la-borrachera\/","title":{"rendered":"Horrible cr\u00edmen cometido por causa de la borrachera. El asesino que ultim\u00f3 a una viuda a garrotazos<br>Los bullangueros del Plata. Un campamento arjentino i dos ch\u00e9 cont\u00e1ndoles sus vanas glorias i el triunfo que lo cuentan seguro"},"content":{"rendered":"\n<div class=\"wp-block-image\"><figure class=\"alignright size-medium\"><a href=\"https:\/\/www.lirapopular.cl\/lirapopularxix\/wp-content\/uploads\/2020\/11\/LO0012372.jpg\"><img loading=\"lazy\" decoding=\"async\" width=\"300\" height=\"232\" src=\"https:\/\/www.lirapopular.cl\/lirapopularxix\/wp-content\/uploads\/2020\/11\/LO0012372-300x232.jpg\" alt=\"\" class=\"wp-image-13325\" srcset=\"https:\/\/www.lirapopular.cl\/lirapopularxix\/wp-content\/uploads\/2020\/11\/LO0012372-300x232.jpg 300w, https:\/\/www.lirapopular.cl\/lirapopularxix\/wp-content\/uploads\/2020\/11\/LO0012372-768x593.jpg 768w, https:\/\/www.lirapopular.cl\/lirapopularxix\/wp-content\/uploads\/2020\/11\/LO0012372.jpg 1000w\" sizes=\"auto, (max-width: 300px) 100vw, 300px\" \/><\/a><figcaption>Archivo de Literatura Oral<br>Colecci\u00f3n Alamiro de \u00c1vila<\/figcaption><\/figure><\/div>\n\n\n\n<p>Autor: Daniel Meneses. Poeta nortino, Morand\u00e9, 8-A.<br>Impresor: Imprenta Moneda<br>Tama\u00f1o: 55 x 77 cm<br>Clasificaci\u00f3n: BN C\u00f3digo:\u00a0LO0012372<\/p>\n\n\n\n<ul class=\"wp-block-list\"><li><a href=\"https:\/\/www.lirapopular.cl\/lirapopularxix\/2020\/11\/21\/versosdel-reino-de-los-animales-hechospor-la-historia-natural\/\">Versos del reino de los animales hechos por la historia natural<\/a><\/li><li><a href=\"https:\/\/www.lirapopular.cl\/lirapopularxix\/2020\/11\/21\/los-bullangueros-del-plata\/\">Los bullangeros del Plata. Un campamento arjentino y dos ch\u00e9 cont\u00e1ndoles sus vanas glorias y el triunfo que lo cuentan seguro<\/a><\/li><li><a href=\"https:\/\/www.lirapopular.cl\/lirapopularxix\/2020\/11\/21\/versos-de-literatura-36\/\">Versos de Literatura<\/a><\/li><li><a href=\"https:\/\/www.lirapopular.cl\/lirapopularxix\/2020\/11\/21\/versos-de-puro-amor-18\/\">Versos de puro amor<\/a><\/li><li><a href=\"https:\/\/www.lirapopular.cl\/lirapopularxix\/2020\/11\/21\/la-queridaque-traicionaba-al-amante\/\">La querida que traicionaba al amante<\/a><\/li><li><a href=\"https:\/\/www.lirapopular.cl\/lirapopularxix\/2020\/11\/21\/muerte-i-testamentode-la-viuda-de-cousino\/\">Muerte y testamento de la viuda de Cousi\u00f1o<\/a><\/li><li><a href=\"https:\/\/www.lirapopular.cl\/lirapopularxix\/2020\/11\/21\/la-cartaque-dejo-juan-bautista-rojas-a-lamadre-antes-que-lo-fusilaran\/\">La carta que dej\u00f3 Juan Bautista Rojas a la madre antes que lo fusilaran<\/a><\/li><li><a href=\"https:\/\/www.lirapopular.cl\/lirapopularxix\/2020\/11\/21\/la-nina-que-se-suicidoen-talca-por-encontrarse-aburridaen-la-vida\/\">La ni\u00f1a se suicid\u00f3 en Talca por encontrarse aburrida en la vida<\/a><\/li><li><a href=\"https:\/\/www.lirapopular.cl\/lirapopularxix\/2020\/11\/21\/horrible-crimencometido-por-causa-de-la-borra-chera-el-asesino-que-ultimo-auna-viuda-a-garrotazos\/\">Horrible crimen cometido por causa de la borrachera. El asesino que ultim\u00f3 a una viuda a garrotazos<\/a><\/li><li><a href=\"https:\/\/www.lirapopular.cl\/lirapopularxix\/2020\/11\/21\/aviso-2\/\">Aviso<\/a><\/li><li><a href=\"https:\/\/www.lirapopular.cl\/lirapopularxix\/2020\/11\/21\/sigue-el-dialogoentre-el-rotito-del-sur-i-el-delnorte\/\">Sigue el di\u00e1logo entre el rotito del sur y el rotito del norte<\/a><\/li><\/ul>\n\n\n\n<p>Nota: Este ejemplar tiene escrito a mano con plum\u00f3n \u201c46\u201d.<br>Documento optimizado digitalmente.<\/p>\n","protected":false},"excerpt":{"rendered":"<p>Autor: Daniel Meneses. Poeta nortino, Morand\u00e9, 8-A.Impresor: Imprenta MonedaTama\u00f1o: 55 x 77 cmClasificaci\u00f3n: BN C\u00f3digo:\u00a0LO0012372 Versos del reino de los animales hechos por la historia natural Los bullangeros del Plata. Un campamento arjentino y dos ch\u00e9 cont\u00e1ndoles sus vanas glorias y el triunfo que lo cuentan seguro Versos de Literatura Versos de puro amor La [&hellip;]<\/p>\n","protected":false},"author":1,"featured_media":0,"parent":0,"menu_order":0,"comment_status":"closed","ping_status":"closed","template":"","meta":{"footnotes":""},"class_list":["post-13324","page","type-page","status-publish","hentry"],"jetpack_sharing_enabled":true,"_links":{"self":[{"href":"https:\/\/www.lirapopular.cl\/lirapopularxix\/wp-json\/wp\/v2\/pages\/13324","targetHints":{"allow":["GET"]}}],"collection":[{"href":"https:\/\/www.lirapopular.cl\/lirapopularxix\/wp-json\/wp\/v2\/pages"}],"about":[{"href":"https:\/\/www.lirapopular.cl\/lirapopularxix\/wp-json\/wp\/v2\/types\/page"}],"author":[{"embeddable":true,"href":"https:\/\/www.lirapopular.cl\/lirapopularxix\/wp-json\/wp\/v2\/users\/1"}],"replies":[{"embeddable":true,"href":"https:\/\/www.lirapopular.cl\/lirapopularxix\/wp-json\/wp\/v2\/comments?post=13324"}],"version-history":[{"count":0,"href":"https:\/\/www.lirapopular.cl\/lirapopularxix\/wp-json\/wp\/v2\/pages\/13324\/revisions"}],"wp:attachment":[{"href":"https:\/\/www.lirapopular.cl\/lirapopularxix\/wp-json\/wp\/v2\/media?parent=13324"}],"curies":[{"name":"wp","href":"https:\/\/api.w.org\/{rel}","templated":true}]}}