{"id":13283,"date":"2020-11-18T13:34:28","date_gmt":"2020-11-18T17:34:28","guid":{"rendered":"https:\/\/www.lirapopular.cl\/lirapopularxix\/?page_id=13283"},"modified":"2020-11-18T13:34:28","modified_gmt":"2020-11-18T17:34:28","slug":"himno-patriotico-cancion","status":"publish","type":"page","link":"https:\/\/www.lirapopular.cl\/lirapopularxix\/himno-patriotico-cancion\/","title":{"rendered":"Himno Patri\u00f3tico-Cancion de los H\u00e9roes del Pac\u00edfico<br>LA PUNA DE ATACAMA"},"content":{"rendered":"\n<div class=\"wp-block-image\"><figure class=\"alignright size-medium\"><a href=\"https:\/\/www.lirapopular.cl\/lirapopularxix\/wp-content\/uploads\/2020\/11\/LO0012445.jpg\"><img loading=\"lazy\" decoding=\"async\" width=\"300\" height=\"193\" src=\"https:\/\/www.lirapopular.cl\/lirapopularxix\/wp-content\/uploads\/2020\/11\/LO0012445-300x193.jpg\" alt=\"\" class=\"wp-image-13286\" srcset=\"https:\/\/www.lirapopular.cl\/lirapopularxix\/wp-content\/uploads\/2020\/11\/LO0012445-300x193.jpg 300w, https:\/\/www.lirapopular.cl\/lirapopularxix\/wp-content\/uploads\/2020\/11\/LO0012445-768x494.jpg 768w, https:\/\/www.lirapopular.cl\/lirapopularxix\/wp-content\/uploads\/2020\/11\/LO0012445.jpg 1000w\" sizes=\"auto, (max-width: 300px) 100vw, 300px\" \/><\/a><figcaption>Archivo de Literatura Oral<br>Colecci\u00f3n Alamiro de \u00c1vila<\/figcaption><\/figure><\/div>\n\n\n\n<p>Autor: Daniel Meneses. Poeta nacional. Morand\u00e9 8-A.<br>Impresor: Imprenta Moneda, 1027.<br>Tama\u00f1o: 39 x 28 cm<br>Clasificaci\u00f3n: BN C\u00f3digo:\u00a0LO0012445<\/p>\n\n\n\n<ul class=\"wp-block-list\"><li><a href=\"https:\/\/www.lirapopular.cl\/lirapopularxix\/2020\/11\/18\/himno-patrioticollamado-a-las-armas-a-los-hijosdel-pais-para-defender-lapuna-de-atacama\/\">Himno patri\u00f3tico. Llamado a las armas a los hijos del pa\u00eds para defender la Puna de Atacama<\/a><\/li><li><a href=\"https:\/\/www.lirapopular.cl\/lirapopularxix\/2020\/11\/18\/cancion-dedicadaa-los-heroes-del-pacifico-ajena\/\">Canci\u00f3n dedicada a los h\u00e9roes del Pac\u00edfico (ajena)<\/a><\/li><li><a href=\"https:\/\/www.lirapopular.cl\/lirapopularxix\/2020\/11\/18\/un-crimenque-debe-de-castigarse\/\">Un crimen que debe de castigarse.<\/a><\/li><\/ul>\n\n\n\n<p>Nota: Este ejemplar tiene escrito a mano con plum\u00f3n \u201c119\u201d y por el reverso&#8221;204&#8243;.<br>Documento optimizado digitalmente.<\/p>\n","protected":false},"excerpt":{"rendered":"<p>Autor: Daniel Meneses. Poeta nacional. Morand\u00e9 8-A.Impresor: Imprenta Moneda, 1027.Tama\u00f1o: 39 x 28 cmClasificaci\u00f3n: BN C\u00f3digo:\u00a0LO0012445 Himno patri\u00f3tico. Llamado a las armas a los hijos del pa\u00eds para defender la Puna de Atacama Canci\u00f3n dedicada a los h\u00e9roes del Pac\u00edfico (ajena) Un crimen que debe de castigarse. Nota: Este ejemplar tiene escrito a mano con [&hellip;]<\/p>\n","protected":false},"author":1,"featured_media":0,"parent":0,"menu_order":0,"comment_status":"closed","ping_status":"closed","template":"","meta":{"footnotes":""},"class_list":["post-13283","page","type-page","status-publish","hentry"],"jetpack_sharing_enabled":true,"_links":{"self":[{"href":"https:\/\/www.lirapopular.cl\/lirapopularxix\/wp-json\/wp\/v2\/pages\/13283","targetHints":{"allow":["GET"]}}],"collection":[{"href":"https:\/\/www.lirapopular.cl\/lirapopularxix\/wp-json\/wp\/v2\/pages"}],"about":[{"href":"https:\/\/www.lirapopular.cl\/lirapopularxix\/wp-json\/wp\/v2\/types\/page"}],"author":[{"embeddable":true,"href":"https:\/\/www.lirapopular.cl\/lirapopularxix\/wp-json\/wp\/v2\/users\/1"}],"replies":[{"embeddable":true,"href":"https:\/\/www.lirapopular.cl\/lirapopularxix\/wp-json\/wp\/v2\/comments?post=13283"}],"version-history":[{"count":0,"href":"https:\/\/www.lirapopular.cl\/lirapopularxix\/wp-json\/wp\/v2\/pages\/13283\/revisions"}],"wp:attachment":[{"href":"https:\/\/www.lirapopular.cl\/lirapopularxix\/wp-json\/wp\/v2\/media?parent=13283"}],"curies":[{"name":"wp","href":"https:\/\/api.w.org\/{rel}","templated":true}]}}