{"id":13251,"date":"2020-11-17T11:34:39","date_gmt":"2020-11-17T15:34:39","guid":{"rendered":"https:\/\/www.lirapopular.cl\/lirapopularxix\/?page_id=13251"},"modified":"2020-11-17T11:34:39","modified_gmt":"2020-11-17T15:34:39","slug":"indulto-del-reo-olivares","status":"publish","type":"page","link":"https:\/\/www.lirapopular.cl\/lirapopularxix\/indulto-del-reo-olivares\/","title":{"rendered":"INDULTO DEL REO OLIVARES<br>GRAN SALTEO EN QUILLOTA"},"content":{"rendered":"\n<div class=\"wp-block-image\"><figure class=\"alignright size-medium\"><a href=\"https:\/\/www.lirapopular.cl\/lirapopularxix\/wp-content\/uploads\/2020\/11\/LO0012336.jpg\"><img loading=\"lazy\" decoding=\"async\" width=\"300\" height=\"200\" src=\"https:\/\/www.lirapopular.cl\/lirapopularxix\/wp-content\/uploads\/2020\/11\/LO0012336-300x200.jpg\" alt=\"\" class=\"wp-image-13255\" srcset=\"https:\/\/www.lirapopular.cl\/lirapopularxix\/wp-content\/uploads\/2020\/11\/LO0012336-300x200.jpg 300w, https:\/\/www.lirapopular.cl\/lirapopularxix\/wp-content\/uploads\/2020\/11\/LO0012336-768x512.jpg 768w, https:\/\/www.lirapopular.cl\/lirapopularxix\/wp-content\/uploads\/2020\/11\/LO0012336.jpg 1000w\" sizes=\"auto, (max-width: 300px) 100vw, 300px\" \/><\/a><figcaption>Archivo de Literatura Oral<br>Colecci\u00f3n Alamiro de \u00c1vila<\/figcaption><\/figure><\/div>\n\n\n\n<p>Autor: Daniel Meneses. Poeta popular chileno. Calle de Za\u00f1artu n\u00famero 1070.<br>Impresor: J. Gregorio Olivares. Maturana 884 \u2014Santiago.<br>Tama\u00f1o: 54 x 39 cm<br>Clasificaci\u00f3n: BN C\u00f3digo:\u00a0LO0012336<\/p>\n\n\n\n<ul class=\"wp-block-list\"><li><a href=\"https:\/\/www.lirapopular.cl\/lirapopularxix\/2020\/11\/18\/el-indulto-del-reo-francisco-oli-vares-pedido-por-s-e-i-firma-do-por-el-consejo-de-estado\/\">El indulto del reo Francisco Olivares, pedido por S. E. y firmado por el Consejo del Estado<\/a><\/li><li><a href=\"https:\/\/www.lirapopular.cl\/lirapopularxix\/2020\/11\/18\/carta-que-escribio-el-reo-francisco\/\">Carta que escribi\u00f3 el reo Francisco Olivares en su calabozo y mand\u00f3 a los diarios pidiendo a la sociedad para que pidieran conmutaci\u00f3n de su pena de muerte<\/a><\/li><li><a href=\"https:\/\/www.lirapopular.cl\/lirapopularxix\/2020\/11\/18\/ayes-de-una-joven-que-se-le-fueel-amante\/\">Ayes de una joven que se le fue el amante<\/a><\/li><li><a href=\"https:\/\/www.lirapopular.cl\/lirapopularxix\/2020\/11\/18\/versos-a-lo-divino-6\/\">Versos a lo divino<\/a><\/li><li><a href=\"https:\/\/www.lirapopular.cl\/lirapopularxix\/2020\/11\/18\/versos-de-puro-amor-17\/\">Versos de puro amor<\/a><\/li><li><a href=\"https:\/\/www.lirapopular.cl\/lirapopularxix\/2020\/11\/18\/horrible-salteo-en-quillota\/\">Horrible salteo en Quillota. Siete bandidos asaltaron la casa de un s\u00fabdito italiano. Muertos y heridos<\/a><\/li><\/ul>\n\n\n\n<p>Nota: Este ejemplar tiene escrito a mano con plum\u00f3n \u201c9\u201d y por el reverso &#8220;247&#8221;.<br>Documento optimizado digitalmente.<\/p>\n","protected":false},"excerpt":{"rendered":"<p>Autor: Daniel Meneses. Poeta popular chileno. Calle de Za\u00f1artu n\u00famero 1070.Impresor: J. Gregorio Olivares. Maturana 884 \u2014Santiago.Tama\u00f1o: 54 x 39 cmClasificaci\u00f3n: BN C\u00f3digo:\u00a0LO0012336 El indulto del reo Francisco Olivares, pedido por S. E. y firmado por el Consejo del Estado Carta que escribi\u00f3 el reo Francisco Olivares en su calabozo y mand\u00f3 a los diarios [&hellip;]<\/p>\n","protected":false},"author":1,"featured_media":0,"parent":0,"menu_order":0,"comment_status":"closed","ping_status":"closed","template":"","meta":{"footnotes":""},"class_list":["post-13251","page","type-page","status-publish","hentry"],"jetpack_sharing_enabled":true,"_links":{"self":[{"href":"https:\/\/www.lirapopular.cl\/lirapopularxix\/wp-json\/wp\/v2\/pages\/13251","targetHints":{"allow":["GET"]}}],"collection":[{"href":"https:\/\/www.lirapopular.cl\/lirapopularxix\/wp-json\/wp\/v2\/pages"}],"about":[{"href":"https:\/\/www.lirapopular.cl\/lirapopularxix\/wp-json\/wp\/v2\/types\/page"}],"author":[{"embeddable":true,"href":"https:\/\/www.lirapopular.cl\/lirapopularxix\/wp-json\/wp\/v2\/users\/1"}],"replies":[{"embeddable":true,"href":"https:\/\/www.lirapopular.cl\/lirapopularxix\/wp-json\/wp\/v2\/comments?post=13251"}],"version-history":[{"count":0,"href":"https:\/\/www.lirapopular.cl\/lirapopularxix\/wp-json\/wp\/v2\/pages\/13251\/revisions"}],"wp:attachment":[{"href":"https:\/\/www.lirapopular.cl\/lirapopularxix\/wp-json\/wp\/v2\/media?parent=13251"}],"curies":[{"name":"wp","href":"https:\/\/api.w.org\/{rel}","templated":true}]}}