{"id":13227,"date":"2020-11-16T19:57:56","date_gmt":"2020-11-16T23:57:56","guid":{"rendered":"https:\/\/www.lirapopular.cl\/lirapopularxix\/?page_id=13227"},"modified":"2020-11-16T19:57:56","modified_gmt":"2020-11-16T23:57:56","slug":"gran-salteo-en-el-cerro-alegre","status":"publish","type":"page","link":"https:\/\/www.lirapopular.cl\/lirapopularxix\/gran-salteo-en-el-cerro-alegre\/","title":{"rendered":"GRAN SALTEO en el CERRO ALEGRE<br>Defensa de los Canes"},"content":{"rendered":"\n<div class=\"wp-block-image\"><figure class=\"alignright size-medium\"><a href=\"https:\/\/www.lirapopular.cl\/lirapopularxix\/wp-content\/uploads\/2020\/11\/LO0012442.jpg\"><img decoding=\"async\" src=\"https:\/\/www.lirapopular.cl\/lirapopularxix\/wp-content\/uploads\/2020\/11\/LO0012442-300x198.jpg\" alt=\"\" class=\"wp-image-13228\"\/><\/a><figcaption>Archivo de Literatura Oral<br>Colecci\u00f3n Alamiro de \u00c1vila<\/figcaption><\/figure><\/div>\n\n\n\n<p>Autor: Daniel Meneses. Poeta nacional. Morand\u00e9 8-A<br>Impresor: Imp. del Comercio. Moneda, 1027<br>Tama\u00f1o: 55 x 39 cm<br>Clasificaci\u00f3n: BN C\u00f3digo:\u00a0LO0012442<\/p>\n\n\n\n<ul class=\"wp-block-list\"><li><a href=\"https:\/\/www.lirapopular.cl\/lirapopularxix\/2020\/11\/17\/juramentos-del-poeta\/\">Juramentos del poeta<\/a><\/li><li><a href=\"https:\/\/www.lirapopular.cl\/lirapopularxix\/2020\/11\/17\/defensa-de-los-canes\/\">Defensa de los canes. Un perro abogado y al mismo tiempo poeta. Versos escritos por su propia pata<\/a><\/li><li><a href=\"https:\/\/www.lirapopular.cl\/lirapopularxix\/2020\/11\/17\/llegada-de-un-amante-donde-su-querida\/\">Llegada de un amante donde su querida<\/a><\/li><li><a href=\"https:\/\/www.lirapopular.cl\/lirapopularxix\/2020\/11\/17\/versos-humanosla-fidelidad-de-un-amigo\/\">Versos humanos. La fidelidad de un amigo<\/a><\/li><li><a href=\"https:\/\/www.lirapopular.cl\/lirapopularxix\/2020\/11\/17\/gran-salteo-en-el-cerroalegre-en-la-calle-del-hospi-tal-tres-asaltados-heridosi-un-bandido-capturado\/\">Gran salteo en el Cerro Alegre, en la calle del hospital. Tres asaltados heridos y un bandido capturado<\/a><\/li><li><a href=\"https:\/\/www.lirapopular.cl\/lirapopularxix\/2020\/11\/17\/sigue-el-dialogoentre-el-rotito-del-nortecon-el-del-sur\/\">Sigue el di\u00e1logo entre el rotito del norte con el rotito del sur<\/a><\/li><\/ul>\n\n\n\n<p>Nota: Este ejemplar tiene escrito a mano con plum\u00f3n \u201c116\u201d y por el reverso &#8220;101&#8221;.<br>Documento optimizado digitalmente.<\/p>\n","protected":false},"excerpt":{"rendered":"<p>Autor: Daniel Meneses. Poeta nacional. Morand\u00e9 8-AImpresor: Imp. del Comercio. Moneda, 1027Tama\u00f1o: 55 x 39 cmClasificaci\u00f3n: BN C\u00f3digo:\u00a0LO0012442 Juramentos del poeta Defensa de los canes. Un perro abogado y al mismo tiempo poeta. Versos escritos por su propia pata Llegada de un amante donde su querida Versos humanos. La fidelidad de un amigo Gran salteo [&hellip;]<\/p>\n","protected":false},"author":1,"featured_media":0,"parent":0,"menu_order":0,"comment_status":"closed","ping_status":"closed","template":"","meta":{"footnotes":""},"class_list":["post-13227","page","type-page","status-publish","hentry"],"jetpack_sharing_enabled":true,"_links":{"self":[{"href":"https:\/\/www.lirapopular.cl\/lirapopularxix\/wp-json\/wp\/v2\/pages\/13227","targetHints":{"allow":["GET"]}}],"collection":[{"href":"https:\/\/www.lirapopular.cl\/lirapopularxix\/wp-json\/wp\/v2\/pages"}],"about":[{"href":"https:\/\/www.lirapopular.cl\/lirapopularxix\/wp-json\/wp\/v2\/types\/page"}],"author":[{"embeddable":true,"href":"https:\/\/www.lirapopular.cl\/lirapopularxix\/wp-json\/wp\/v2\/users\/1"}],"replies":[{"embeddable":true,"href":"https:\/\/www.lirapopular.cl\/lirapopularxix\/wp-json\/wp\/v2\/comments?post=13227"}],"version-history":[{"count":0,"href":"https:\/\/www.lirapopular.cl\/lirapopularxix\/wp-json\/wp\/v2\/pages\/13227\/revisions"}],"wp:attachment":[{"href":"https:\/\/www.lirapopular.cl\/lirapopularxix\/wp-json\/wp\/v2\/media?parent=13227"}],"curies":[{"name":"wp","href":"https:\/\/api.w.org\/{rel}","templated":true}]}}