{"id":13198,"date":"2020-11-16T09:42:03","date_gmt":"2020-11-16T13:42:03","guid":{"rendered":"https:\/\/www.lirapopular.cl\/lirapopularxix\/?page_id=13198"},"modified":"2020-11-16T09:42:03","modified_gmt":"2020-11-16T13:42:03","slug":"gran-crimen-en-la-araucania","status":"publish","type":"page","link":"https:\/\/www.lirapopular.cl\/lirapopularxix\/gran-crimen-en-la-araucania\/","title":{"rendered":"GRAN CRIMEN EN LA ARAUCANIA<br>El marido que le di\u00f3 muerte a la mujer a garrotazos"},"content":{"rendered":"\n<div class=\"wp-block-image\"><figure class=\"alignright size-medium\"><a href=\"https:\/\/www.lirapopular.cl\/lirapopularxix\/wp-content\/uploads\/2020\/11\/LO0012231.jpg\"><img loading=\"lazy\" decoding=\"async\" width=\"209\" height=\"300\" src=\"https:\/\/www.lirapopular.cl\/lirapopularxix\/wp-content\/uploads\/2020\/11\/LO0012231-209x300.jpg\" alt=\"\" class=\"wp-image-13200\" srcset=\"https:\/\/www.lirapopular.cl\/lirapopularxix\/wp-content\/uploads\/2020\/11\/LO0012231-209x300.jpg 209w, https:\/\/www.lirapopular.cl\/lirapopularxix\/wp-content\/uploads\/2020\/11\/LO0012231.jpg 698w\" sizes=\"auto, (max-width: 209px) 100vw, 209px\" \/><\/a><figcaption>Archivo de Literatura Oral<br>Fondo Rodolfo Lenz<\/figcaption><\/figure><\/div>\n\n\n\n<p>Autor: Daniel Meneses. Poeta nortino. Morand\u00e9 8-A<br>Impresor: Imprenta, Moneda, 25-M<br>Tama\u00f1o: 54 x 39 cm<br>Clasificaci\u00f3n: BN C\u00f3digo:\u00a0LO0012231<\/p>\n\n\n\n<ul class=\"wp-block-list\"><li><a href=\"https:\/\/www.lirapopular.cl\/lirapopularxix\/2020\/11\/16\/versos-humanosel-aguila-mensajera\/\">Versos humanos. El \u00e1guila mensajera<\/a><\/li><li><a href=\"https:\/\/www.lirapopular.cl\/lirapopularxix\/2020\/11\/16\/versos-de-la-voladitaen-cartucho\/\">Versos de la voladita en cartucho<\/a><\/li><li><a href=\"https:\/\/www.lirapopular.cl\/lirapopularxix\/2020\/11\/16\/verso-historico-sagradolos-suenos-de-faraon-e-interpre-tacion-de-jose-a-lo-divino\/\">Verso hist\u00f3rico sagrado. Los sue\u00f1os de fara\u00f3n e interpretaci\u00f3n de Jos\u00e9. A lo divino<\/a><\/li><li><a href=\"https:\/\/www.lirapopular.cl\/lirapopularxix\/2020\/11\/16\/contrapuntoentre-un-filosofo-i-un-literato\/\">Contrapunto entre un fil\u00f3sofo y un literato<\/a><\/li><li><a href=\"https:\/\/www.lirapopular.cl\/lirapopularxix\/2020\/11\/16\/versos-dedicadosa-la-conductora-numero-11\/\">Versos dedicados a la conductora n\u00famero 11<\/a><\/li><li><a href=\"https:\/\/www.lirapopular.cl\/lirapopularxix\/2020\/11\/16\/crimen-en-la-araucaniael-marido-que-ultimo-a-la-mujera-garrotazos\/\">Crimen en la Araucan\u00eda. El marido que ultim\u00f3 a la mujer a garrotazos.<\/a><\/li><\/ul>\n\n\n\n<p>Nota: Este ejemplar tiene escrito a mano con l\u00e1piz azul &#8220;-25-\u201d, con un timbre &#8220;479&#8221; y con l\u00e1piz grafito &#8220;70&#8221;.<br>Documento optimizado digitalmente.<\/p>\n","protected":false},"excerpt":{"rendered":"<p>Autor: Daniel Meneses. Poeta nortino. Morand\u00e9 8-AImpresor: Imprenta, Moneda, 25-MTama\u00f1o: 54 x 39 cmClasificaci\u00f3n: BN C\u00f3digo:\u00a0LO0012231 Versos humanos. El \u00e1guila mensajera Versos de la voladita en cartucho Verso hist\u00f3rico sagrado. Los sue\u00f1os de fara\u00f3n e interpretaci\u00f3n de Jos\u00e9. A lo divino Contrapunto entre un fil\u00f3sofo y un literato Versos dedicados a la conductora n\u00famero 11 [&hellip;]<\/p>\n","protected":false},"author":1,"featured_media":0,"parent":0,"menu_order":0,"comment_status":"closed","ping_status":"closed","template":"","meta":{"footnotes":""},"class_list":["post-13198","page","type-page","status-publish","hentry"],"jetpack_sharing_enabled":true,"_links":{"self":[{"href":"https:\/\/www.lirapopular.cl\/lirapopularxix\/wp-json\/wp\/v2\/pages\/13198","targetHints":{"allow":["GET"]}}],"collection":[{"href":"https:\/\/www.lirapopular.cl\/lirapopularxix\/wp-json\/wp\/v2\/pages"}],"about":[{"href":"https:\/\/www.lirapopular.cl\/lirapopularxix\/wp-json\/wp\/v2\/types\/page"}],"author":[{"embeddable":true,"href":"https:\/\/www.lirapopular.cl\/lirapopularxix\/wp-json\/wp\/v2\/users\/1"}],"replies":[{"embeddable":true,"href":"https:\/\/www.lirapopular.cl\/lirapopularxix\/wp-json\/wp\/v2\/comments?post=13198"}],"version-history":[{"count":0,"href":"https:\/\/www.lirapopular.cl\/lirapopularxix\/wp-json\/wp\/v2\/pages\/13198\/revisions"}],"wp:attachment":[{"href":"https:\/\/www.lirapopular.cl\/lirapopularxix\/wp-json\/wp\/v2\/media?parent=13198"}],"curies":[{"name":"wp","href":"https:\/\/api.w.org\/{rel}","templated":true}]}}