{"id":13172,"date":"2020-11-12T10:09:51","date_gmt":"2020-11-12T14:09:51","guid":{"rendered":"https:\/\/www.lirapopular.cl\/lirapopularxix\/?page_id=13172"},"modified":"2020-11-12T10:09:51","modified_gmt":"2020-11-12T14:09:51","slug":"gran-contrapunto-guerrero","status":"publish","type":"page","link":"https:\/\/www.lirapopular.cl\/lirapopularxix\/gran-contrapunto-guerrero\/","title":{"rendered":"Gran contrapunto guerrero entre la Reina rejente de Espa\u00f1a i el presidente Mac-Kinley de los Estados Unidos, cantando sus triunfos que tienen en las batallas i combates<br>Fusilamiento en Valparaiso del reo Jos\u00e9 \u00c1njel Rivero : los enga\u00f1os de la vida i las injusticias de los hombres"},"content":{"rendered":"\n<div class=\"wp-block-image\"><figure class=\"alignright size-medium\"><a href=\"https:\/\/www.lirapopular.cl\/lirapopularxix\/wp-content\/uploads\/2020\/11\/LO0012431.jpg\"><img loading=\"lazy\" decoding=\"async\" width=\"300\" height=\"232\" src=\"https:\/\/www.lirapopular.cl\/lirapopularxix\/wp-content\/uploads\/2020\/11\/LO0012431-300x232.jpg\" alt=\"\" class=\"wp-image-13173\" srcset=\"https:\/\/www.lirapopular.cl\/lirapopularxix\/wp-content\/uploads\/2020\/11\/LO0012431-300x232.jpg 300w, https:\/\/www.lirapopular.cl\/lirapopularxix\/wp-content\/uploads\/2020\/11\/LO0012431-768x593.jpg 768w, https:\/\/www.lirapopular.cl\/lirapopularxix\/wp-content\/uploads\/2020\/11\/LO0012431.jpg 1000w\" sizes=\"auto, (max-width: 300px) 100vw, 300px\" \/><\/a><figcaption>Archivo de Literatura Oral<br>Colecci\u00f3n Alamiro de \u00c1vila<\/figcaption><\/figure><\/div>\n\n\n\n<p>Autor: Daniel Meneses. Poeta nortino. Morand\u00e9 8.<br>Impresor: Imprenta Moneda<br>Tama\u00f1o: 55 x 73 cm<br>Clasificaci\u00f3n: BN C\u00f3digo:\u00a0LO0012431<\/p>\n\n\n\n<ul class=\"wp-block-list\"><li><a href=\"https:\/\/www.lirapopular.cl\/lirapopularxix\/2020\/11\/12\/gran-contrapunto-guerrero\/\">Gran contrapunto guerrero entre la reina regente de Espa\u00f1a i el presidente Mac-Kinley de los Estados Unidos, cantando sus triunfos que tienen en las batallas y combates<\/a><\/li><li><a href=\"https:\/\/www.lirapopular.cl\/lirapopularxix\/2020\/11\/12\/las-falsedadesdel-perito-moreno\/\">Las falsedades del perito Moreno<\/a><\/li><li><a href=\"https:\/\/www.lirapopular.cl\/lirapopularxix\/2020\/11\/12\/fusilamiento-en-valparaiso\/\">Fusilamiento en Valpara\u00edso del reo Jos\u00e9 \u00c1njel Rivero. Los enga\u00f1os de la vida y las injusticias de los hombres<\/a><\/li><li><a href=\"https:\/\/www.lirapopular.cl\/lirapopularxix\/2020\/11\/12\/versos-mitolojicoslas-fiestas-de-los-dioses\/\">Versos mitol\u00f3gicos. Las fiestas de los dioses<\/a><\/li><li><a href=\"https:\/\/www.lirapopular.cl\/lirapopularxix\/2020\/11\/12\/cuecas-patriotas\/\">Cuecas patriotas<\/a><\/li><li><a href=\"https:\/\/www.lirapopular.cl\/lirapopularxix\/2020\/11\/12\/versos-de-la-creaciondel-mundo\/\">Versos de la creaci\u00f3n del mundo<\/a><\/li><li><a href=\"https:\/\/www.lirapopular.cl\/lirapopularxix\/2020\/11\/12\/deseos-amorososde-un-amante\/\">Deseos amorosos de un amante<\/a><\/li><li><a href=\"https:\/\/www.lirapopular.cl\/lirapopularxix\/2020\/11\/12\/sigue-el-dialogoentre-el-rotito-del-nortei-el-del-sur\/\">Sigue el di\u00e1logo entre el rotito del norte y el del sur<\/a><\/li><\/ul>\n\n\n\n<p>Nota: Este ejemplar tiene escrito a mano con plum\u00f3n \u201c105\u201d.<br>Documento optimizado digitalmente.<\/p>\n","protected":false},"excerpt":{"rendered":"<p>Autor: Daniel Meneses. Poeta nortino. Morand\u00e9 8.Impresor: Imprenta MonedaTama\u00f1o: 55 x 73 cmClasificaci\u00f3n: BN C\u00f3digo:\u00a0LO0012431 Gran contrapunto guerrero entre la reina regente de Espa\u00f1a i el presidente Mac-Kinley de los Estados Unidos, cantando sus triunfos que tienen en las batallas y combates Las falsedades del perito Moreno Fusilamiento en Valpara\u00edso del reo Jos\u00e9 \u00c1njel Rivero. [&hellip;]<\/p>\n","protected":false},"author":1,"featured_media":0,"parent":0,"menu_order":0,"comment_status":"closed","ping_status":"closed","template":"","meta":{"footnotes":""},"class_list":["post-13172","page","type-page","status-publish","hentry"],"jetpack_sharing_enabled":true,"_links":{"self":[{"href":"https:\/\/www.lirapopular.cl\/lirapopularxix\/wp-json\/wp\/v2\/pages\/13172","targetHints":{"allow":["GET"]}}],"collection":[{"href":"https:\/\/www.lirapopular.cl\/lirapopularxix\/wp-json\/wp\/v2\/pages"}],"about":[{"href":"https:\/\/www.lirapopular.cl\/lirapopularxix\/wp-json\/wp\/v2\/types\/page"}],"author":[{"embeddable":true,"href":"https:\/\/www.lirapopular.cl\/lirapopularxix\/wp-json\/wp\/v2\/users\/1"}],"replies":[{"embeddable":true,"href":"https:\/\/www.lirapopular.cl\/lirapopularxix\/wp-json\/wp\/v2\/comments?post=13172"}],"version-history":[{"count":0,"href":"https:\/\/www.lirapopular.cl\/lirapopularxix\/wp-json\/wp\/v2\/pages\/13172\/revisions"}],"wp:attachment":[{"href":"https:\/\/www.lirapopular.cl\/lirapopularxix\/wp-json\/wp\/v2\/media?parent=13172"}],"curies":[{"name":"wp","href":"https:\/\/api.w.org\/{rel}","templated":true}]}}