{"id":13152,"date":"2020-11-10T17:27:59","date_gmt":"2020-11-10T21:27:59","guid":{"rendered":"https:\/\/www.lirapopular.cl\/lirapopularxix\/?page_id=13152"},"modified":"2020-11-10T17:27:59","modified_gmt":"2020-11-10T21:27:59","slug":"gran-contrapunto-entre-los-dos-peritos","status":"publish","type":"page","link":"https:\/\/www.lirapopular.cl\/lirapopularxix\/gran-contrapunto-entre-los-dos-peritos\/","title":{"rendered":"Gran contrapunto entre los dos peritos don Diego Barros Arana y don Francisco de P. Moreno, <br>sobre los l\u00edmites de la cuesti\u00f3n internacional"},"content":{"rendered":"\n<div class=\"wp-block-image\"><figure class=\"alignright size-medium\"><a href=\"https:\/\/www.lirapopular.cl\/lirapopularxix\/wp-content\/uploads\/2020\/11\/LO0012390.jpg\"><img loading=\"lazy\" decoding=\"async\" width=\"300\" height=\"202\" src=\"https:\/\/www.lirapopular.cl\/lirapopularxix\/wp-content\/uploads\/2020\/11\/LO0012390-300x202.jpg\" alt=\"\" class=\"wp-image-13153\" srcset=\"https:\/\/www.lirapopular.cl\/lirapopularxix\/wp-content\/uploads\/2020\/11\/LO0012390-300x202.jpg 300w, https:\/\/www.lirapopular.cl\/lirapopularxix\/wp-content\/uploads\/2020\/11\/LO0012390-768x518.jpg 768w, https:\/\/www.lirapopular.cl\/lirapopularxix\/wp-content\/uploads\/2020\/11\/LO0012390.jpg 1000w\" sizes=\"auto, (max-width: 300px) 100vw, 300px\" \/><\/a><figcaption>Archivo de Literatura Oral<br>Colecci\u00f3n Alamiro de \u00c1vila<\/figcaption><\/figure><\/div>\n\n\n\n<p>Autor: Daniel Meneses. Poeta Santiaguino.<br>Impresor: Sin informaci\u00f3n<br>Tama\u00f1o: 54 x 38 cm<br>Clasificaci\u00f3n: BN C\u00f3digo:\u00a0LO0012390<\/p>\n\n\n\n<ul class=\"wp-block-list\"><li><a href=\"https:\/\/www.lirapopular.cl\/lirapopularxix\/2020\/11\/11\/ultima-sentencia-al-reo-felipe-roco\/\">Ultima sentencia al reo Felipe Roco donde la Corte de Iquique lo conden\u00f3 a muerte<\/a><\/li><li><a href=\"https:\/\/www.lirapopular.cl\/lirapopularxix\/2020\/11\/11\/gran-contrapunto-entre\/\">Gran contrapunto entre los dos peritos don Diego Barros Arana y don Francisco de P. Moreno, sobre los l\u00edmites de la cuesti\u00f3n internacional<\/a><\/li><li><a href=\"https:\/\/www.lirapopular.cl\/lirapopularxix\/2020\/11\/11\/fusilamiento-en-santiago\/\">Fusilamiento en Santiago del reo Albornoz que asesin\u00f3 al patr\u00f3n \u00e1 garrotazos en los molinos de Santa Margarita<\/a><\/li><li><a href=\"https:\/\/www.lirapopular.cl\/lirapopularxix\/2020\/11\/11\/versos-de-puro-amor-16\/\">Versos de puro amor<\/a><\/li><li><a href=\"https:\/\/www.lirapopular.cl\/lirapopularxix\/2020\/11\/11\/mi-diuca-tan-regalona\/\">Mi diuca tan regalona<\/a><\/li><li><a href=\"https:\/\/www.lirapopular.cl\/lirapopularxix\/2020\/11\/11\/aviso\/\">Aviso<\/a><\/li><\/ul>\n\n\n\n<p>Nota: Este ejemplar tiene escrito a mano con plum\u00f3n \u201c64\u201d, texto manuscrito a pluma incompleto, por el reverso &#8220;269&#8221;.<br>Documento optimizado digitalmente.<\/p>\n","protected":false},"excerpt":{"rendered":"<p>Autor: Daniel Meneses. Poeta Santiaguino.Impresor: Sin informaci\u00f3nTama\u00f1o: 54 x 38 cmClasificaci\u00f3n: BN C\u00f3digo:\u00a0LO0012390 Ultima sentencia al reo Felipe Roco donde la Corte de Iquique lo conden\u00f3 a muerte Gran contrapunto entre los dos peritos don Diego Barros Arana y don Francisco de P. Moreno, sobre los l\u00edmites de la cuesti\u00f3n internacional Fusilamiento en Santiago del [&hellip;]<\/p>\n","protected":false},"author":1,"featured_media":0,"parent":0,"menu_order":0,"comment_status":"closed","ping_status":"closed","template":"","meta":{"footnotes":""},"class_list":["post-13152","page","type-page","status-publish","hentry"],"jetpack_sharing_enabled":true,"_links":{"self":[{"href":"https:\/\/www.lirapopular.cl\/lirapopularxix\/wp-json\/wp\/v2\/pages\/13152","targetHints":{"allow":["GET"]}}],"collection":[{"href":"https:\/\/www.lirapopular.cl\/lirapopularxix\/wp-json\/wp\/v2\/pages"}],"about":[{"href":"https:\/\/www.lirapopular.cl\/lirapopularxix\/wp-json\/wp\/v2\/types\/page"}],"author":[{"embeddable":true,"href":"https:\/\/www.lirapopular.cl\/lirapopularxix\/wp-json\/wp\/v2\/users\/1"}],"replies":[{"embeddable":true,"href":"https:\/\/www.lirapopular.cl\/lirapopularxix\/wp-json\/wp\/v2\/comments?post=13152"}],"version-history":[{"count":0,"href":"https:\/\/www.lirapopular.cl\/lirapopularxix\/wp-json\/wp\/v2\/pages\/13152\/revisions"}],"wp:attachment":[{"href":"https:\/\/www.lirapopular.cl\/lirapopularxix\/wp-json\/wp\/v2\/media?parent=13152"}],"curies":[{"name":"wp","href":"https:\/\/api.w.org\/{rel}","templated":true}]}}