{"id":13129,"date":"2020-11-10T12:19:57","date_gmt":"2020-11-10T16:19:57","guid":{"rendered":"https:\/\/www.lirapopular.cl\/lirapopularxix\/?page_id=13129"},"modified":"2020-11-10T12:19:57","modified_gmt":"2020-11-10T16:19:57","slug":"gran-choque-entre-la-policia","status":"publish","type":"page","link":"https:\/\/www.lirapopular.cl\/lirapopularxix\/gran-choque-entre-la-policia\/","title":{"rendered":"GRAN CHOQUE ENTRE LA POLICIA<br>y el pueblo en Santiago.\u2014Horrendo cr\u00edmen en el cerro de la Artiller\u00eda, la madre que tir\u00f3 la hija cerro abajo y en seguida se tir\u00f2 ella"},"content":{"rendered":"\n<div class=\"wp-block-image\"><figure class=\"alignright size-medium\"><a href=\"https:\/\/www.lirapopular.cl\/lirapopularxix\/wp-content\/uploads\/2020\/11\/LO0012328.jpg\"><img decoding=\"async\" src=\"https:\/\/www.lirapopular.cl\/lirapopularxix\/wp-content\/uploads\/2020\/11\/LO0012328-300x199.jpg\" alt=\"\" class=\"wp-image-13130\"\/><\/a><figcaption>Archivo de Literatura Oral<br>Colecci\u00f3n Alamiro de \u00c1vila<\/figcaption><\/figure><\/div>\n\n\n\n<p>Autor: Daniel Meneses. Poeta chileno.<br>Impresor: Imp. \u00abLa Araucana\u00bb\u2013Valp.<br>Tama\u00f1o: 54 x 38 cm<br>Clasificaci\u00f3n: BN C\u00f3digo:&nbsp;LO0012328<\/p>\n\n\n\n<ul class=\"wp-block-list\"><li><a href=\"https:\/\/www.lirapopular.cl\/lirapopularxix\/2020\/11\/10\/ilusionesde-un-sonador-imitando-al-versoviejo\/\">Ilusiones de un so\u00f1ador, imitando al verso viejo<\/a><\/li><li><a href=\"https:\/\/www.lirapopular.cl\/lirapopularxix\/2020\/11\/10\/versos-del-puro-amor-5\/\">Versos del puro amor<\/a><\/li><li><a href=\"https:\/\/www.lirapopular.cl\/lirapopularxix\/2020\/11\/10\/la-vida-de-los-operariosen-laspampas-salitreras\/\">La vida de los operarios en las pampas salitreras<\/a><\/li><li><a href=\"https:\/\/www.lirapopular.cl\/lirapopularxix\/2020\/11\/10\/completos-detallesdel-encuentro-que-tuvieronlos-guardianes-con-el-puebloen-la-alameda\/\">Completos detalles del encuentro que tuvieron los guardianes con el pueblo en la Alameda<\/a><\/li><li><a href=\"https:\/\/www.lirapopular.cl\/lirapopularxix\/2020\/11\/10\/tristes-sucesosen-el-cerro-de-la-artilleria-la-madreque-tiro-la-hija-cerro-abajo-y-en-seguidase-tiro-ella\/\">Tristes sucesos. En el Cerro de la Artiller\u00eda, la madre que tir\u00f3 la hija cerro abajo y en seguida se tir\u00f3 ella<\/a><\/li><li><a href=\"https:\/\/www.lirapopular.cl\/lirapopularxix\/2020\/11\/10\/ultimos-detallesdel-horrendo-crimen-de-la-callede-la-esperanza-el-criminal-quele-partio-el-corazon-a-apunaladasa-su-rival\/\">\u00daltimos detalles del horrendo cr\u00edmen de la calle de la Esperanza. El criminal que le parti\u00f3 el coraz\u00f3n a apu\u00f1aladas a su rival<\/a><\/li><\/ul>\n\n\n\n<p>Nota: Este ejemplar tiene escrito a mano con l\u00e1piz azul \u201c1\u201d, &#8220;1&#8221;, por el reverso &#8220;245&#8221;.<br>Documento optimizado digitalmente.<\/p>\n","protected":false},"excerpt":{"rendered":"<p>Autor: Daniel Meneses. Poeta chileno.Impresor: Imp. \u00abLa Araucana\u00bb\u2013Valp.Tama\u00f1o: 54 x 38 cmClasificaci\u00f3n: BN C\u00f3digo:&nbsp;LO0012328 Ilusiones de un so\u00f1ador, imitando al verso viejo Versos del puro amor La vida de los operarios en las pampas salitreras Completos detalles del encuentro que tuvieron los guardianes con el pueblo en la Alameda Tristes sucesos. En el Cerro de [&hellip;]<\/p>\n","protected":false},"author":1,"featured_media":0,"parent":0,"menu_order":0,"comment_status":"closed","ping_status":"closed","template":"","meta":{"footnotes":""},"class_list":["post-13129","page","type-page","status-publish","hentry"],"jetpack_sharing_enabled":true,"_links":{"self":[{"href":"https:\/\/www.lirapopular.cl\/lirapopularxix\/wp-json\/wp\/v2\/pages\/13129","targetHints":{"allow":["GET"]}}],"collection":[{"href":"https:\/\/www.lirapopular.cl\/lirapopularxix\/wp-json\/wp\/v2\/pages"}],"about":[{"href":"https:\/\/www.lirapopular.cl\/lirapopularxix\/wp-json\/wp\/v2\/types\/page"}],"author":[{"embeddable":true,"href":"https:\/\/www.lirapopular.cl\/lirapopularxix\/wp-json\/wp\/v2\/users\/1"}],"replies":[{"embeddable":true,"href":"https:\/\/www.lirapopular.cl\/lirapopularxix\/wp-json\/wp\/v2\/comments?post=13129"}],"version-history":[{"count":0,"href":"https:\/\/www.lirapopular.cl\/lirapopularxix\/wp-json\/wp\/v2\/pages\/13129\/revisions"}],"wp:attachment":[{"href":"https:\/\/www.lirapopular.cl\/lirapopularxix\/wp-json\/wp\/v2\/media?parent=13129"}],"curies":[{"name":"wp","href":"https:\/\/api.w.org\/{rel}","templated":true}]}}