{"id":13099,"date":"2020-11-09T19:49:20","date_gmt":"2020-11-09T23:49:20","guid":{"rendered":"https:\/\/www.lirapopular.cl\/lirapopularxix\/?page_id=13099"},"modified":"2020-11-09T19:49:20","modified_gmt":"2020-11-09T23:49:20","slug":"fusilamiento-del-reo-jose-ibacache","status":"publish","type":"page","link":"https:\/\/www.lirapopular.cl\/lirapopularxix\/fusilamiento-del-reo-jose-ibacache\/","title":{"rendered":"FUSILAMIENTO<br>DEL REO JOSE IBACACHE EN QUILLOTA<br>I la carta que mand\u00f3 a la clase obrera de Valparaiso"},"content":{"rendered":"\n<div class=\"wp-block-image\"><figure class=\"alignright size-medium\"><a href=\"https:\/\/www.lirapopular.cl\/lirapopularxix\/wp-content\/uploads\/2020\/11\/LO0012405.jpg\"><img loading=\"lazy\" decoding=\"async\" width=\"300\" height=\"199\" src=\"https:\/\/www.lirapopular.cl\/lirapopularxix\/wp-content\/uploads\/2020\/11\/LO0012405-300x199.jpg\" alt=\"\" class=\"wp-image-13100\" srcset=\"https:\/\/www.lirapopular.cl\/lirapopularxix\/wp-content\/uploads\/2020\/11\/LO0012405-300x199.jpg 300w, https:\/\/www.lirapopular.cl\/lirapopularxix\/wp-content\/uploads\/2020\/11\/LO0012405-768x508.jpg 768w, https:\/\/www.lirapopular.cl\/lirapopularxix\/wp-content\/uploads\/2020\/11\/LO0012405.jpg 1000w\" sizes=\"auto, (max-width: 300px) 100vw, 300px\" \/><\/a><figcaption>Archivo de Literatura Oral<br>Colecci\u00f3n Alamiro de \u00c1vila<\/figcaption><\/figure><\/div>\n\n\n\n<p>Autor: Daniel Meneses. Poeta nacional chileno. Quebrada de M\u00e1rquez N\u00ba 57.<br>Impresor: Imp. y Lit. de G. A. Rohde y Ca.-Valp.<br>Tama\u00f1o: 54 x 38 cm<br>Clasificaci\u00f3n: BN C\u00f3digo:\u00a0LO0012405<\/p>\n\n\n\n<ul class=\"wp-block-list\"><li><a href=\"https:\/\/www.lirapopular.cl\/lirapopularxix\/2020\/11\/10\/los-pensamientos-de-unpobre\/\">Los pensamientos de un pobre<\/a><\/li><li><a href=\"https:\/\/www.lirapopular.cl\/lirapopularxix\/2020\/11\/10\/reflexiones-de-un-bo-rracho\/\">Reflexiones de un borracho<\/a><\/li><li><a href=\"https:\/\/www.lirapopular.cl\/lirapopularxix\/2020\/11\/10\/una-reprensiona-las-mujeres-que-amanhombres-casados\/\">Una reprensi\u00f3n a las mujeres que aman hombres casados<\/a><\/li><li><a href=\"https:\/\/www.lirapopular.cl\/lirapopularxix\/2020\/11\/10\/la-desigualdad-en-la-leivala-para-el-pobre-i-parael-rico-no\/\">La desigualdad en la lei vale para el pobre y para el rico no<\/a><\/li><li><a href=\"https:\/\/www.lirapopular.cl\/lirapopularxix\/2020\/11\/10\/la-carta-que-mandojose-lbacachea-la-clase-obrera-devalparaiso\/\">La carta que mand\u00f3 Jos\u00e9 Ibacache a la clase obrera de Valpara\u00edso<\/a><\/li><li><a href=\"https:\/\/www.lirapopular.cl\/lirapopularxix\/2020\/11\/10\/fusilamiento-del-reo-joseibacache-en-quillota\/\">Fusilamiento del reo Jos\u00e9 Ibacache en Quillota<\/a><\/li><\/ul>\n\n\n\n<p>Nota: Este ejemplar tiene escrito a mano con plum\u00f3n \u201c79\u201d y por el reverso &#8220;191&#8221;.<br>Documento optimizado digitalmente.<\/p>\n","protected":false},"excerpt":{"rendered":"<p>Autor: Daniel Meneses. Poeta nacional chileno. Quebrada de M\u00e1rquez N\u00ba 57.Impresor: Imp. y Lit. de G. A. Rohde y Ca.-Valp.Tama\u00f1o: 54 x 38 cmClasificaci\u00f3n: BN C\u00f3digo:\u00a0LO0012405 Los pensamientos de un pobre Reflexiones de un borracho Una reprensi\u00f3n a las mujeres que aman hombres casados La desigualdad en la lei vale para el pobre y para [&hellip;]<\/p>\n","protected":false},"author":1,"featured_media":0,"parent":0,"menu_order":0,"comment_status":"closed","ping_status":"closed","template":"","meta":{"footnotes":""},"class_list":["post-13099","page","type-page","status-publish","hentry"],"jetpack_sharing_enabled":true,"_links":{"self":[{"href":"https:\/\/www.lirapopular.cl\/lirapopularxix\/wp-json\/wp\/v2\/pages\/13099","targetHints":{"allow":["GET"]}}],"collection":[{"href":"https:\/\/www.lirapopular.cl\/lirapopularxix\/wp-json\/wp\/v2\/pages"}],"about":[{"href":"https:\/\/www.lirapopular.cl\/lirapopularxix\/wp-json\/wp\/v2\/types\/page"}],"author":[{"embeddable":true,"href":"https:\/\/www.lirapopular.cl\/lirapopularxix\/wp-json\/wp\/v2\/users\/1"}],"replies":[{"embeddable":true,"href":"https:\/\/www.lirapopular.cl\/lirapopularxix\/wp-json\/wp\/v2\/comments?post=13099"}],"version-history":[{"count":0,"href":"https:\/\/www.lirapopular.cl\/lirapopularxix\/wp-json\/wp\/v2\/pages\/13099\/revisions"}],"wp:attachment":[{"href":"https:\/\/www.lirapopular.cl\/lirapopularxix\/wp-json\/wp\/v2\/media?parent=13099"}],"curies":[{"name":"wp","href":"https:\/\/api.w.org\/{rel}","templated":true}]}}