{"id":13075,"date":"2020-11-09T15:41:50","date_gmt":"2020-11-09T19:41:50","guid":{"rendered":"https:\/\/www.lirapopular.cl\/lirapopularxix\/?page_id=13075"},"modified":"2020-11-09T15:41:50","modified_gmt":"2020-11-09T19:41:50","slug":"fallecimiento-federico-errazuriz","status":"publish","type":"page","link":"https:\/\/www.lirapopular.cl\/lirapopularxix\/fallecimiento-federico-errazuriz\/","title":{"rendered":"Fallecimiento de S. E. el Presidente de la Rep\u00fablica Sr. Federico Errazuriz<br>Contrapunto de un huaso riesquista con un futre monttino"},"content":{"rendered":"\n<p>Autor: Manuel Meneses. Calle Esposicion, 54.<br>Impresor: Imp. Moneda<br>Tama\u00f1o: 56 x 39 cm<br>Clasificaci\u00f3n: BN C\u00f3digo:\u00a0LO0012364<\/p>\n\n\n\n<div class=\"wp-block-image\"><figure class=\"alignright size-medium\"><a href=\"https:\/\/www.lirapopular.cl\/lirapopularxix\/wp-content\/uploads\/2020\/11\/LO0012364.jpg\"><img decoding=\"async\" src=\"https:\/\/www.lirapopular.cl\/lirapopularxix\/wp-content\/uploads\/2020\/11\/LO0012364-210x300.jpg\" alt=\"\" class=\"wp-image-13076\"\/><\/a><figcaption>Archivo de Literatura Oral<br>Colecci\u00f3n Alamiro de \u00c1vila<\/figcaption><\/figure><\/div>\n\n\n\n<ul class=\"wp-block-list\"><li><a href=\"https:\/\/www.lirapopular.cl\/lirapopularxix\/2020\/11\/09\/versos-biblicos-sagrados-2\/\">Versos b\u00edblicos sagrados<\/a><\/li><li><a href=\"https:\/\/www.lirapopular.cl\/lirapopularxix\/2020\/11\/09\/carta-de-amor-4\/\">Carta de amor<\/a><\/li><li><a href=\"https:\/\/www.lirapopular.cl\/lirapopularxix\/2020\/11\/09\/contrapuntoentre-un-futre-montino-i-unhuaso-riesquista\/\">Contrapunto entre un futre monttino y un huaso riesquista<\/a><\/li><li><a href=\"https:\/\/www.lirapopular.cl\/lirapopularxix\/2020\/11\/09\/sensible-fallecimiento\/\">Sensible fallecimiento de S. E. el Presidente de la Rep\u00fablica, Se\u00f1or Federico Err\u00e1zuriz. Sensaci\u00f3n en todos los pueblos de la Rep\u00fablica<\/a><\/li><li><a href=\"https:\/\/www.lirapopular.cl\/lirapopularxix\/2020\/11\/09\/versos-de-puro-amora-la-simpatica-carmelita-2\/\">Versos de puro amor. A la simp\u00e1tica Carmelita<\/a><\/li><li><a href=\"https:\/\/www.lirapopular.cl\/lirapopularxix\/2020\/11\/09\/viva-la-alianza-liberaltriunfo-completo-de-don-jerman-riesco\/\">Viva la Alianza Liberal. Triunfo completo de don Germ\u00e1n Riesco<\/a><\/li><\/ul>\n\n\n\n<p>Nota: Este ejemplar tiene escrito a mano con plum\u00f3n \u201c37\u201d.<br>Documento optimizado digitalmente.<\/p>\n","protected":false},"excerpt":{"rendered":"<p>Autor: Manuel Meneses. Calle Esposicion, 54.Impresor: Imp. MonedaTama\u00f1o: 56 x 39 cmClasificaci\u00f3n: BN C\u00f3digo:\u00a0LO0012364 Versos b\u00edblicos sagrados Carta de amor Contrapunto entre un futre monttino y un huaso riesquista Sensible fallecimiento de S. E. el Presidente de la Rep\u00fablica, Se\u00f1or Federico Err\u00e1zuriz. Sensaci\u00f3n en todos los pueblos de la Rep\u00fablica Versos de puro amor. A [&hellip;]<\/p>\n","protected":false},"author":1,"featured_media":0,"parent":0,"menu_order":0,"comment_status":"closed","ping_status":"closed","template":"","meta":{"footnotes":""},"class_list":["post-13075","page","type-page","status-publish","hentry"],"jetpack_sharing_enabled":true,"_links":{"self":[{"href":"https:\/\/www.lirapopular.cl\/lirapopularxix\/wp-json\/wp\/v2\/pages\/13075","targetHints":{"allow":["GET"]}}],"collection":[{"href":"https:\/\/www.lirapopular.cl\/lirapopularxix\/wp-json\/wp\/v2\/pages"}],"about":[{"href":"https:\/\/www.lirapopular.cl\/lirapopularxix\/wp-json\/wp\/v2\/types\/page"}],"author":[{"embeddable":true,"href":"https:\/\/www.lirapopular.cl\/lirapopularxix\/wp-json\/wp\/v2\/users\/1"}],"replies":[{"embeddable":true,"href":"https:\/\/www.lirapopular.cl\/lirapopularxix\/wp-json\/wp\/v2\/comments?post=13075"}],"version-history":[{"count":0,"href":"https:\/\/www.lirapopular.cl\/lirapopularxix\/wp-json\/wp\/v2\/pages\/13075\/revisions"}],"wp:attachment":[{"href":"https:\/\/www.lirapopular.cl\/lirapopularxix\/wp-json\/wp\/v2\/media?parent=13075"}],"curies":[{"name":"wp","href":"https:\/\/api.w.org\/{rel}","templated":true}]}}