{"id":13054,"date":"2020-11-07T22:03:29","date_gmt":"2020-11-08T02:03:29","guid":{"rendered":"https:\/\/www.lirapopular.cl\/lirapopularxix\/?page_id=13054"},"modified":"2020-11-07T22:03:29","modified_gmt":"2020-11-08T02:03:29","slug":"espantoso-crimen-en-italia","status":"publish","type":"page","link":"https:\/\/www.lirapopular.cl\/lirapopularxix\/espantoso-crimen-en-italia\/","title":{"rendered":"Espantoso crimen en Italia<br>El loco que asesin\u00f3 al Padre, a la Madre y a una Hermana con una guada\u00f1a"},"content":{"rendered":"\n<div class=\"wp-block-image\"><figure class=\"alignright size-medium\"><a href=\"https:\/\/www.lirapopular.cl\/lirapopularxix\/wp-content\/uploads\/2020\/11\/LO0012439.jpg\"><img loading=\"lazy\" decoding=\"async\" width=\"300\" height=\"199\" src=\"https:\/\/www.lirapopular.cl\/lirapopularxix\/wp-content\/uploads\/2020\/11\/LO0012439-300x199.jpg\" alt=\"\" class=\"wp-image-13055\" srcset=\"https:\/\/www.lirapopular.cl\/lirapopularxix\/wp-content\/uploads\/2020\/11\/LO0012439-300x199.jpg 300w, https:\/\/www.lirapopular.cl\/lirapopularxix\/wp-content\/uploads\/2020\/11\/LO0012439-768x509.jpg 768w, https:\/\/www.lirapopular.cl\/lirapopularxix\/wp-content\/uploads\/2020\/11\/LO0012439.jpg 1000w\" sizes=\"auto, (max-width: 300px) 100vw, 300px\" \/><\/a><figcaption>Archivo de Literatura Oral<br>Colecci\u00f3n Alamiro de \u00c1vila<\/figcaption><\/figure><\/div>\n\n\n\n<p>Autor: Daniel Meneses. Poeta nacional chileno.<br>Impresor: Imp. Leon V\u00edctor Caldera.\u2014Bandera, 919<br>Tama\u00f1o: 51 x 36 cm<br>Clasificaci\u00f3n: BN C\u00f3digo:\u00a0LO0012439<\/p>\n\n\n\n<ul class=\"wp-block-list\"><li><a href=\"https:\/\/www.lirapopular.cl\/lirapopularxix\/2020\/11\/09\/versos-de-amor-14\/\">Versos de amor<\/a><\/li><li><a href=\"https:\/\/www.lirapopular.cl\/lirapopularxix\/2020\/11\/09\/versosde-literatura-2\/\">Versos de literatura<\/a><\/li><li><a href=\"https:\/\/www.lirapopular.cl\/lirapopularxix\/2020\/11\/09\/fuego-poeticoal-sabiondojuan-bautista-peralta\/\">Fuego po\u00e9tico al sabiondo Juan Bautista Peralta<\/a><\/li><li><a href=\"https:\/\/www.lirapopular.cl\/lirapopularxix\/2020\/11\/09\/una-referenciade-la-madre-a-la-hija\/\">Una referencia de la madre a la hija<\/a><\/li><li><a href=\"https:\/\/www.lirapopular.cl\/lirapopularxix\/2020\/11\/09\/esplicacion-del-fenomeno-talquino\/\">Explicaci\u00f3n del fen\u00f3meno talquino<\/a><\/li><li><a href=\"https:\/\/www.lirapopular.cl\/lirapopularxix\/2020\/11\/09\/espantoso-crimen-en-rajiael-loco-que-asesino-al-padrea-la-madre-i-a-una-hermanacon-una-guadana\/\">Espantoso crimen en Italia. El loco que asesin\u00f3 al padre, a la madre y a una hermana con una guada\u00f1a<\/a><\/li><\/ul>\n\n\n\n<p>Nota: Este ejemplar tiene escrito a mano con plum\u00f3n \u201c113\u201d y por el reverso &#8220;128&#8221;.<br>Documento optimizado digitalmente.<\/p>\n","protected":false},"excerpt":{"rendered":"<p>Autor: Daniel Meneses. Poeta nacional chileno.Impresor: Imp. Leon V\u00edctor Caldera.\u2014Bandera, 919Tama\u00f1o: 51 x 36 cmClasificaci\u00f3n: BN C\u00f3digo:\u00a0LO0012439 Versos de amor Versos de literatura Fuego po\u00e9tico al sabiondo Juan Bautista Peralta Una referencia de la madre a la hija Explicaci\u00f3n del fen\u00f3meno talquino Espantoso crimen en Italia. El loco que asesin\u00f3 al padre, a la madre [&hellip;]<\/p>\n","protected":false},"author":1,"featured_media":0,"parent":0,"menu_order":0,"comment_status":"closed","ping_status":"closed","template":"","meta":{"footnotes":""},"class_list":["post-13054","page","type-page","status-publish","hentry"],"jetpack_sharing_enabled":true,"_links":{"self":[{"href":"https:\/\/www.lirapopular.cl\/lirapopularxix\/wp-json\/wp\/v2\/pages\/13054","targetHints":{"allow":["GET"]}}],"collection":[{"href":"https:\/\/www.lirapopular.cl\/lirapopularxix\/wp-json\/wp\/v2\/pages"}],"about":[{"href":"https:\/\/www.lirapopular.cl\/lirapopularxix\/wp-json\/wp\/v2\/types\/page"}],"author":[{"embeddable":true,"href":"https:\/\/www.lirapopular.cl\/lirapopularxix\/wp-json\/wp\/v2\/users\/1"}],"replies":[{"embeddable":true,"href":"https:\/\/www.lirapopular.cl\/lirapopularxix\/wp-json\/wp\/v2\/comments?post=13054"}],"version-history":[{"count":0,"href":"https:\/\/www.lirapopular.cl\/lirapopularxix\/wp-json\/wp\/v2\/pages\/13054\/revisions"}],"wp:attachment":[{"href":"https:\/\/www.lirapopular.cl\/lirapopularxix\/wp-json\/wp\/v2\/media?parent=13054"}],"curies":[{"name":"wp","href":"https:\/\/api.w.org\/{rel}","templated":true}]}}