{"id":13008,"date":"2020-11-04T15:35:57","date_gmt":"2020-11-04T19:35:57","guid":{"rendered":"https:\/\/www.lirapopular.cl\/lirapopularxix\/?page_id=13008"},"modified":"2020-11-04T15:35:57","modified_gmt":"2020-11-04T19:35:57","slug":"ultima-sentencia-del-consejo","status":"publish","type":"page","link":"https:\/\/www.lirapopular.cl\/lirapopularxix\/ultima-sentencia-del-consejo\/","title":{"rendered":"\u00daLTIMA SENTENCIA DEL CONSEJO DE ESTADO<BR>EL REO RICARDO TOLORZA ES CONDENADO A MUERTE<BR>LA NI\u00d1A QUE SE MAT\u00d3 EN VALPARAISO DE PURO SENTIMIENTO"},"content":{"rendered":"<div class=\"wp-block-image\">\n<figure class=\"alignright size-medium\"><a href=\"https:\/\/www.lirapopular.cl\/lirapopularxix\/wp-content\/uploads\/2020\/11\/LO0012246.jpg\"><img loading=\"lazy\" decoding=\"async\" width=\"208\" height=\"300\" src=\"https:\/\/www.lirapopular.cl\/lirapopularxix\/wp-content\/uploads\/2020\/11\/LO0012246-208x300.jpg\" alt=\"\" class=\"wp-image-13009\" srcset=\"https:\/\/www.lirapopular.cl\/lirapopularxix\/wp-content\/uploads\/2020\/11\/LO0012246-208x300.jpg 208w, https:\/\/www.lirapopular.cl\/lirapopularxix\/wp-content\/uploads\/2020\/11\/LO0012246.jpg 692w\" sizes=\"auto, (max-width: 208px) 100vw, 208px\" \/><\/a><figcaption>Archivo de Literatura Oral<br>Fondo Rodolfo Lenz<\/figcaption><\/figure>\n<\/div>\n\n\n<p>Autor: Daniel Meneses. Poeta nacional chileno. Calle de Za\u00f1artu N\u00ba9 entre San Pablo y Sama.<br>Impresor: Sin informaci\u00f3n<br>Tama\u00f1o: 55 x 39 cm<br>Clasificaci\u00f3n: BN C\u00f3digo:\u00a0LO0012246<\/p>\n\n\n\n<ul class=\"wp-block-list\"><li><a href=\"https:\/\/www.lirapopular.cl\/lirapopularxix\/2020\/11\/05\/ultima-sentenciafirmada-por-el-consejo-de-es-tado-en-contra-de-ricardotolorza-condenado-a-muer-te\/\">\u00daltima sentencia firmada por el el Consejo de Estado en contra de Ricardo Tolorza, condenado a muerte<\/a><\/li><li><a href=\"https:\/\/www.lirapopular.cl\/lirapopularxix\/2020\/11\/05\/una-leccion-a-las-ninas-que-no-saben-lo-que-es-el-mundo\/\">Una lecci\u00f3n a las ni\u00f1as que no saben lo que es el mundo<\/a><\/li><li><a href=\"https:\/\/www.lirapopular.cl\/lirapopularxix\/2020\/11\/05\/tonadas-repetidasi-con-relance\/\">Tonadas repetidas y con relance<\/a><\/li><li><a href=\"https:\/\/www.lirapopular.cl\/lirapopularxix\/2020\/11\/05\/versosde-la-vida-de-un-rodante\/\">Versos de la vida de un rodante<\/a><\/li><li><a href=\"https:\/\/www.lirapopular.cl\/lirapopularxix\/2020\/11\/05\/la-ninaque-se-mato-en-valparaisode-sentimiento\/\">La ni\u00f1a que se mat\u00f3 en Valpara\u00edso de sentimiento<\/a><\/li><li><a href=\"https:\/\/www.lirapopular.cl\/lirapopularxix\/2020\/11\/05\/carlomagnoembajada-de-los-siete-caba-lleros-cristianos-i-muertede-los-catorce-reyes-jen-tiles\/\">Carlomagno. Embajada de los siete caballeros cristianos y muerte de los catorce reyes gentiles<\/a><\/li><\/ul>\n\n\n\n<p>Nota: Este ejemplar tiene escrito a mano con l\u00e1piz azul \u201c40\u201d, con un timbre &#8220;0224&#8221; y con l\u00e1piz grafito &#8220;33&#8221;, varios textos manuscritos.<br>Documento optimizado digitalmente.<\/p>\n","protected":false},"excerpt":{"rendered":"<p>Autor: Daniel Meneses. Poeta nacional chileno. Calle de Za\u00f1artu N\u00ba9 entre San Pablo y Sama.Impresor: Sin informaci\u00f3nTama\u00f1o: 55 x 39 cmClasificaci\u00f3n: BN C\u00f3digo:\u00a0LO0012246 \u00daltima sentencia firmada por el el Consejo de Estado en contra de Ricardo Tolorza, condenado a muerte Una lecci\u00f3n a las ni\u00f1as que no saben lo que es el mundo Tonadas repetidas [&hellip;]<\/p>\n","protected":false},"author":1,"featured_media":0,"parent":0,"menu_order":0,"comment_status":"closed","ping_status":"closed","template":"","meta":{"footnotes":""},"class_list":["post-13008","page","type-page","status-publish","hentry"],"jetpack_sharing_enabled":true,"_links":{"self":[{"href":"https:\/\/www.lirapopular.cl\/lirapopularxix\/wp-json\/wp\/v2\/pages\/13008","targetHints":{"allow":["GET"]}}],"collection":[{"href":"https:\/\/www.lirapopular.cl\/lirapopularxix\/wp-json\/wp\/v2\/pages"}],"about":[{"href":"https:\/\/www.lirapopular.cl\/lirapopularxix\/wp-json\/wp\/v2\/types\/page"}],"author":[{"embeddable":true,"href":"https:\/\/www.lirapopular.cl\/lirapopularxix\/wp-json\/wp\/v2\/users\/1"}],"replies":[{"embeddable":true,"href":"https:\/\/www.lirapopular.cl\/lirapopularxix\/wp-json\/wp\/v2\/comments?post=13008"}],"version-history":[{"count":0,"href":"https:\/\/www.lirapopular.cl\/lirapopularxix\/wp-json\/wp\/v2\/pages\/13008\/revisions"}],"wp:attachment":[{"href":"https:\/\/www.lirapopular.cl\/lirapopularxix\/wp-json\/wp\/v2\/media?parent=13008"}],"curies":[{"name":"wp","href":"https:\/\/api.w.org\/{rel}","templated":true}]}}