{"id":12981,"date":"2020-11-03T20:16:36","date_gmt":"2020-11-04T00:16:36","guid":{"rendered":"https:\/\/www.lirapopular.cl\/lirapopularxix\/?page_id=12981"},"modified":"2020-11-03T20:16:36","modified_gmt":"2020-11-04T00:16:36","slug":"el-crimen-en-iquique","status":"publish","type":"page","link":"https:\/\/www.lirapopular.cl\/lirapopularxix\/el-crimen-en-iquique\/","title":{"rendered":"El crimen en Iquique"},"content":{"rendered":"\n<div class=\"wp-block-image\"><figure class=\"alignright size-medium\"><a href=\"https:\/\/www.lirapopular.cl\/lirapopularxix\/wp-content\/uploads\/2020\/11\/LO0012427.jpg\"><img decoding=\"async\" src=\"https:\/\/www.lirapopular.cl\/lirapopularxix\/wp-content\/uploads\/2020\/11\/LO0012427-300x199.jpg\" alt=\"\" class=\"wp-image-12982\"\/><\/a><figcaption>Archivo de Literatura Oral<br>Colecci\u00f3n Alamiro de \u00c1vila<\/figcaption><\/figure><\/div>\n\n\n\n<p>Autor: Daniel Meneses. Poeta popular chileno. Calle Za\u00f1artu N\u00ba 1070<br>Impresor: Sin informaci\u00f3n<br>Tama\u00f1o: 55 x 39 cm<br>Clasificaci\u00f3n: BN C\u00f3digo: LO0012427<\/p>\n\n\n\n<ul class=\"wp-block-list\"><li><a href=\"https:\/\/www.lirapopular.cl\/lirapopularxix\/2020\/11\/04\/versos-satiricosdedicados-a-los-poetas-populares\/\">Versos sat\u00edricos dedicados a los poetas populares<\/a><\/li><li><a href=\"https:\/\/www.lirapopular.cl\/lirapopularxix\/2020\/11\/04\/un-viajero-amoroso\/\">Un viajero amoroso<\/a><\/li><li><a href=\"https:\/\/www.lirapopular.cl\/lirapopularxix\/2020\/11\/04\/ecos-de-un-amanteal-idolo-de-sus-amores\/\">Ecos de un amante al \u00eddolo de sus amores<\/a><\/li><li><a href=\"https:\/\/www.lirapopular.cl\/lirapopularxix\/2020\/11\/04\/completos-detallesde-de-las-ultimas-agonias-quedio-la-reina-victoriaen-su-muerte\/\">Completos detalles de las \u00faltimas agonias que di\u00f3 la Reina Victoria en su muerte<\/a><\/li><li><a href=\"https:\/\/www.lirapopular.cl\/lirapopularxix\/2020\/11\/04\/el-reo-manuel-valdesalias-el-natoque-asesino-la-mujer-en-elcerro-de-los-placeres\/\">El reo Manuel Valdes, (Alias el \u00d1ato) que asesin\u00f3 la mujer en el cerro de los Placeres<\/a><\/li><li><a href=\"https:\/\/www.lirapopular.cl\/lirapopularxix\/2020\/11\/04\/espantoso-crimen-en-iquiquela-hija-que-envenenoa-la-madre-por-celo-i-queno-la-dejaba-casarse\/\">Espantoso crimen en Iquique. La hija que envenen\u00f3 a la madre por celo, y que no la dejaba casarse<\/a><\/li><\/ul>\n\n\n\n<p>Nota: Este ejemplar tiene escrito a mano con plum\u00f3n \u201c101\u201d y por el reverso &#8220;102&#8221;.<br>Documento optimizado digitalmente.<\/p>\n","protected":false},"excerpt":{"rendered":"<p>Autor: Daniel Meneses. Poeta popular chileno. Calle Za\u00f1artu N\u00ba 1070Impresor: Sin informaci\u00f3nTama\u00f1o: 55 x 39 cmClasificaci\u00f3n: BN C\u00f3digo: LO0012427 Versos sat\u00edricos dedicados a los poetas populares Un viajero amoroso Ecos de un amante al \u00eddolo de sus amores Completos detalles de las \u00faltimas agonias que di\u00f3 la Reina Victoria en su muerte El reo Manuel [&hellip;]<\/p>\n","protected":false},"author":1,"featured_media":0,"parent":0,"menu_order":0,"comment_status":"closed","ping_status":"closed","template":"","meta":{"footnotes":""},"class_list":["post-12981","page","type-page","status-publish","hentry"],"jetpack_sharing_enabled":true,"_links":{"self":[{"href":"https:\/\/www.lirapopular.cl\/lirapopularxix\/wp-json\/wp\/v2\/pages\/12981","targetHints":{"allow":["GET"]}}],"collection":[{"href":"https:\/\/www.lirapopular.cl\/lirapopularxix\/wp-json\/wp\/v2\/pages"}],"about":[{"href":"https:\/\/www.lirapopular.cl\/lirapopularxix\/wp-json\/wp\/v2\/types\/page"}],"author":[{"embeddable":true,"href":"https:\/\/www.lirapopular.cl\/lirapopularxix\/wp-json\/wp\/v2\/users\/1"}],"replies":[{"embeddable":true,"href":"https:\/\/www.lirapopular.cl\/lirapopularxix\/wp-json\/wp\/v2\/comments?post=12981"}],"version-history":[{"count":0,"href":"https:\/\/www.lirapopular.cl\/lirapopularxix\/wp-json\/wp\/v2\/pages\/12981\/revisions"}],"wp:attachment":[{"href":"https:\/\/www.lirapopular.cl\/lirapopularxix\/wp-json\/wp\/v2\/media?parent=12981"}],"curies":[{"name":"wp","href":"https:\/\/api.w.org\/{rel}","templated":true}]}}