{"id":1298,"date":"2019-06-25T21:44:03","date_gmt":"2019-06-26T01:44:03","guid":{"rendered":"https:\/\/www.lirapopular.cl\/lirapopularxix\/?page_id=1298"},"modified":"2019-06-25T21:44:03","modified_gmt":"2019-06-26T01:44:03","slug":"la-matanza-de-lo-canas","status":"publish","type":"page","link":"https:\/\/www.lirapopular.cl\/lirapopularxix\/la-matanza-de-lo-canas\/","title":{"rendered":"La matanza de Lo Ca\u00f1as"},"content":{"rendered":"\n<div class=\"wp-block-image\"><figure class=\"alignright\"><a href=\"https:\/\/www.lirapopular.cl\/lirapopularxix\/wp-content\/uploads\/2019\/06\/270.jpg\"><img loading=\"lazy\" decoding=\"async\" width=\"215\" height=\"300\" src=\"https:\/\/www.lirapopular.cl\/lirapopularxix\/wp-content\/uploads\/2019\/06\/270-215x300.jpg\" alt=\"\" class=\"wp-image-1300\" srcset=\"https:\/\/www.lirapopular.cl\/lirapopularxix\/wp-content\/uploads\/2019\/06\/270-215x300.jpg 215w, https:\/\/www.lirapopular.cl\/lirapopularxix\/wp-content\/uploads\/2019\/06\/270.jpg 716w\" sizes=\"auto, (max-width: 215px) 100vw, 215px\" \/><\/a><figcaption>Colecci\u00f3n Lira Popular de la Universidad de Chile<\/figcaption><\/figure><\/div>\n\n\n\n<p>Autor: Rosa Araneda, Calle de los Andes, n\u00fam. 11-A<br>Impresor: Imprenta Estrella de Chile, San Diego, 75<br>Tama\u00f1o: 74,8 x 55,3 cm<br>Clasificaci\u00f3n: 270 A663m Caja N\u00b03<\/p>\n\n\n\n<ul class=\"wp-block-list\"><li><a href=\"https:\/\/www.lirapopular.cl\/lirapopularxix\/2019\/06\/26\/versos-para-el-dieziocho-vivando-a-los-libertadores\/\">Versos para el Dieziocho.<\/a><\/li><li><a href=\"https:\/\/www.lirapopular.cl\/lirapopularxix\/2019\/06\/26\/la-matanza-de-lo-canas-el-administrador-quemado-vivo\/\">La matanza de Lo Ca\u00f1as.<\/a><\/li><li><a href=\"https:\/\/www.lirapopular.cl\/lirapopularxix\/2019\/06\/26\/la-prosperidad-del-dictador-y-la-salida-de-la-moneda-a-la-quinta\/\">La prosperidad del dictador.<\/a><\/li><li><a href=\"https:\/\/www.lirapopular.cl\/lirapopularxix\/2019\/06\/26\/la-batalla-de-la-placilla-muerte-de-los-jerales-barros-y-alcerreca\/\">La batalla de la Placilla.<\/a><\/li><\/ul>\n\n\n\n<p>Nota:<br>Los textos ilegibles aparecen como &#8220;nnn&#8221;, los textos dudosos entre corchetes [ ].<br>Este ejemplar tiene escrito a mano con l\u00e1piz grafito \u201c252\/270\u201d<\/p>\n\n\n\n<p><br><\/p>\n","protected":false},"excerpt":{"rendered":"<p>Autor: Rosa Araneda, Calle de los Andes, n\u00fam. 11-AImpresor: Imprenta Estrella de Chile, San Diego, 75Tama\u00f1o: 74,8 x 55,3 cmClasificaci\u00f3n: 270 A663m Caja N\u00b03 Versos para el Dieziocho. La matanza de Lo Ca\u00f1as. La prosperidad del dictador. La batalla de la Placilla. Nota:Los textos ilegibles aparecen como &#8220;nnn&#8221;, los textos dudosos entre corchetes [ ].Este [&hellip;]<\/p>\n","protected":false},"author":1,"featured_media":0,"parent":0,"menu_order":0,"comment_status":"closed","ping_status":"closed","template":"","meta":{"footnotes":""},"class_list":["post-1298","page","type-page","status-publish","hentry"],"jetpack_sharing_enabled":true,"_links":{"self":[{"href":"https:\/\/www.lirapopular.cl\/lirapopularxix\/wp-json\/wp\/v2\/pages\/1298","targetHints":{"allow":["GET"]}}],"collection":[{"href":"https:\/\/www.lirapopular.cl\/lirapopularxix\/wp-json\/wp\/v2\/pages"}],"about":[{"href":"https:\/\/www.lirapopular.cl\/lirapopularxix\/wp-json\/wp\/v2\/types\/page"}],"author":[{"embeddable":true,"href":"https:\/\/www.lirapopular.cl\/lirapopularxix\/wp-json\/wp\/v2\/users\/1"}],"replies":[{"embeddable":true,"href":"https:\/\/www.lirapopular.cl\/lirapopularxix\/wp-json\/wp\/v2\/comments?post=1298"}],"version-history":[{"count":0,"href":"https:\/\/www.lirapopular.cl\/lirapopularxix\/wp-json\/wp\/v2\/pages\/1298\/revisions"}],"wp:attachment":[{"href":"https:\/\/www.lirapopular.cl\/lirapopularxix\/wp-json\/wp\/v2\/media?parent=1298"}],"curies":[{"name":"wp","href":"https:\/\/api.w.org\/{rel}","templated":true}]}}