{"id":12933,"date":"2020-11-03T11:39:39","date_gmt":"2020-11-03T15:39:39","guid":{"rendered":"https:\/\/www.lirapopular.cl\/lirapopularxix\/?page_id=12933"},"modified":"2020-11-03T11:39:39","modified_gmt":"2020-11-03T15:39:39","slug":"el-combate-naval-de-iquique-y-el-andarin-pampino","status":"publish","type":"page","link":"https:\/\/www.lirapopular.cl\/lirapopularxix\/el-combate-naval-de-iquique-y-el-andarin-pampino\/","title":{"rendered":"EL COMBATE NAVAL DE IQUIQUE <BR>Y EL ANDARIN PAMPINO"},"content":{"rendered":"\n<div class=\"wp-block-image\"><figure class=\"alignright size-medium\"><a href=\"https:\/\/www.lirapopular.cl\/lirapopularxix\/wp-content\/uploads\/2020\/11\/LO0012447.jpg\"><img loading=\"lazy\" decoding=\"async\" width=\"300\" height=\"196\" src=\"https:\/\/www.lirapopular.cl\/lirapopularxix\/wp-content\/uploads\/2020\/11\/LO0012447-300x196.jpg\" alt=\"\" class=\"wp-image-12945\" srcset=\"https:\/\/www.lirapopular.cl\/lirapopularxix\/wp-content\/uploads\/2020\/11\/LO0012447-300x196.jpg 300w, https:\/\/www.lirapopular.cl\/lirapopularxix\/wp-content\/uploads\/2020\/11\/LO0012447-768x502.jpg 768w, https:\/\/www.lirapopular.cl\/lirapopularxix\/wp-content\/uploads\/2020\/11\/LO0012447.jpg 1000w\" sizes=\"auto, (max-width: 300px) 100vw, 300px\" \/><\/a><figcaption>Archivo de Literatura Oral<br>Colecci\u00f3n Alamiro de \u00c1vila<\/figcaption><\/figure><\/div>\n\n\n\n<p>Autor: Daniel Meneses. Poeta nacional chileno. Calle Morand\u00e9 N\u00fam. 955<br>Impresor: Imprenta Sud-Americana, Tacna 92, Iquique<br>Tama\u00f1o: 39 x 28 cm<br>Clasificaci\u00f3n: BN C\u00f3digo: LO0012447<\/p>\n\n\n\n<ul class=\"wp-block-list\"><li><a href=\"https:\/\/www.lirapopular.cl\/lirapopularxix\/2020\/11\/03\/viva-chilecombate-naval-en-iquique\/\">\u00a1Viva Chile! Combate Naval en Iquique el 21 de Mayo. La &#8220;Esmeralda&#8221; a pique<\/a><\/li><li><a href=\"https:\/\/www.lirapopular.cl\/lirapopularxix\/2020\/11\/03\/gloria-al-capitan-prat\/\">Gloria al capit\u00e1n Prat<\/a><\/li><li><a href=\"https:\/\/www.lirapopular.cl\/lirapopularxix\/2020\/11\/03\/mi-viaje-al-cieloen-espiritu\/\">Mi viaje al cielo en esp\u00edritu<\/a><\/li><li><a href=\"https:\/\/www.lirapopular.cl\/lirapopularxix\/2020\/11\/03\/viva-chile\/\">Viva Chile!<\/a><\/li><\/ul>\n\n\n\n<p>Nota: Este ejemplar tiene escrito a mano con plum\u00f3n \u201c121\u201d, con l\u00e1piz grafito &#8220;85 hojas&#8221; y por el reverso&#8221;202&#8243;.<br>Documento optimizado digitalmente.<\/p>\n","protected":false},"excerpt":{"rendered":"<p>Autor: Daniel Meneses. Poeta nacional chileno. Calle Morand\u00e9 N\u00fam. 955Impresor: Imprenta Sud-Americana, Tacna 92, IquiqueTama\u00f1o: 39 x 28 cmClasificaci\u00f3n: BN C\u00f3digo: LO0012447 \u00a1Viva Chile! Combate Naval en Iquique el 21 de Mayo. La &#8220;Esmeralda&#8221; a pique Gloria al capit\u00e1n Prat Mi viaje al cielo en esp\u00edritu Viva Chile! Nota: Este ejemplar tiene escrito a mano [&hellip;]<\/p>\n","protected":false},"author":1,"featured_media":0,"parent":0,"menu_order":0,"comment_status":"closed","ping_status":"closed","template":"","meta":{"footnotes":""},"class_list":["post-12933","page","type-page","status-publish","hentry"],"jetpack_sharing_enabled":true,"_links":{"self":[{"href":"https:\/\/www.lirapopular.cl\/lirapopularxix\/wp-json\/wp\/v2\/pages\/12933","targetHints":{"allow":["GET"]}}],"collection":[{"href":"https:\/\/www.lirapopular.cl\/lirapopularxix\/wp-json\/wp\/v2\/pages"}],"about":[{"href":"https:\/\/www.lirapopular.cl\/lirapopularxix\/wp-json\/wp\/v2\/types\/page"}],"author":[{"embeddable":true,"href":"https:\/\/www.lirapopular.cl\/lirapopularxix\/wp-json\/wp\/v2\/users\/1"}],"replies":[{"embeddable":true,"href":"https:\/\/www.lirapopular.cl\/lirapopularxix\/wp-json\/wp\/v2\/comments?post=12933"}],"version-history":[{"count":0,"href":"https:\/\/www.lirapopular.cl\/lirapopularxix\/wp-json\/wp\/v2\/pages\/12933\/revisions"}],"wp:attachment":[{"href":"https:\/\/www.lirapopular.cl\/lirapopularxix\/wp-json\/wp\/v2\/media?parent=12933"}],"curies":[{"name":"wp","href":"https:\/\/api.w.org\/{rel}","templated":true}]}}