{"id":12903,"date":"2020-10-30T23:54:42","date_gmt":"2020-10-31T03:54:42","guid":{"rendered":"https:\/\/www.lirapopular.cl\/lirapopularxix\/?page_id=12903"},"modified":"2020-10-30T23:54:42","modified_gmt":"2020-10-31T03:54:42","slug":"drama-sangriento-en-antofagasta","status":"publish","type":"page","link":"https:\/\/www.lirapopular.cl\/lirapopularxix\/drama-sangriento-en-antofagasta\/","title":{"rendered":"Drama sangriento en Antofagasta. La mujer que <br>di\u00f3 de balazos al querido por venganza y en <br>seguida se suicid\u00f3 ella"},"content":{"rendered":"\n<div class=\"wp-block-image\"><figure class=\"alignright size-medium\"><a href=\"https:\/\/www.lirapopular.cl\/lirapopularxix\/wp-content\/uploads\/2020\/10\/LO0012257.jpg\"><img loading=\"lazy\" decoding=\"async\" width=\"208\" height=\"300\" src=\"https:\/\/www.lirapopular.cl\/lirapopularxix\/wp-content\/uploads\/2020\/10\/LO0012257-208x300.jpg\" alt=\"\" class=\"wp-image-12904\" srcset=\"https:\/\/www.lirapopular.cl\/lirapopularxix\/wp-content\/uploads\/2020\/10\/LO0012257-208x300.jpg 208w, https:\/\/www.lirapopular.cl\/lirapopularxix\/wp-content\/uploads\/2020\/10\/LO0012257.jpg 693w\" sizes=\"auto, (max-width: 208px) 100vw, 208px\" \/><\/a><figcaption>Archivo de Literatura Oral<br>Fondo Rodolfo Lenz<\/figcaption><\/figure><\/div>\n\n\n\n<p>Autor: Daniel Meneses. Poeta-popular chileno, calle Za\u00f1artu, N\u00fam. 1070<br>Impresor: Imp.-Moneda, 1027<br>Tama\u00f1o: 56 x 39 cm<br>Clasificaci\u00f3n: BN C\u00f3digo:\u00a0LO0012257, LO0012342<\/p>\n\n\n\n<ul class=\"wp-block-list\"><li><a href=\"https:\/\/www.lirapopular.cl\/lirapopularxix\/2020\/10\/31\/versospara-que-se-reten-los-cantores\/\">Versos para que se reten los cantores<\/a><\/li><li><a href=\"https:\/\/www.lirapopular.cl\/lirapopularxix\/2020\/10\/31\/mis-deseosque-yo-tengo\/\">Mis deseos que yo tengo<\/a><\/li><li><a href=\"https:\/\/www.lirapopular.cl\/lirapopularxix\/2020\/10\/31\/versos-del-puro-amor-4\/\">Versos del puro amor<\/a><\/li><li><a href=\"https:\/\/www.lirapopular.cl\/lirapopularxix\/2020\/10\/31\/detallede-los-grandes-estragosen-valparaisocon-el-ultimo-temporal\/\">Detalle de los grandes estragos en Valpara\u00edso con el \u00faltimo temporal<\/a><\/li><li><a href=\"https:\/\/www.lirapopular.cl\/lirapopularxix\/2020\/10\/31\/drama-sangrientoen-antofagasta\/\">Drama sangriento en Antofagasta: la mujer que le di\u00f3 de balazos al querido<\/a><\/li><li><a href=\"https:\/\/www.lirapopular.cl\/lirapopularxix\/2020\/10\/31\/terrible-cuadrillazoque-le-estan-dando-las-sietenaciones-aliadasal-gran-imperio-chino\/\">Terrible cuadrillazo que le estan dando las siete naciones aliadas al gran Imperio Chino<\/a><\/li><\/ul>\n\n\n\n<div class=\"wp-block-image\"><figure class=\"alignright size-medium\"><a href=\"https:\/\/www.lirapopular.cl\/lirapopularxix\/wp-content\/uploads\/2020\/10\/LO0012342.jpg\"><img loading=\"lazy\" decoding=\"async\" width=\"300\" height=\"199\" src=\"https:\/\/www.lirapopular.cl\/lirapopularxix\/wp-content\/uploads\/2020\/10\/LO0012342-300x199.jpg\" alt=\"\" class=\"wp-image-12908\" srcset=\"https:\/\/www.lirapopular.cl\/lirapopularxix\/wp-content\/uploads\/2020\/10\/LO0012342-300x199.jpg 300w, https:\/\/www.lirapopular.cl\/lirapopularxix\/wp-content\/uploads\/2020\/10\/LO0012342-768x510.jpg 768w, https:\/\/www.lirapopular.cl\/lirapopularxix\/wp-content\/uploads\/2020\/10\/LO0012342.jpg 1000w\" sizes=\"auto, (max-width: 300px) 100vw, 300px\" \/><\/a><figcaption>Archivo de Literatura Oral<br>Colecci\u00f3n Alamiro de \u00c1vila<\/figcaption><\/figure><\/div>\n\n\n\n<p>Nota: El 1er ejemplar tiene escrito a mano con l\u00e1piz rojo \u201c-51-\u201d, con un timbre &#8220;493&#8221;, con l\u00e1piz grafito &#8220;83&#8221;. Texto en alem\u00e1n firmado por el Dr. R. P\u00f6hlmann: &#8220;Para el Dr. Lenz para perfeccionar los estudios de la poes\u00eda popular chilena. <br>Stgo, 9 agosto de 1900.&#8221;<br>El 2\u00ba ejemplar tiene escrito con plum\u00f3n \u201c15\u201d y por el reverso &#8220;250&#8221;.<br>Documentos optimizados digitalmente.<\/p>\n","protected":false},"excerpt":{"rendered":"<p>Autor: Daniel Meneses. Poeta-popular chileno, calle Za\u00f1artu, N\u00fam. 1070Impresor: Imp.-Moneda, 1027Tama\u00f1o: 56 x 39 cmClasificaci\u00f3n: BN C\u00f3digo:\u00a0LO0012257, LO0012342 Versos para que se reten los cantores Mis deseos que yo tengo Versos del puro amor Detalle de los grandes estragos en Valpara\u00edso con el \u00faltimo temporal Drama sangriento en Antofagasta: la mujer que le di\u00f3 de [&hellip;]<\/p>\n","protected":false},"author":1,"featured_media":0,"parent":0,"menu_order":0,"comment_status":"closed","ping_status":"closed","template":"","meta":{"footnotes":""},"class_list":["post-12903","page","type-page","status-publish","hentry"],"jetpack_sharing_enabled":true,"_links":{"self":[{"href":"https:\/\/www.lirapopular.cl\/lirapopularxix\/wp-json\/wp\/v2\/pages\/12903","targetHints":{"allow":["GET"]}}],"collection":[{"href":"https:\/\/www.lirapopular.cl\/lirapopularxix\/wp-json\/wp\/v2\/pages"}],"about":[{"href":"https:\/\/www.lirapopular.cl\/lirapopularxix\/wp-json\/wp\/v2\/types\/page"}],"author":[{"embeddable":true,"href":"https:\/\/www.lirapopular.cl\/lirapopularxix\/wp-json\/wp\/v2\/users\/1"}],"replies":[{"embeddable":true,"href":"https:\/\/www.lirapopular.cl\/lirapopularxix\/wp-json\/wp\/v2\/comments?post=12903"}],"version-history":[{"count":0,"href":"https:\/\/www.lirapopular.cl\/lirapopularxix\/wp-json\/wp\/v2\/pages\/12903\/revisions"}],"wp:attachment":[{"href":"https:\/\/www.lirapopular.cl\/lirapopularxix\/wp-json\/wp\/v2\/media?parent=12903"}],"curies":[{"name":"wp","href":"https:\/\/api.w.org\/{rel}","templated":true}]}}