{"id":12818,"date":"2020-10-22T16:55:50","date_gmt":"2020-10-22T20:55:50","guid":{"rendered":"https:\/\/www.lirapopular.cl\/lirapopularxix\/?page_id=12818"},"modified":"2020-10-22T16:55:50","modified_gmt":"2020-10-22T20:55:50","slug":"drama-sangriento","status":"publish","type":"page","link":"https:\/\/www.lirapopular.cl\/lirapopularxix\/drama-sangriento\/","title":{"rendered":"DRAMA SANGRIENTO<br>El hermano que victim\u00f3 a la hermana i a su amante por causa de los celos <br>Brindis dedicado a los dos candidatos. Nueva cancion nacional chilena"},"content":{"rendered":"<div class=\"wp-block-image\">\n<figure class=\"alignright size-medium\"><a href=\"https:\/\/www.lirapopular.cl\/lirapopularxix\/wp-content\/uploads\/2020\/10\/LO0012242.jpg\"><img loading=\"lazy\" decoding=\"async\" width=\"208\" height=\"300\" src=\"https:\/\/www.lirapopular.cl\/lirapopularxix\/wp-content\/uploads\/2020\/10\/LO0012242-208x300.jpg\" alt=\"\" class=\"wp-image-12819\" srcset=\"https:\/\/www.lirapopular.cl\/lirapopularxix\/wp-content\/uploads\/2020\/10\/LO0012242-208x300.jpg 208w, https:\/\/www.lirapopular.cl\/lirapopularxix\/wp-content\/uploads\/2020\/10\/LO0012242.jpg 693w\" sizes=\"auto, (max-width: 208px) 100vw, 208px\" \/><\/a><figcaption>Archivo de Literatura Oral<br>Fondo Rodolfo Lenz<\/figcaption><\/figure>\n<\/div>\n\n\n<p>Autor: Daniel Meneses. Poeta nortino. Morand\u00e9 8-A<br>Impresor: Imprenta, Moneda, 25<br>Tama\u00f1o: 55 x 38 cm<br>Clasificaci\u00f3n: BN C\u00f3digo:\u00a0LO0012261,\u00a0LO0012242, LO0012375<\/p>\n\n\n\n<ul class=\"wp-block-list\"><li><a href=\"https:\/\/www.lirapopular.cl\/lirapopularxix\/2020\/10\/22\/aqui-brindan-los-dos-rotitos\/\">Aqu\u00ed brindan los dos rotitos del di\u00e1logo, por el dieciocho. Uno por don Federico y el otro por don Vicente. Al segundo n\u00famero seguir\u00e1n la conversaci\u00f3n<\/a><\/li><li><a href=\"https:\/\/www.lirapopular.cl\/lirapopularxix\/2020\/10\/22\/cancion-nacional-chilenanueva-composicion-2\/\">Canci\u00f3n Nacional Chilena. Nueva composici\u00f3n<\/a><\/li><li><a href=\"https:\/\/www.lirapopular.cl\/lirapopularxix\/2020\/10\/22\/viva-el-18-de-setiembrede-1810\/\">\u00a1Viva el 18 de Setiembre de 1810!<\/a><\/li><li><a href=\"https:\/\/www.lirapopular.cl\/lirapopularxix\/2020\/10\/22\/a-mis-colegasque-no-saben-arreglar-sus-versos-i-se-meten-de-poetas\/\">A mis colegas que no saben arreglar sus versos y se meten de poetas<\/a><\/li><li><a href=\"https:\/\/www.lirapopular.cl\/lirapopularxix\/2020\/10\/22\/versos-a-lo-divinopor-adivinanza\/\">Versos a lo divino. Por adivinanza<\/a><\/li><li><a href=\"https:\/\/www.lirapopular.cl\/lirapopularxix\/2020\/10\/22\/drama-sangrientoel-hermano-que-victimo-a-la-her-mana-y-al-amante-por-causa-delos-celos\/\">Drama sangriento. El hermano que victim\u00f3 a la hermana y al amante por causa de los celos<\/a><\/li><\/ul>\n\n\n<div class=\"wp-block-image\">\n<figure class=\"alignright size-medium\"><a href=\"https:\/\/www.lirapopular.cl\/lirapopularxix\/wp-content\/uploads\/2020\/10\/LO0012261.jpg\"><img loading=\"lazy\" decoding=\"async\" width=\"210\" height=\"300\" src=\"https:\/\/www.lirapopular.cl\/lirapopularxix\/wp-content\/uploads\/2020\/10\/LO0012261-210x300.jpg\" alt=\"\" class=\"wp-image-12820\" srcset=\"https:\/\/www.lirapopular.cl\/lirapopularxix\/wp-content\/uploads\/2020\/10\/LO0012261-210x300.jpg 210w, https:\/\/www.lirapopular.cl\/lirapopularxix\/wp-content\/uploads\/2020\/10\/LO0012261.jpg 700w\" sizes=\"auto, (max-width: 210px) 100vw, 210px\" \/><\/a><figcaption>Archivo de Literatura Oral<br>Fondo Rodolfo Lenz<\/figcaption><\/figure>\n<\/div>\n\n\n<p>Nota: El 1er ejemplar tiene escrito a mano con l\u00e1piz azul \u201c-36-\u201d, con grafito &#8220;= 13 repetido&#8221; y con un timbre &#8220;488&#8221;.<br>El 2\u00ba ejemplar tiene escrito a mano con l\u00e1piz rojo y corregido \u201c-66-\u201d, con grafito &#8220;13&#8221; y con timbre &#8220;204&#8221;.<br>El 3er ejemplar tiene escrito a mano con l\u00e1piz azul \u201c6\u201d, con plum\u00f3n &#8220;49&#8221; y por el reverso con l\u00e1piz &#8220;146&#8221;.<br>Documentos optimizados digitalmente.<\/p>\n\n\n\n<p><mark style=\"background-color:rgba(0, 0, 0, 0)\" class=\"has-inline-color has-white-color\">.<\/mark><\/p>\n\n\n\n<p><mark style=\"background-color:rgba(0, 0, 0, 0)\" class=\"has-inline-color has-white-color\">.<\/mark><\/p>\n\n\n\n<p><mark style=\"background-color:rgba(0, 0, 0, 0)\" class=\"has-inline-color has-white-color\">.<\/mark><\/p>\n\n\n\n<p>,<\/p>\n\n\n\n<p><mark style=\"background-color:rgba(0, 0, 0, 0)\" class=\"has-inline-color has-white-color\">.<\/mark><\/p>\n\n\n<div class=\"wp-block-image\">\n<figure class=\"alignright size-medium\"><a href=\"https:\/\/www.lirapopular.cl\/lirapopularxix\/wp-content\/uploads\/2020\/10\/LO0012375.jpg\"><img decoding=\"async\" src=\"https:\/\/www.lirapopular.cl\/lirapopularxix\/wp-content\/uploads\/2020\/10\/LO0012375-300x205.jpg\" alt=\"\" class=\"wp-image-12899\"\/><\/a><figcaption>Archivo de Literatura Oral<br>Colecci\u00f3n Alamiro de \u00c1vila<\/figcaption><\/figure>\n<\/div>\n\n\n<p><mark style=\"background-color:rgba(0, 0, 0, 0)\" class=\"has-inline-color has-white-color\">.<\/mark><\/p>\n\n\n","protected":false},"excerpt":{"rendered":"<p>Autor: Daniel Meneses. Poeta nortino. Morand\u00e9 8-AImpresor: Imprenta, Moneda, 25Tama\u00f1o: 55 x 38 cmClasificaci\u00f3n: BN C\u00f3digo:\u00a0LO0012261,\u00a0LO0012242, LO0012375 Aqu\u00ed brindan los dos rotitos del di\u00e1logo, por el dieciocho. Uno por don Federico y el otro por don Vicente. Al segundo n\u00famero seguir\u00e1n la conversaci\u00f3n Canci\u00f3n Nacional Chilena. Nueva composici\u00f3n \u00a1Viva el 18 de Setiembre de 1810! [&hellip;]<\/p>\n","protected":false},"author":1,"featured_media":0,"parent":0,"menu_order":0,"comment_status":"closed","ping_status":"closed","template":"","meta":{"footnotes":""},"class_list":["post-12818","page","type-page","status-publish","hentry"],"jetpack_sharing_enabled":true,"_links":{"self":[{"href":"https:\/\/www.lirapopular.cl\/lirapopularxix\/wp-json\/wp\/v2\/pages\/12818","targetHints":{"allow":["GET"]}}],"collection":[{"href":"https:\/\/www.lirapopular.cl\/lirapopularxix\/wp-json\/wp\/v2\/pages"}],"about":[{"href":"https:\/\/www.lirapopular.cl\/lirapopularxix\/wp-json\/wp\/v2\/types\/page"}],"author":[{"embeddable":true,"href":"https:\/\/www.lirapopular.cl\/lirapopularxix\/wp-json\/wp\/v2\/users\/1"}],"replies":[{"embeddable":true,"href":"https:\/\/www.lirapopular.cl\/lirapopularxix\/wp-json\/wp\/v2\/comments?post=12818"}],"version-history":[{"count":0,"href":"https:\/\/www.lirapopular.cl\/lirapopularxix\/wp-json\/wp\/v2\/pages\/12818\/revisions"}],"wp:attachment":[{"href":"https:\/\/www.lirapopular.cl\/lirapopularxix\/wp-json\/wp\/v2\/media?parent=12818"}],"curies":[{"name":"wp","href":"https:\/\/api.w.org\/{rel}","templated":true}]}}