{"id":1278,"date":"2019-06-25T18:09:38","date_gmt":"2019-06-25T22:09:38","guid":{"rendered":"https:\/\/www.lirapopular.cl\/lirapopularxix\/?page_id=1278"},"modified":"2019-06-25T18:09:38","modified_gmt":"2019-06-25T22:09:38","slug":"muerte-i-pasionde-nuestro-divino-redentor","status":"publish","type":"page","link":"https:\/\/www.lirapopular.cl\/lirapopularxix\/muerte-i-pasionde-nuestro-divino-redentor\/","title":{"rendered":"MUERTE I PASION<BR>DE NUESTRO DIVINO REDENTOR"},"content":{"rendered":"\n<div class=\"wp-block-image\"><figure class=\"alignright\"><a href=\"https:\/\/www.lirapopular.cl\/lirapopularxix\/wp-content\/uploads\/2019\/06\/275.jpg\"><img loading=\"lazy\" decoding=\"async\" width=\"237\" height=\"300\" src=\"https:\/\/www.lirapopular.cl\/lirapopularxix\/wp-content\/uploads\/2019\/06\/275-237x300.jpg\" alt=\"\" class=\"wp-image-1279\" srcset=\"https:\/\/www.lirapopular.cl\/lirapopularxix\/wp-content\/uploads\/2019\/06\/275-237x300.jpg 237w, https:\/\/www.lirapopular.cl\/lirapopularxix\/wp-content\/uploads\/2019\/06\/275-768x973.jpg 768w, https:\/\/www.lirapopular.cl\/lirapopularxix\/wp-content\/uploads\/2019\/06\/275.jpg 789w\" sizes=\"auto, (max-width: 237px) 100vw, 237px\" \/><\/a><figcaption>Colecci\u00f3n Lira Popular de la <br>Universidad de Chile<\/figcaption><\/figure><\/div>\n\n\n\n<p>Autor: Rosa Araneda, calle de Sama N\u00fam. 73-A<br>Impresor: Sin informaci\u00f3n<br>Tama\u00f1o: 34,2 x 25,8 cm<br>Clasificaci\u00f3n: 275 A663m Caja N\u00b03<\/p>\n\n\n\n<ul class=\"wp-block-list\"><li><a href=\"https:\/\/www.lirapopular.cl\/lirapopularxix\/2019\/06\/25\/versos-del-pelicano-de-la-pasion\/\">Versos del Pel\u00edcano de la pasi\u00f3n<\/a><\/li><li><a href=\"https:\/\/www.lirapopular.cl\/lirapopularxix\/2019\/06\/25\/sentencia-i-crucificacion-de-jesus\/\">Sentencia y crucificaci\u00f3n de Jes\u00fas.<\/a><\/li><li><a href=\"https:\/\/www.lirapopular.cl\/lirapopularxix\/2019\/06\/25\/sentencia-de-pilatos-que-le-dio-al-salvador\/\">Sentencia de Pilatos que le di\u00f3 al Salvador.<\/a><\/li><li><a href=\"https:\/\/www.lirapopular.cl\/lirapopularxix\/2019\/06\/25\/la-ultima-agonia-del-redentor\/\">La \u00faltima agon\u00eda del Redentor.<\/a><\/li><\/ul>\n\n\n\n<p>Nota: Este documento tiene escrito a mano con tinta \u201c275\u201d<br>Documento optimizado digitalmente.<\/p>\n","protected":false},"excerpt":{"rendered":"<p>Autor: Rosa Araneda, calle de Sama N\u00fam. 73-AImpresor: Sin informaci\u00f3nTama\u00f1o: 34,2 x 25,8 cmClasificaci\u00f3n: 275 A663m Caja N\u00b03 Versos del Pel\u00edcano de la pasi\u00f3n Sentencia y crucificaci\u00f3n de Jes\u00fas. Sentencia de Pilatos que le di\u00f3 al Salvador. La \u00faltima agon\u00eda del Redentor. Nota: Este documento tiene escrito a mano con tinta \u201c275\u201dDocumento optimizado digitalmente.<\/p>\n","protected":false},"author":1,"featured_media":0,"parent":0,"menu_order":0,"comment_status":"closed","ping_status":"closed","template":"","meta":{"footnotes":""},"class_list":["post-1278","page","type-page","status-publish","hentry"],"jetpack_sharing_enabled":true,"_links":{"self":[{"href":"https:\/\/www.lirapopular.cl\/lirapopularxix\/wp-json\/wp\/v2\/pages\/1278","targetHints":{"allow":["GET"]}}],"collection":[{"href":"https:\/\/www.lirapopular.cl\/lirapopularxix\/wp-json\/wp\/v2\/pages"}],"about":[{"href":"https:\/\/www.lirapopular.cl\/lirapopularxix\/wp-json\/wp\/v2\/types\/page"}],"author":[{"embeddable":true,"href":"https:\/\/www.lirapopular.cl\/lirapopularxix\/wp-json\/wp\/v2\/users\/1"}],"replies":[{"embeddable":true,"href":"https:\/\/www.lirapopular.cl\/lirapopularxix\/wp-json\/wp\/v2\/comments?post=1278"}],"version-history":[{"count":0,"href":"https:\/\/www.lirapopular.cl\/lirapopularxix\/wp-json\/wp\/v2\/pages\/1278\/revisions"}],"wp:attachment":[{"href":"https:\/\/www.lirapopular.cl\/lirapopularxix\/wp-json\/wp\/v2\/media?parent=1278"}],"curies":[{"name":"wp","href":"https:\/\/api.w.org\/{rel}","templated":true}]}}