{"id":12749,"date":"2020-10-19T10:16:46","date_gmt":"2020-10-19T14:16:46","guid":{"rendered":"https:\/\/www.lirapopular.cl\/lirapopularxix\/?page_id=12749"},"modified":"2020-10-19T10:16:46","modified_gmt":"2020-10-19T14:16:46","slug":"drama-de-sangre-en-magallanes","status":"publish","type":"page","link":"https:\/\/www.lirapopular.cl\/lirapopularxix\/drama-de-sangre-en-magallanes\/","title":{"rendered":"DRAMA DE SANGRE EN MAGALLANES<BR>LOS ASESINOS QUE ULTIMARON A UNA MUJER A HACHAZOS"},"content":{"rendered":"\n<div class=\"wp-block-image\"><figure class=\"alignright size-medium\"><a href=\"https:\/\/www.lirapopular.cl\/lirapopularxix\/wp-content\/uploads\/2020\/10\/LO0012383.jpg\"><img decoding=\"async\" src=\"https:\/\/www.lirapopular.cl\/lirapopularxix\/wp-content\/uploads\/2020\/10\/LO0012383-300x198.jpg\" alt=\"\" class=\"wp-image-12750\"\/><\/a><figcaption>Archivo de Literatura Oral<br>Colecci\u00f3n Alamiro de \u00c1vila<\/figcaption><\/figure><\/div>\n\n\n\n<p>Autor: Daniel Meneses. Poeta nacional chileno. Quebrada de M\u00e1rquez N\u00ba 57 <br>Impresor: Imp. y Lit. de G. A. Rohde y Ca.-Valp.<br>Tama\u00f1o: 55 x 39 cm<br>Clasificaci\u00f3n: BN C\u00f3digo: LO0012383<\/p>\n\n\n\n<ul class=\"wp-block-list\"><li><a href=\"https:\/\/www.lirapopular.cl\/lirapopularxix\/2020\/10\/19\/lo-que-vale-la-arjentinadelante-de-la-republicade-chile\/\">Lo que vale la Arjentina delante de la rep\u00fablica de Chile<\/a><\/li><li><a href=\"https:\/\/www.lirapopular.cl\/lirapopularxix\/2020\/10\/19\/versos-de-literatura-34\/\">Versos de literatura<\/a><\/li><li><a href=\"https:\/\/www.lirapopular.cl\/lirapopularxix\/2020\/10\/19\/versos-por-santajenoveva\/\">Versos por santa Jenoveva<\/a><\/li><li><a href=\"https:\/\/www.lirapopular.cl\/lirapopularxix\/2020\/10\/19\/celebre-contrapuntopoliticoentre-don-jerman-riescocon-el-rotito-del-norte\/\">C\u00e9lebre contrapunto p\u00f3litico entre Don Jerman Riesco con el rotito del norte<\/a><\/li><li><a href=\"https:\/\/www.lirapopular.cl\/lirapopularxix\/2020\/10\/19\/drama-de-sangre-enmagallaneslos-asesinos-que-ultimarona-una-mujer-a-hachazos\/\">Drama de sangre en Magallanes. Los asesinos que ultimaron a una mujer a hachazos<\/a><\/li><\/ul>\n\n\n\n<p>Nota: Este ejemplar tiene escrito a mano con l\u00e1piz azul \u201c8\u201d y con plum\u00f3n &#8220;57&#8221;, por el reverso sobre un papel &#8220;6&#8221;.<br>Documento optimizado digitalmente.<\/p>\n","protected":false},"excerpt":{"rendered":"<p>Autor: Daniel Meneses. Poeta nacional chileno. Quebrada de M\u00e1rquez N\u00ba 57 Impresor: Imp. y Lit. de G. A. Rohde y Ca.-Valp.Tama\u00f1o: 55 x 39 cmClasificaci\u00f3n: BN C\u00f3digo: LO0012383 Lo que vale la Arjentina delante de la rep\u00fablica de Chile Versos de literatura Versos por santa Jenoveva C\u00e9lebre contrapunto p\u00f3litico entre Don Jerman Riesco con el [&hellip;]<\/p>\n","protected":false},"author":1,"featured_media":0,"parent":0,"menu_order":0,"comment_status":"closed","ping_status":"closed","template":"","meta":{"footnotes":""},"class_list":["post-12749","page","type-page","status-publish","hentry"],"jetpack_sharing_enabled":true,"_links":{"self":[{"href":"https:\/\/www.lirapopular.cl\/lirapopularxix\/wp-json\/wp\/v2\/pages\/12749","targetHints":{"allow":["GET"]}}],"collection":[{"href":"https:\/\/www.lirapopular.cl\/lirapopularxix\/wp-json\/wp\/v2\/pages"}],"about":[{"href":"https:\/\/www.lirapopular.cl\/lirapopularxix\/wp-json\/wp\/v2\/types\/page"}],"author":[{"embeddable":true,"href":"https:\/\/www.lirapopular.cl\/lirapopularxix\/wp-json\/wp\/v2\/users\/1"}],"replies":[{"embeddable":true,"href":"https:\/\/www.lirapopular.cl\/lirapopularxix\/wp-json\/wp\/v2\/comments?post=12749"}],"version-history":[{"count":0,"href":"https:\/\/www.lirapopular.cl\/lirapopularxix\/wp-json\/wp\/v2\/pages\/12749\/revisions"}],"wp:attachment":[{"href":"https:\/\/www.lirapopular.cl\/lirapopularxix\/wp-json\/wp\/v2\/media?parent=12749"}],"curies":[{"name":"wp","href":"https:\/\/api.w.org\/{rel}","templated":true}]}}